{"id":2222,"date":"2025-09-29T16:20:57","date_gmt":"2025-09-29T14:20:57","guid":{"rendered":"https:\/\/eco-market24.com\/product\/abfallbehaelter-mit-aschenbecher-strasburg-70-l\/"},"modified":"2025-09-29T20:05:21","modified_gmt":"2025-09-29T18:05:21","slug":"abfallbehaelter-mit-aschenbecher-strasburg-70-l","status":"publish","type":"product","link":"https:\/\/eco-market24.com\/de\/produkt\/abfallbehaelter-mit-aschenbecher-strasburg-70-l\/","title":{"rendered":"Abfallbeh\u00e4lter mit Aschenbecher Strasburg 70 L"},"content":{"rendered":"<p>Minimalistischer h\u00f6lzerner Parkm\u00fclleimer \u2013 ideal f\u00fcr Stadt- und Gr\u00fcnfl\u00e4chen<\/p>\n<p>Der M\u00fclleimer Strasburg 70 L mit Aschenbecher verbindet minimalistisches Design mit unbestreitbarer Funktionalit\u00e4t. Seine zeitlose \u00c4sthetik und praktischen L\u00f6sungen machen ihn zur besten Wahl f\u00fcr st\u00e4dtische R\u00e4ume. Der Stadteimer kann erfolgreich in gro\u00dfen Parkbereichen und in der N\u00e4he von Gesch\u00e4ften eingesetzt werden und eignet sich gut an Bus- und Stra\u00dfenbahnhaltestellen. Der Street-M\u00fclleimer ist eine ausgezeichnete Wahl f\u00fcr Fu\u00dfg\u00e4nger- und Fahrtrouten in \u00f6ffentlichen Bereichen, Gehwege, Promenaden, kleine Pl\u00e4tze, Parks und Stadtr\u00e4nder.<\/p>\n<p>Hauptmerkmale<\/p>\n<p>  &#8211; Fassungsverm\u00f6gen: 70 Liter<br \/>\n  &#8211; Farbe: Graphit (RAL 7016)<br \/>\n  &#8211; Konstruktion: 1,2 mm pulverbeschichteter, verzinkter Stahl<br \/>\n  &#8211; Inneneinsatz: verzinkter Stahl, erleichtert das Entleeren und die Wartung<br \/>\n  &#8211; Deckel: abschlie\u00dfbar mit Schl\u00fcssel (Zugang nur f\u00fcr befugtes Personal)<br \/>\n  &#8211; Aschenbecher: integrierter Stahlaschenbecher zur Vermeidung verstreuter Zigarettenstummel<br \/>\n  &#8211; Montage: M\u00f6glichkeit zur Bodenverankerung f\u00fcr maximale Stabilit\u00e4t<br \/>\n  &#8211; Zertifikate: ISO, BV, TUV<\/p>\n<p>Haltbarkeit und Design<br \/>\nDer Street-M\u00fclleimer besteht aus hochwertigen Materialien, die mechanische Festigkeit und Widerstandsf\u00e4higkeit gegen\u00fcber \u00e4u\u00dferen Einfl\u00fcssen gew\u00e4hrleisten. Er verformt sich nicht durch UV-Strahlung, Regen, Schnee oder extreme Temperaturen und ist damit f\u00fcr den Au\u00dfeneinsatz und Bereiche, die anf\u00e4llig f\u00fcr unbeabsichtigte Besch\u00e4digungen sind, geeignet. Glatte Innen- und Au\u00dfenfl\u00e4chen gew\u00e4hrleisten einfache Reinigung, w\u00e4hrend die dezente Graphitfarbe den M\u00fclleimer in die Umgebung einf\u00fcgt, ohne das Erscheinungsbild der Fl\u00e4che negativ zu beeinflussen.<\/p>\n<p>Einsatzbereiche<br \/>\nGeeignet f\u00fcr st\u00e4dtische und gr\u00fcne Bereiche, einschlie\u00dflich Stra\u00dfen, Parkpl\u00e4tze, Umfeld von Gesch\u00e4ften, Bus- und Stra\u00dfenbahnhaltestellen, Gehwege, Promenaden, kleine Pl\u00e4tze, Parks und Stadtr\u00e4nder.<\/p>\n","protected":false},"excerpt":{"rendered":"<p>Minimalistischer Holz-Parkm\u00fclleimer, ideal f\u00fcr st\u00e4dtische und Gr\u00fcnfl\u00e4chen. Der Strasburg 70\u2011L-M\u00fclleimer mit Aschenbecher verbindet zeitlose \u00c4sthetik mit verl\u00e4sslicher Funktionalit\u00e4t und ist die perfekte Wahl f\u00fcr urbane R\u00e4ume.<\/p>\n","protected":false},"featured_media":2355,"comment_status":"open","ping_status":"closed","template":"","meta":[],"product_brand":[],"product_cat":[168],"product_tag":[],"class_list":{"0":"post-2222","1":"product","2":"type-product","3":"status-publish","4":"has-post-thumbnail","6":"product_cat-strasen-und-parkabfallbehalter","8":"first","9":"instock","10":"taxable","11":"shipping-taxable","12":"purchasable","13":"product-type-simple"},"_links":{"self":[{"href":"https:\/\/eco-market24.com\/de\/wp-json\/wp\/v2\/product\/2222","targetHints":{"allow":["GET"]}}],"collection":[{"href":"https:\/\/eco-market24.com\/de\/wp-json\/wp\/v2\/product"}],"about":[{"href":"https:\/\/eco-market24.com\/de\/wp-json\/wp\/v2\/types\/product"}],"replies":[{"embeddable":true,"href":"https:\/\/eco-market24.com\/de\/wp-json\/wp\/v2\/comments?post=2222"}],"wp:featuredmedia":[{"embeddable":true,"href":"https:\/\/eco-market24.com\/de\/wp-json\/wp\/v2\/media\/2355"}],"wp:attachment":[{"href":"https:\/\/eco-market24.com\/de\/wp-json\/wp\/v2\/media?parent=2222"}],"wp:term":[{"taxonomy":"product_brand","embeddable":true,"href":"https:\/\/eco-market24.com\/de\/wp-json\/wp\/v2\/product_brand?post=2222"},{"taxonomy":"product_cat","embeddable":true,"href":"https:\/\/eco-market24.com\/de\/wp-json\/wp\/v2\/product_cat?post=2222"},{"taxonomy":"product_tag","embeddable":true,"href":"https:\/\/eco-market24.com\/de\/wp-json\/wp\/v2\/product_tag?post=2222"}],"curies":[{"name":"wp","href":"https:\/\/api.w.org\/{rel}","templated":true}]}}