{"id":2236,"date":"2025-09-29T16:20:54","date_gmt":"2025-09-29T14:20:54","guid":{"rendered":"https:\/\/eco-market24.com\/product\/abfallbehaelter-an-pfosten-monaco-40-l\/"},"modified":"2025-09-29T20:05:29","modified_gmt":"2025-09-29T18:05:29","slug":"abfallbehaelter-an-pfosten-monaco-40-l","status":"publish","type":"product","link":"https:\/\/eco-market24.com\/de\/produkt\/abfallbehaelter-an-pfosten-monaco-40-l\/","title":{"rendered":"Abfallbeh\u00e4lter an Pfosten Monaco 40 l"},"content":{"rendered":"<p>M\u00fclleimer \u201eBin Street\u201c auf Pfosten \u2014 Monaco 40 L<\/p>\n<p>Der M\u00fclleimer \u201eBin Street\u201c auf Pfosten Monaco 40 L vereint Eleganz und hohe Qualit\u00e4t, ideal f\u00fcr st\u00e4dtische \u00f6ffentliche R\u00e4ume und kleinteilige Stadtm\u00f6blierung. Er eignet sich perfekt f\u00fcr Orte mit hoher Fu\u00dfg\u00e4ngerfrequenz wie Haltestellen, Verkehrsknotenpunkte, Bahnh\u00f6fe, Parks, Pl\u00e4tze, B\u00fcrogeb\u00e4ude, \u00f6ffentliche \u00c4mter und Wohnanlagen.<\/p>\n<p>Hauptmerkmale<\/p>\n<p>Kapazit\u00e4t: 40 Liter<br \/>\nMaterial: 1,5 mm pulverbeschichteter, verzinkter Stahl<br \/>\nFarbe: Graphit (RAL 7016)<br \/>\nZertifikate: ISO, BV, T\u00dcV<br \/>\nMontage: Pfostenmontage; am Boden verschraubt<br \/>\nLanglebigkeit: Sehr widerstandsf\u00e4hig gegen mechanische Besch\u00e4digungen und widrige Witterungseinfl\u00fcsse (UV, Regen, Schnee, extreme Temperaturen)<\/p>\n<p>Design und Praktikabilit\u00e4t<\/p>\n<p>Gro\u00dfe Einwurf\u00f6ffnung mit abnehmbarem Deckel, der vor Wind und Niederschlag sch\u00fctzt und einfaches Entleeren erm\u00f6glicht<br \/>\nInnenliegender Einsatz aus verzinktem Blech f\u00fcr einfacheres Entleeren und Reinigen<br \/>\nMit Schl\u00fcssel abschlie\u00dfbarer Deckel zum Schutz vor unbefugtem Zugriff<br \/>\nRobuste, pflegeleichte Oberfl\u00e4che mit elegantem, zeitlosem Erscheinungsbild, das sich gut in die Stadtarchitektur einf\u00fcgt<br \/>\nStabil trotz geringem Gewicht durch dauerhafte Bodensicherung<\/p>\n","protected":false},"excerpt":{"rendered":"<p>Der Abfallbeh\u00e4lter Bin Street am Pfosten Monaco 40 L vereint elegantes Design und hohe Langlebigkeit und ist damit ideal f\u00fcr st\u00e4dtische \u00f6ffentliche R\u00e4ume und Gr\u00fcnanlagen \u2013 er f\u00fcgt sich perfekt in kleinskalige Architektur ein.<\/p>\n","protected":false},"featured_media":2368,"comment_status":"open","ping_status":"closed","template":"","meta":[],"product_brand":[],"product_cat":[168],"product_tag":[],"class_list":{"0":"post-2236","1":"product","2":"type-product","3":"status-publish","4":"has-post-thumbnail","6":"product_cat-strasen-und-parkabfallbehalter","8":"first","9":"instock","10":"taxable","11":"shipping-taxable","12":"purchasable","13":"product-type-simple"},"_links":{"self":[{"href":"https:\/\/eco-market24.com\/de\/wp-json\/wp\/v2\/product\/2236","targetHints":{"allow":["GET"]}}],"collection":[{"href":"https:\/\/eco-market24.com\/de\/wp-json\/wp\/v2\/product"}],"about":[{"href":"https:\/\/eco-market24.com\/de\/wp-json\/wp\/v2\/types\/product"}],"replies":[{"embeddable":true,"href":"https:\/\/eco-market24.com\/de\/wp-json\/wp\/v2\/comments?post=2236"}],"wp:featuredmedia":[{"embeddable":true,"href":"https:\/\/eco-market24.com\/de\/wp-json\/wp\/v2\/media\/2368"}],"wp:attachment":[{"href":"https:\/\/eco-market24.com\/de\/wp-json\/wp\/v2\/media?parent=2236"}],"wp:term":[{"taxonomy":"product_brand","embeddable":true,"href":"https:\/\/eco-market24.com\/de\/wp-json\/wp\/v2\/product_brand?post=2236"},{"taxonomy":"product_cat","embeddable":true,"href":"https:\/\/eco-market24.com\/de\/wp-json\/wp\/v2\/product_cat?post=2236"},{"taxonomy":"product_tag","embeddable":true,"href":"https:\/\/eco-market24.com\/de\/wp-json\/wp\/v2\/product_tag?post=2236"}],"curies":[{"name":"wp","href":"https:\/\/api.w.org\/{rel}","templated":true}]}}