{"id":2244,"date":"2025-09-29T16:20:53","date_gmt":"2025-09-29T14:20:53","guid":{"rendered":"https:\/\/eco-market24.com\/product\/recyclingbehaelter-3-fach-eco-smart-3-x-30-l\/"},"modified":"2025-09-29T20:05:33","modified_gmt":"2025-09-29T18:05:33","slug":"recyclingbehaelter-3-fach-eco-smart-3-x-30-l","status":"publish","type":"product","link":"https:\/\/eco-market24.com\/de\/produkt\/recyclingbehaelter-3-fach-eco-smart-3-x-30-l\/","title":{"rendered":"Recyclingbeh\u00e4lter, 3-fach Eco Smart, 3 \u00d7 30 l"},"content":{"rendered":"<p>Dreifach-Komponenten-Recyclingbeh\u00e4lter f\u00fcr den Einsatz in der Stadt, in Parks und auf Firmengel\u00e4nden<\/p>\n<p>\u00dcberblick<br \/>\nDer dreiteilige Eco-Smart-Recyclingbeh\u00e4lter 3 \u00d7 30 L ist eine essenzielle L\u00f6sung \u00fcberall dort, wo Sauberkeit und Umweltschutz wichtig sind. Ideal f\u00fcr Stadtzentren, Wohnanlagen, Parks, Spielpl\u00e4tze, Firmengel\u00e4nde, Einkaufszentren und Universit\u00e4tscampusse. Wetterbest\u00e4ndig und langlebig, kann der schmale Au\u00dfenbeh\u00e4lter das ganze Jahr \u00fcber genutzt werden, um \u00f6ffentliche Fl\u00e4chen sauber zu halten.<\/p>\n<p>Erscheinungsbild und Verarbeitung<br \/>\nDer Beh\u00e4lter ist in Graphit (RAL 7016) ausgef\u00fchrt. Er verf\u00fcgt \u00fcber drei Kammern zu je 30 Litern und ist mit verzinkten Inneneimern ausgestattet. Jedes Modul ist mit einem Aufkleber zur Kennzeichnung der Abfallfraktion versehen. Die Produktqualit\u00e4t wird durch ISO-, BV- und TUV-Zertifikate best\u00e4tigt.<\/p>\n<p>Stahlkonstruktion \u2014 St\u00e4rke und zeitlose Eleganz<br \/>\nHergestellt aus 1,5 mm pulverbeschichtetem, verzinktem Stahl ist der Beh\u00e4lter extrem langlebig und widerstandsf\u00e4hig, ideal f\u00fcr den Au\u00dfeneinsatz bei unterschiedlichen Witterungsbedingungen. Verzinkter Stahl bietet au\u00dfergew\u00f6hnliche Korrosionsbest\u00e4ndigkeit, und die Pulverbeschichtung verbessert die Oberfl\u00e4chenhaltbarkeit, sch\u00fctzt vor Kratzern, UV-Strahlung und anderen \u00e4u\u00dferen Einfl\u00fcssen.<br \/>\nDie pulverbeschichtete Graphitoberfl\u00e4che verleiht ein zeitloses, neutrales und unaufdringliches Erscheinungsbild, das sich gut in verschiedene Gestaltungskonzepte \u00f6ffentlicher R\u00e4ume einf\u00fcgt und sowohl f\u00fcr moderne als auch klassische Umgebungen geeignet ist.<\/p>\n<p>Praktische Merkmale<br \/>\nDer Beh\u00e4lter bietet gro\u00dfe Einwurfschlitze f\u00fcr bequemes Entsorgen und verzinkte Inneneimer, die \u00fcber verschlie\u00dfbare Seitent\u00fcren (beidseitig) zug\u00e4nglich sind. Er ist deutlich gekennzeichnet; Aufkleber f\u00fcr Fraktionsnamen in Standardfarben sind zur Selbstanbringung enthalten. Der Kunde kann 3 von 4 Typen w\u00e4hlen: Restm\u00fcll, Plastik, Papier, Glas.<\/p>\n<p>Wesentliche Informationen<\/p>\n<p>  Kapazit\u00e4t: 3 \u00d7 30 Liter<br \/>\n  Zertifikate: ISO, BV, TUV<br \/>\n  Geh\u00e4use: 1,5 mm pulverbeschichteter, verzinkter Stahl<br \/>\n  Farbe: Graphit (RAL 7016)<br \/>\n  Inneneimer: verzinkt<br \/>\n  Einwurf\u00f6ffnungen: 3<br \/>\n  T\u00fcren: 2 verschlie\u00dfbare Seitent\u00fcren<br \/>\n  Beschriftung: Aufkleber zur Kennzeichnung der Sorten (inklusive)<br \/>\n  Montage: Bodenausf\u00fchrung zur Befestigung durch Verschraubung<\/p>\n","protected":false},"excerpt":{"rendered":"<p>Drei-Fach-Recyclingbeh\u00e4lter f\u00fcr den Einsatz in St\u00e4dten, Parks und auf Firmengel\u00e4nden. Der Eco Smart 3 \u00d7 30 l ist eine unverzichtbare L\u00f6sung dort, wo Sauberkeit und Umweltschutz z\u00e4hlen.<\/p>\n","protected":false},"featured_media":2375,"comment_status":"open","ping_status":"closed","template":"","meta":[],"product_brand":[],"product_cat":[70],"product_tag":[],"class_list":{"0":"post-2244","1":"product","2":"type-product","3":"status-publish","4":"has-post-thumbnail","6":"product_cat-waste-containers","8":"first","9":"instock","10":"taxable","11":"shipping-taxable","12":"purchasable","13":"product-type-simple"},"_links":{"self":[{"href":"https:\/\/eco-market24.com\/de\/wp-json\/wp\/v2\/product\/2244","targetHints":{"allow":["GET"]}}],"collection":[{"href":"https:\/\/eco-market24.com\/de\/wp-json\/wp\/v2\/product"}],"about":[{"href":"https:\/\/eco-market24.com\/de\/wp-json\/wp\/v2\/types\/product"}],"replies":[{"embeddable":true,"href":"https:\/\/eco-market24.com\/de\/wp-json\/wp\/v2\/comments?post=2244"}],"wp:featuredmedia":[{"embeddable":true,"href":"https:\/\/eco-market24.com\/de\/wp-json\/wp\/v2\/media\/2375"}],"wp:attachment":[{"href":"https:\/\/eco-market24.com\/de\/wp-json\/wp\/v2\/media?parent=2244"}],"wp:term":[{"taxonomy":"product_brand","embeddable":true,"href":"https:\/\/eco-market24.com\/de\/wp-json\/wp\/v2\/product_brand?post=2244"},{"taxonomy":"product_cat","embeddable":true,"href":"https:\/\/eco-market24.com\/de\/wp-json\/wp\/v2\/product_cat?post=2244"},{"taxonomy":"product_tag","embeddable":true,"href":"https:\/\/eco-market24.com\/de\/wp-json\/wp\/v2\/product_tag?post=2244"}],"curies":[{"name":"wp","href":"https:\/\/api.w.org\/{rel}","templated":true}]}}