{"id":385,"date":"2025-09-28T17:45:10","date_gmt":"2025-09-28T15:45:10","guid":{"rendered":"https:\/\/eco-market24.com\/product\/1100l-blue-waste-container-ese\/"},"modified":"2025-09-30T16:06:10","modified_gmt":"2025-09-30T14:06:10","slug":"1100l-blue-waste-container-ese","status":"publish","type":"product","link":"https:\/\/eco-market24.com\/de\/produkt\/1100l-blue-waste-container-ese\/","title":{"rendered":"1100 l blauer Abfallbeh\u00e4lter ESE"},"content":{"rendered":"\n<p>Container, der der EU-Norm PN-EN 840 entspricht<\/p>\n\n<p>Best\u00e4tigung der h\u00f6chsten Best\u00e4ndigkeit gegen\u00fcber Umwelteinfl\u00fcssen des 1100\u2011l\u2011Restabfallbeh\u00e4lters der Marke ESE ist die Kennzeichnung mit dem G\u00fctezeichen RAL\u2011GZ 951\/1 und die Einhaltung der EU\u2011Norm PN\u2011EN 840. Der Beh\u00e4lter verf\u00fcgt \u00fcber Zertifizierungen, die die Einhaltung der L\u00e4rmschutzanforderungen garantieren, und ist mit dem CE\u2011Zeichen gekennzeichnet.<\/p>\n\n<p>Der 1100\u2011L ESE\u2011Markenbeh\u00e4lter ist der langlebigste, \u00e4sthetischste und funktionalste kommunale Abfallbeh\u00e4lter auf dem Markt. Der Beh\u00e4lter ist mit einem flachen Deckel und einem praktischen, ger\u00e4uscharmen Gummiradsystem mit einem Durchmesser von 20 cm ausgestattet, zudem mit zus\u00e4tzlicher Verst\u00e4rkungsabdeckung und Bremsen an den Vorderr\u00e4dern. Dank dessen ist er einfach zu bedienen und zu bewegen.<\/p>\n\n<p>4-r\u00e4driger Abfallbeh\u00e4lter 1100 l ESE<\/p>\n\n<p>Die Lagerung von Industrie- und Kommunalabf\u00e4llen erfordert den Einsatz geeigneter Beh\u00e4lter, die langlebig sind, aus dickem, verformungsbest\u00e4ndigem Material gefertigt und sich leicht entleeren und bewegen lassen. Der kommunale Abfallbeh\u00e4lter ESE 1100 L bietet Vorteile, die ihn in Bezug auf Qualit\u00e4t und Haltbarkeit auszeichnen.<\/p>\n\n<p>Der MGB-Beh\u00e4lter besteht aus robustem, hochdichtem HDPE-Kunststoff, ist UV-best\u00e4ndig und vertr\u00e4gt einen weiten Temperaturbereich. Dadurch kann der 1100L-M\u00fcllcontainer bei jedem Wetter im Freien gelagert werden. Zus\u00e4tzlich garantiert der zur Herstellung des ESE 1100L-M\u00fcllcontainers verwendete hochdichte Kunststoff die Farbkraft.<\/p>\n\n<p>Der 1100\u2011l\u2011ESE\u2011Beh\u00e4lter zeichnet sich durch seine Best\u00e4ndigkeit gegen\u00fcber chemischen Stoffen aus. Dadurch eignet er sich zur Aufbewahrung von kommunalen und industriellen Abf\u00e4llen, die R\u00fcckst\u00e4nde von Reinigungsmitteln oder anderen Pr\u00e4paraten enthalten. Der Beh\u00e4lter reagiert nicht mit Chemikalien und verformt sich nicht.<\/p>\n\n<p>Anpassung des Beh\u00e4lters an Kamm-Entlademechanismen<\/p>\n\n<p>Der MGB 1100\u2011L-Abfallbeh\u00e4lter ist sowohl f\u00fcr die Kamm-Entleerung als auch f\u00fcr die DIN\u2011Entleerung ausgelegt. ESE-st\u00e4dtische Abfallbeh\u00e4lter sind f\u00fcr die Entleerung durch alle \u00fcblichen M\u00fcllfahrzeuge in Polen ausgelegt.<\/p>\n\n<p>Das Nenngewicht des ESE 1100\u2011L\u2011Beh\u00e4lters betr\u00e4gt 510 kg und ist das h\u00f6chste Nennbeladungsgewicht f\u00fcr einen 1100\u2011L\u2011Beh\u00e4lter unter allen auf dem polnischen und europ\u00e4ischen Markt erh\u00e4ltlichen kommunalen Abfallbeh\u00e4ltern. Erneut versuchen<\/p>\n\n<p><\/p>\n","protected":false},"excerpt":{"rendered":"<ul>\n<li class=\"whitespace-normal break-words\"><strong>PE\u2011HD-Material<\/strong> \u2013 UV-best\u00e4ndig und gro\u00dfer Temperaturbereich, ideal f\u00fcr den Au\u00dfeneinsatz<\/li>\n<li class=\"whitespace-normal break-words\"><strong>Nennkapazit\u00e4t bis zu 510 kg<\/strong> \u2013 die h\u00f6chste unter 1100 l Beh\u00e4ltern auf dem europ\u00e4ischen Markt<\/li>\n<li class=\"whitespace-normal break-words\"><strong>Gummiradsystem \u00d8 20 cm mit Bremsen und verst\u00e4rkten Abdeckungen<\/strong> \u2013 leiser und einfacher Transport<\/li>\n<li class=\"whitespace-normal break-words\"><strong>Verst\u00e4rkte Konstruktion mit Metalleins\u00e4tzen in den Seitenbolzen und ergonomischen Griffen<\/strong><\/li>\n<li class=\"whitespace-normal break-words\"><strong>Kompatibel mit M\u00fcllwagen<\/strong> \u2013 angepasst an Kamm- und DIN-Aussch\u00fcttsysteme<\/li>\n<li class=\"whitespace-normal break-words\"><strong>Vollst\u00e4ndige Sortierfarbpalette<\/strong> \u2013 schwarz, blau, gelb, gr\u00fcn, braun, rot<\/li>\n<li class=\"whitespace-normal break-words\"><strong>Qualit\u00e4tszertifikate<\/strong> \u2013 entspricht der Norm PN-EN 840 und dem RAL\u2011GZ 951\/1, CE-zertifiziert<\/li>\n<\/ul>\n","protected":false},"featured_media":155,"comment_status":"open","ping_status":"closed","template":"","meta":[],"product_brand":[77],"product_cat":[147,146],"product_tag":[],"class_list":{"0":"post-385","1":"product","2":"type-product","3":"status-publish","4":"has-post-thumbnail","6":"product_brand-ese","7":"product_cat-4-rad-abfallbehalter-1100l","8":"product_cat-abfallbehalter","10":"first","11":"instock","12":"taxable","13":"shipping-taxable","14":"purchasable","15":"product-type-simple"},"_links":{"self":[{"href":"https:\/\/eco-market24.com\/de\/wp-json\/wp\/v2\/product\/385","targetHints":{"allow":["GET"]}}],"collection":[{"href":"https:\/\/eco-market24.com\/de\/wp-json\/wp\/v2\/product"}],"about":[{"href":"https:\/\/eco-market24.com\/de\/wp-json\/wp\/v2\/types\/product"}],"replies":[{"embeddable":true,"href":"https:\/\/eco-market24.com\/de\/wp-json\/wp\/v2\/comments?post=385"}],"wp:featuredmedia":[{"embeddable":true,"href":"https:\/\/eco-market24.com\/de\/wp-json\/wp\/v2\/media\/155"}],"wp:attachment":[{"href":"https:\/\/eco-market24.com\/de\/wp-json\/wp\/v2\/media?parent=385"}],"wp:term":[{"taxonomy":"product_brand","embeddable":true,"href":"https:\/\/eco-market24.com\/de\/wp-json\/wp\/v2\/product_brand?post=385"},{"taxonomy":"product_cat","embeddable":true,"href":"https:\/\/eco-market24.com\/de\/wp-json\/wp\/v2\/product_cat?post=385"},{"taxonomy":"product_tag","embeddable":true,"href":"https:\/\/eco-market24.com\/de\/wp-json\/wp\/v2\/product_tag?post=385"}],"curies":[{"name":"wp","href":"https:\/\/api.w.org\/{rel}","templated":true}]}}