{"id":386,"date":"2025-09-28T18:40:02","date_gmt":"2025-09-28T16:40:02","guid":{"rendered":"https:\/\/eco-market24.com\/product\/1100l-green-waste-container-ese\/"},"modified":"2025-09-28T20:27:36","modified_gmt":"2025-09-28T18:27:36","slug":"1100l-green-waste-container-ese","status":"publish","type":"product","link":"https:\/\/eco-market24.com\/de\/produkt\/1100l-green-waste-container-ese\/","title":{"rendered":"1100-l gr\u00fcner Abfallbeh\u00e4lter ESE"},"content":{"rendered":"\n<p>Hier ist die englische \u00dcbersetzung:<\/p>\n\n<p>ESE-Container mit RAL\u2011GZ 951\/1-Qualit\u00e4tszeichen<\/p>\n\n<p>Die Best\u00e4tigung der h\u00f6chsten Qualit\u00e4t der kommunalen Abfallbeh\u00e4lter der Marke ESE und ihrer Best\u00e4ndigkeit gegen\u00fcber \u00e4u\u00dferen Umwelteinfl\u00fcssen ist ihre Kennzeichnung mit dem Qualit\u00e4tszeichen RAL-GZ951\/1 und die \u00dcbereinstimmung mit der EU-Norm PN-EN 840. Die Beh\u00e4lter der Marke ESE sind mit dem CE-Zeichen versehen und verf\u00fcgen \u00fcber Zertifikate, die die Erf\u00fcllung der Anforderungen an den Schallschutz garantieren.<\/p>\n\n<p>Der gr\u00fcne 1100\u2011L\u2011Container der deutschen Marke ESE ist die funktionalste, langlebigste und zugleich \u00e4sthetischste Abfallbeh\u00e4lterl\u00f6sung f\u00fcr den Au\u00dfenbereich auf dem polnischen Markt. Der ESE\u2011Container verf\u00fcgt \u00fcber einen flachen, leichten Deckel sowie einen praktischen Satz aus vier Gummir\u00e4dern mit zus\u00e4tzlicher Verst\u00e4rkungsabdeckung und Bremsen an den vorderen R\u00e4dern, was ihn einfach zu handhaben und beim Transport leise macht.<\/p>\n\n<p>Hohe Qualit\u00e4t des ESE\u2011Marken 1100\u2011l\u2011Abfallbeh\u00e4lters<\/p>\n\n<p>Die Trennung von Industrieabf\u00e4llen in einem Unternehmen erfordert den Einsatz professioneller Beh\u00e4lter, die h\u00e4ufigem Gebrauch und Beanspruchung standhalten. MGB-Beh\u00e4lter sollten aus dickem, besch\u00e4digungsbest\u00e4ndigem Material gefertigt sein und sich zudem leicht transportieren und entleeren lassen.<\/p>\n\n<p>Die kommunalen Abfallbeh\u00e4lter der deutschen Marke ESE zeichnen sich durch hohe Qualit\u00e4t und Langlebigkeit aus und unterscheiden sich damit von anderen Beh\u00e4ltern.<\/p>\n\n<ul class=\"wp-block-list\">\n<li>ESE-Beh\u00e4lter bestehen aus hochdichtem PE-HD-Material, wodurch die gesamte Beh\u00e4lterkonstruktion \u2013 W\u00e4nde, Boden und Deckel \u2013 gegen Verformung und Dellen best\u00e4ndig ist.<\/li>\n\n\n\n<li>Die Beh\u00e4lter sind lichtbest\u00e4ndig und weisen eine hohe Toleranz gegen\u00fcber niedrigen und hohen Temperaturen auf. Die 1100\u2011l kommunalen Abfallbeh\u00e4lter sind f\u00fcr die Abfalltrennung im Freien bei allen Witterungsbedingungen ausgelegt.<\/li>\n\n\n\n<li>Das f\u00fcr die Herstellung der ESE 1100L\u2011Beh\u00e4lter verwendete hochdichte Polyethylen gew\u00e4hrleistet die Erhaltung der Intensit\u00e4t der gr\u00fcnen Farbe.<\/li>\n\n\n\n<li>ESE-Abfallbeh\u00e4lter zeichnen sich au\u00dferdem durch ihre Best\u00e4ndigkeit gegen\u00fcber den in ihnen gelagerten Chemikalien aus. Sie eignen sich zur Trennung von Nachproduktionsabf\u00e4llen, die R\u00fcckst\u00e4nde von Reinigungsmitteln oder \u00e4hnlichen Stoffen enthalten k\u00f6nnen, die als gef\u00e4hrlich gelten.<\/li>\n<\/ul>\n\n<p>ESE-Beh\u00e4lter f\u00fcr Kammentladung angepasst<\/p>\n\n<p>Die 1100\u2011l\u2011Kommunalabfallbeh\u00e4lter der Marke ESE sind sowohl f\u00fcr die Entleerung mittels Kammmechanismus als auch f\u00fcr die DIN\u2011Entleerung ausgelegt. Der MGB\u2011Container von ESE l\u00e4sst sich von allen in Polen eingesetzten M\u00fcllfahrzeugen problemlos entleeren.<\/p>\n\n<p>Das Nenngewicht von ESE-Containern mit 1100\u2011l-Fassungsverm\u00f6gen betr\u00e4gt 510 kg und ist damit das h\u00f6chste m\u00f6gliche Nennbeladungsgewicht f\u00fcr 1100\u2011l-Container unter allen Kunststoff-Industrieabfallcontainern.<\/p>\n\n<p><\/p>\n","protected":false},"excerpt":{"rendered":"<ul>\n<li class=\"whitespace-normal break-words\"><strong>Robustes PE-HD-Material<\/strong> \u2013 UV-best\u00e4ndig und gro\u00dfer Temperaturbereich, ideal f\u00fcr den Au\u00dfeneinsatz<\/li>\n<li class=\"whitespace-normal break-words\"><strong>Nennkapazit\u00e4t bis zu 510 kg<\/strong> \u2013 die h\u00f6chste unter 1100\u2011L-Beh\u00e4ltern auf dem europ\u00e4ischen Markt<\/li>\n<li class=\"whitespace-normal break-words\"><strong>Gummiradsystem \u00d8 20 cm mit Bremsen und verst\u00e4rkten Abdeckungen<\/strong> \u2013 leiser und einfacher Transport<\/li>\n<li class=\"whitespace-normal break-words\"><strong>Verst\u00e4rkte Konstruktion mit Metalleins\u00e4tzen in den Seitenbolzen und ergonomischen Griffen<\/strong><\/li>\n<li class=\"whitespace-normal break-words\"><strong>Kompatibel mit M\u00fcllfahrzeugen<\/strong> \u2013 angepasst f\u00fcr Kamm- und DIN-Austragsysteme<\/li>\n<li class=\"whitespace-normal break-words\"><strong>Komplette Farbauswahl f\u00fcr M\u00fclltrennung<\/strong> \u2013 schwarz, blau, gelb, gr\u00fcn, braun, rot<\/li>\n<li class=\"whitespace-normal break-words\"><strong>Qualit\u00e4tszertifikate<\/strong> \u2013 entspricht der Norm PN-EN 840 und der RAL-GZ 951\/1 Kennzeichnung, CE-zertifiziert<\/li>\n<\/ul>\n","protected":false},"featured_media":336,"comment_status":"open","ping_status":"closed","template":"","meta":[],"product_brand":[77],"product_cat":[147,146],"product_tag":[],"class_list":{"0":"post-386","1":"product","2":"type-product","3":"status-publish","4":"has-post-thumbnail","6":"product_brand-ese","7":"product_cat-4-rad-abfallbehalter-1100l","8":"product_cat-abfallbehalter","10":"first","11":"instock","12":"taxable","13":"shipping-taxable","14":"purchasable","15":"product-type-simple"},"_links":{"self":[{"href":"https:\/\/eco-market24.com\/de\/wp-json\/wp\/v2\/product\/386","targetHints":{"allow":["GET"]}}],"collection":[{"href":"https:\/\/eco-market24.com\/de\/wp-json\/wp\/v2\/product"}],"about":[{"href":"https:\/\/eco-market24.com\/de\/wp-json\/wp\/v2\/types\/product"}],"replies":[{"embeddable":true,"href":"https:\/\/eco-market24.com\/de\/wp-json\/wp\/v2\/comments?post=386"}],"wp:featuredmedia":[{"embeddable":true,"href":"https:\/\/eco-market24.com\/de\/wp-json\/wp\/v2\/media\/336"}],"wp:attachment":[{"href":"https:\/\/eco-market24.com\/de\/wp-json\/wp\/v2\/media?parent=386"}],"wp:term":[{"taxonomy":"product_brand","embeddable":true,"href":"https:\/\/eco-market24.com\/de\/wp-json\/wp\/v2\/product_brand?post=386"},{"taxonomy":"product_cat","embeddable":true,"href":"https:\/\/eco-market24.com\/de\/wp-json\/wp\/v2\/product_cat?post=386"},{"taxonomy":"product_tag","embeddable":true,"href":"https:\/\/eco-market24.com\/de\/wp-json\/wp\/v2\/product_tag?post=386"}],"curies":[{"name":"wp","href":"https:\/\/api.w.org\/{rel}","templated":true}]}}