{"id":387,"date":"2025-09-28T18:40:00","date_gmt":"2025-09-28T16:40:00","guid":{"rendered":"https:\/\/eco-market24.com\/product\/1100l-brown-waste-container-ese\/"},"modified":"2025-09-30T16:06:06","modified_gmt":"2025-09-30T14:06:06","slug":"1100l-brown-waste-container-ese","status":"publish","type":"product","link":"https:\/\/eco-market24.com\/de\/produkt\/1100l-brown-waste-container-ese\/","title":{"rendered":"1100 l brauner Abfallbeh\u00e4lter OSO"},"content":{"rendered":"\n<p>1100\u2011L-Container mit RAL\u2011GZ\u202f951\/1-Qualit\u00e4tsstandard<\/p>\n\n<p>Die Best\u00e4tigung der h\u00f6chsten Qualit\u00e4t der ESE-Kommunalm\u00fcllbeh\u00e4lter und ihrer Best\u00e4ndigkeit gegen\u00fcber Umwelteinfl\u00fcssen ist ihre Kennzeichnung mit dem weltweit h\u00f6chsten Qualit\u00e4tsstandard RAL-GZ951\/1 sowie die Zertifizierung gem\u00e4\u00df der Norm PN-EN 840. ESE-Markenbeh\u00e4lter sind mit dem CE-Zeichen versehen und erf\u00fcllen alle derzeit geltenden europ\u00e4ischen und nationalen Normen.<\/p>\n\n<p>Der braune MGB-Container der deutschen Marke ESE ist ein langlebiger und zugleich umweltfreundlicher Container, da er aus recycelbarem Material hergestellt wird.<\/p>\n\n<p>Der MGB 1100-Container hat einen flachen, sicheren Deckel und vier R\u00e4der mit verst\u00e4rkter Abdeckung sowie Bremsen an den beiden Vorderr\u00e4dern, wodurch der Container einfach zu entleeren, zu transportieren ist und den Gesundheits- und Sicherheitsvorschriften entspricht. Au\u00dferdem verf\u00fcgt der Container \u00fcber eine Ablauf\u00f6ffnung am Boden, die mit einem Stopfen gesichert ist und den freien Abfluss fl\u00fcssiger Abf\u00e4lle erm\u00f6glicht.<\/p>\n\n<p>Garantie h\u00f6chster Qualit\u00e4t \u2014 ESE 1100L-Abfallbeh\u00e4lter<\/p>\n\n<p>Die Trennung biologisch abbaubarer Abf\u00e4lle in einem Unternehmen erfordert den Einsatz professioneller Beh\u00e4lter, die h\u00e4ufigem Gebrauch und mehrj\u00e4hriger Nutzung standhalten. ESE-Beh\u00e4lter bestehen aus sto\u00dffestem Material, haben eine verst\u00e4rkte Geh\u00e4usekonstruktion und eine glatte Oberfl\u00e4che, die Wartung und Sauberhalten des Beh\u00e4lters erleichtert.<\/p>\n\n<p>Deutsche ESE-Abfallbeh\u00e4lter haben Merkmale, die sie in puncto Qualit\u00e4t und Zuverl\u00e4ssigkeit von anderen MGB-Beh\u00e4ltern unterscheiden.<\/p>\n\n<ul class=\"wp-block-list\">\n<li>ESE-Beh\u00e4lter bestehen aus hochdichtem HDPE-Material, wodurch der gesamte Beh\u00e4lterk\u00f6rper \u2013 R\u00fcck- und Vorderwand sowie der Boden \u2013 verformungsbest\u00e4ndig ist.<\/li>\n\n\n\n<li>Der 1100\u2011l-Abfallbeh\u00e4lter der Marke ESE erlaubt eine Nennbeladung von bis zu 510 kg und damit die h\u00f6chste m\u00f6gliche Nennbeladung aller 1100\u2011l-Kunststoffbeh\u00e4lter f\u00fcr kommunale Abf\u00e4lle.<\/li>\n\n\n\n<li>1100\u2011L-Container sind hochbest\u00e4ndig gegen UV-Strahlung und Frost. Die 1100\u2011L-Abfallbeh\u00e4lter sind f\u00fcr die Abfalltrennung im Freien bei allen Witterungsbedingungen ausgelegt.<\/li>\n\n\n\n<li>Das Kunststoffmaterial, aus dem der ESE-Abfallbeh\u00e4lter hergestellt wird, kann recycelt werden. ESE-Abfallbeh\u00e4lter sind umweltvertr\u00e4glich.<\/li>\n\n\n\n<li>Abfallbeh\u00e4lter der Marke ESE zeichnen sich durch ihre Best\u00e4ndigkeit gegen\u00fcber chemischen Stoffen aus.<\/li>\n<\/ul>\n\n<p>MGB-Container, angepasst f\u00fcr Kammentladung<\/p>\n\n<p>Vier-Rad-Container mit flachen Deckeln der Marke ESE k\u00f6nnen von M\u00fcllfahrzeugen mit seitlicher, vorderer und hinterer Entleerung entleert werden. Die Container sind mit seitlichen Bolzen versehen, wodurch sie f\u00fcr die mechanische Entleerung an jeder Seite des Containers geeignet sind.<\/p>\n\n<p>Die Container entsprechen den DIN-Anforderungen und k\u00f6nnen mit dem Kammverfahren entladen werden. Erneut versuchen<\/p>\n","protected":false},"excerpt":{"rendered":"<ul>\n<li class=\"whitespace-normal break-words\"><strong>Robustes PE-HD-Material<\/strong> \u2013 UV-best\u00e4ndig und gro\u00dfer Temperaturbereich, ideal f\u00fcr den Au\u00dfeneinsatz<\/li>\n<li class=\"whitespace-normal break-words\"><strong>Nennkapazit\u00e4t bis zu 510 kg<\/strong> \u2013 die h\u00f6chste unter 1100\u2011l-Containern auf dem europ\u00e4ischen Markt<\/li>\n<li class=\"whitespace-normal break-words\"><strong>Gummiradsystem \u00d8 20 cm mit Bremsen und verst\u00e4rkten Abdeckungen<\/strong> \u2013 leiser und einfacher Transport<\/li>\n<li class=\"whitespace-normal break-words\"><strong>Verst\u00e4rkte Konstruktion mit Metalleins\u00e4tzen in Seitenbolzen und ergonomischen Griffen<\/strong><\/li>\n<li class=\"whitespace-normal break-words\"><strong>M\u00fcllwagenkompatibel<\/strong> \u2013 angepasst f\u00fcr Kamm- und DIN-Austragssysteme<\/li>\n<li class=\"whitespace-normal break-words\"><strong>Komplettes Sortimentsangebot an Trennfarben<\/strong> \u2013 schwarz, blau, gelb, gr\u00fcn, braun, rot<\/li>\n<li class=\"whitespace-normal break-words\"><strong>Qualit\u00e4tszertifikate<\/strong> \u2013 entspricht der Norm PN-EN 840 und dem RAL-GZ951\/1, CE-zertifiziert<\/li>\n<\/ul>\n","protected":false},"featured_media":316,"comment_status":"open","ping_status":"closed","template":"","meta":[],"product_brand":[77],"product_cat":[147,146],"product_tag":[],"class_list":{"0":"post-387","1":"product","2":"type-product","3":"status-publish","4":"has-post-thumbnail","6":"product_brand-ese","7":"product_cat-4-rad-abfallbehalter-1100l","8":"product_cat-abfallbehalter","10":"first","11":"instock","12":"taxable","13":"shipping-taxable","14":"purchasable","15":"product-type-simple"},"_links":{"self":[{"href":"https:\/\/eco-market24.com\/de\/wp-json\/wp\/v2\/product\/387","targetHints":{"allow":["GET"]}}],"collection":[{"href":"https:\/\/eco-market24.com\/de\/wp-json\/wp\/v2\/product"}],"about":[{"href":"https:\/\/eco-market24.com\/de\/wp-json\/wp\/v2\/types\/product"}],"replies":[{"embeddable":true,"href":"https:\/\/eco-market24.com\/de\/wp-json\/wp\/v2\/comments?post=387"}],"wp:featuredmedia":[{"embeddable":true,"href":"https:\/\/eco-market24.com\/de\/wp-json\/wp\/v2\/media\/316"}],"wp:attachment":[{"href":"https:\/\/eco-market24.com\/de\/wp-json\/wp\/v2\/media?parent=387"}],"wp:term":[{"taxonomy":"product_brand","embeddable":true,"href":"https:\/\/eco-market24.com\/de\/wp-json\/wp\/v2\/product_brand?post=387"},{"taxonomy":"product_cat","embeddable":true,"href":"https:\/\/eco-market24.com\/de\/wp-json\/wp\/v2\/product_cat?post=387"},{"taxonomy":"product_tag","embeddable":true,"href":"https:\/\/eco-market24.com\/de\/wp-json\/wp\/v2\/product_tag?post=387"}],"curies":[{"name":"wp","href":"https:\/\/api.w.org\/{rel}","templated":true}]}}