{"id":390,"date":"2025-09-28T12:27:26","date_gmt":"2025-09-28T10:27:26","guid":{"rendered":"https:\/\/eco-market24.com\/product\/1100l-black-waste-container-ese\/"},"modified":"2025-10-15T08:28:54","modified_gmt":"2025-10-15T06:28:54","slug":"1100l-black-waste-container-ese","status":"publish","type":"product","link":"https:\/\/eco-market24.com\/de\/produkt\/1100l-black-waste-container-ese\/","title":{"rendered":"1100 l schwarzer Abfallbeh\u00e4lter ESE"},"content":{"rendered":"\n<p>1100-l-Abfallbeh\u00e4lter \u2013 Garantierte Produktqualit\u00e4t<\/p>\n\n<p>Eine effektive Abfalltrennung in gewerblichen Einrichtungen erfordert geeignete 1100\u2011Liter\u2011Beh\u00e4lter, die robust sind, f\u00fcr h\u00e4ufigen Gebrauch ausgelegt und leicht zu entleeren sowie zu warten sind.<\/p>\n\n<p>Der 1100-L-Beh\u00e4lter wird aus langlebigem PE\u2011HD-Kunststoff im Spritzgussverfahren hergestellt. Hochdichtes Polyethylen sorgt f\u00fcr dauerhaft intensive Farbwirkung des MGB-Beh\u00e4lters.<\/p>\n\n<p>Das Beh\u00e4ltermaterial ist UV-best\u00e4ndig und vertr\u00e4gt einen weiten Temperaturbereich. Dadurch kann der 1100-l-Beh\u00e4lter bei jedem Wetter im Freien gelagert werden.<\/p>\n\n<p>Der ESE 1100L-Beh\u00e4lter verf\u00fcgt au\u00dferdem \u00fcber eine ausgezeichnete Chemikalienbest\u00e4ndigkeit. Der 1100L-Beh\u00e4lter kann Industrieabf\u00e4lle mit R\u00fcckst\u00e4nden von Reinigungsmitteln und anderen chemischen Zubereitungen aufnehmen. Das Kunststoffmaterial wird sich unter dem Einfluss dieser Chemikalien nicht verformen oder mit ihnen reagieren.<\/p>\n\n<p>1100-L Abfallbeh\u00e4lter \u2013 Komfort und Funktionalit\u00e4t<\/p>\n\n<p>Der MGB 1100-Container der deutschen Marke ESE ist funktional, langlebig und \u00e4sthetisch ansprechend. Der Container verf\u00fcgt \u00fcber einen flachen Deckel und ein praktisches, leises Gummiradsystem mit 20 cm Durchmesser, verst\u00e4rkten Schutzabdeckungen und Bremsen an den Vorderr\u00e4dern. Dadurch l\u00e4sst sich der 1100\u2011Liter\u2011Beh\u00e4lter leicht bewegen und entleeren.<\/p>\n\n<p>Die Konstruktion des 1100\u2011L-Beh\u00e4lterk\u00f6rpers ist zus\u00e4tzlich verst\u00e4rkt, insbesondere in den am st\u00e4rksten beanspruchten Bereichen. Jeder ESE 1100\u2011Liter-Abfallbeh\u00e4lter wird w\u00e4hrend der Produktion computergest\u00fctzt auf Haltbarkeit gepr\u00fcft.<\/p>\n\n<p>Der 1100-Liter-Beh\u00e4lter verf\u00fcgt \u00fcber seitliche Bolzen, die durch Metallrohre verst\u00e4rkt sind, vier ergonomische Griffe an den Seitenw\u00e4nden und eine Ablass\u00f6ffnung am Boden.<\/p>\n\n<p>Der ESE 1100L-Abfallbeh\u00e4lter ist in allen Sortierfarben erh\u00e4ltlich:<\/p>\n\n<ul class=\"wp-block-list\">\n<li>Schwarz \u2013 f\u00fcr Restm\u00fcll<\/li>\n\n\n\n<li>Blauer 1100-l-Container f\u00fcr Papier<\/li>\n\n\n\n<li>Gelb \u2013 f\u00fcr Kunststoffe<\/li>\n\n\n\n<li>Gr\u00fcner 1100-l-Container f\u00fcr Glas<\/li>\n\n\n\n<li>Braun \u2013 f\u00fcr Bioabfall<\/li>\n\n\n\n<li>Rot \u2013 f\u00fcr Metall<\/li>\n<\/ul>\n\n<p>ESE 1100-Liter-Container \u2013 Normen und Zertifizierungen<\/p>\n\n<p>Die Best\u00e4tigung der hohen Umweltbest\u00e4ndigkeit, die den ESE black 1100L Abfallbeh\u00e4lter auszeichnet, ist die Konformit\u00e4t mit der EU-Norm PN-EN 840 und dem h\u00f6chsten internationalen Qualit\u00e4tszeichen RAL-GZ951\/1. Der 1100L-Beh\u00e4lter hat au\u00dferdem Zertifizierungen erhalten, die die Einhaltung der L\u00e4rmschutzanforderungen best\u00e4tigen, und tr\u00e4gt die CE-Kennzeichnung.<\/p>\n\n<p>1100-Liter-Beh\u00e4lter, f\u00fcr Kammentladung ausgelegt<\/p>\n\n<p>Dies ist eines der wichtigsten Merkmale der 1100\u2011l\u2011Container. Der ESE 1100\u2011Liter-Abfallbeh\u00e4lter ist f\u00fcr das Einh\u00e4ngen an Kamm-Auswurfmechanismen sowie f\u00fcr DIN\u2011Typ\u2011Entleerungen ausgelegt. ESE-Kommunalbeh\u00e4lter sind mit allen herk\u00f6mmlichen M\u00fcllfahrzeugen kompatibel, die in ganz Polen eingesetzt werden.<\/p>\n\n<p>Abmessungen und Gewicht des 1100\u2011L-Containers<\/p>\n\n<p>Der ESE 1100\u2011Liter-Abfallbeh\u00e4lter hat die folgenden Ma\u00dfe:<\/p>\n\n<ul class=\"wp-block-list\">\n<li>H\u00f6he \u2013 137 cm<\/li>\n\n\n\n<li>Breite \u2013 137,5 cm<\/li>\n\n\n\n<li>Tiefe \u2013 107,5 cm<\/li>\n<\/ul>\n\n<p>Wie viel wiegt ein 1100\u2011L\u2011Container? Das tats\u00e4chliche Gewicht des 1100\u2011Liter\u2011M\u00fcllcontainers betr\u00e4gt 49 kg. Das Nenngewicht eines beladenen 1100\u2011L\u2011M\u00fcllcontainers kann jedoch bis zu 510 kg erreichen, was die h\u00f6chste Nennkapazit\u00e4t aller 1100\u2011L\u2011Kunststoffm\u00fcllcontainer auf dem europ\u00e4ischen Markt ist.<\/p>\n","protected":false},"excerpt":{"rendered":"<ul>\n<li class=\"whitespace-normal break-words\"><strong>Robustes PE\u2011HD\u2011Material<\/strong> \u2013 UV\u2011best\u00e4ndig und gro\u00dfer Temperaturbereich, ideal f\u00fcr den Einsatz im Freien<\/li>\n<li class=\"whitespace-normal break-words\"><strong>Nennkapazit\u00e4t bis zu 510 kg<\/strong> \u2013 h\u00f6chster Wert unter 1100\u2011l\u2011Containern auf dem europ\u00e4ischen Markt<\/li>\n<li class=\"whitespace-normal break-words\"><strong>Gummiradsystem \u00d8 20 cm mit Bremsen und verst\u00e4rkten Abdeckungen<\/strong> \u2013 leiser und leichter Transport<\/li>\n<li class=\"whitespace-normal break-words\"><strong>Verst\u00e4rkte Konstruktion mit Metalleins\u00e4tzen in Seitenbolzen und ergonomischen Griffen<\/strong><\/li>\n<li class=\"whitespace-normal break-words\"><strong>M\u00fcllfahrzeugkompatibel<\/strong> \u2013 angepasst an Kamm\u2011 und DIN\u2011Entleerungssysteme<\/li>\n<li class=\"whitespace-normal break-words\"><strong>Vollst\u00e4ndige Farbauswahl f\u00fcr M\u00fclltrennung<\/strong> \u2013 schwarz, blau, gelb, gr\u00fcn, braun, rot<\/li>\n<li class=\"whitespace-normal break-words\"><strong>Qualit\u00e4tszertifizierungen<\/strong> \u2013 entspricht der Norm PN\u2011EN 840 und der Kennzeichnung RAL\u2011GZ 951\/1, CE\u2011zertifiziert<\/li>\n<\/ul>\n","protected":false},"featured_media":203,"comment_status":"open","ping_status":"closed","template":"","meta":[],"product_brand":[77],"product_cat":[147,146],"product_tag":[],"class_list":{"0":"post-390","1":"product","2":"type-product","3":"status-publish","4":"has-post-thumbnail","6":"product_brand-ese","7":"product_cat-4-rad-abfallbehalter-1100l","8":"product_cat-abfallbehalter","10":"first","11":"instock","12":"taxable","13":"shipping-taxable","14":"purchasable","15":"product-type-simple"},"_links":{"self":[{"href":"https:\/\/eco-market24.com\/de\/wp-json\/wp\/v2\/product\/390","targetHints":{"allow":["GET"]}}],"collection":[{"href":"https:\/\/eco-market24.com\/de\/wp-json\/wp\/v2\/product"}],"about":[{"href":"https:\/\/eco-market24.com\/de\/wp-json\/wp\/v2\/types\/product"}],"replies":[{"embeddable":true,"href":"https:\/\/eco-market24.com\/de\/wp-json\/wp\/v2\/comments?post=390"}],"wp:featuredmedia":[{"embeddable":true,"href":"https:\/\/eco-market24.com\/de\/wp-json\/wp\/v2\/media\/203"}],"wp:attachment":[{"href":"https:\/\/eco-market24.com\/de\/wp-json\/wp\/v2\/media?parent=390"}],"wp:term":[{"taxonomy":"product_brand","embeddable":true,"href":"https:\/\/eco-market24.com\/de\/wp-json\/wp\/v2\/product_brand?post=390"},{"taxonomy":"product_cat","embeddable":true,"href":"https:\/\/eco-market24.com\/de\/wp-json\/wp\/v2\/product_cat?post=390"},{"taxonomy":"product_tag","embeddable":true,"href":"https:\/\/eco-market24.com\/de\/wp-json\/wp\/v2\/product_tag?post=390"}],"curies":[{"name":"wp","href":"https:\/\/api.w.org\/{rel}","templated":true}]}}