{"id":393,"date":"2025-09-28T18:39:58","date_gmt":"2025-09-28T16:39:58","guid":{"rendered":"https:\/\/eco-market24.com\/product\/1100l-yellow-waste-container-ese\/"},"modified":"2025-09-30T16:06:08","modified_gmt":"2025-09-30T14:06:08","slug":"1100l-yellow-waste-container-ese","status":"publish","type":"product","link":"https:\/\/eco-market24.com\/de\/produkt\/1100l-yellow-waste-container-ese\/","title":{"rendered":"1100L gelber Abfallbeh\u00e4lter ESE"},"content":{"rendered":"\n<p>ESE-Container gem\u00e4\u00df der Norm PN-EN 840<\/p>\n\n<p>Die Best\u00e4tigung der h\u00f6chsten Qualit\u00e4t und der Best\u00e4ndigkeit gegen\u00fcber Umwelteinfl\u00fcssen des industriellen Abfallbeh\u00e4lters mit 1100 l ist die Kennzeichnung mit dem G\u00fctezeichen RAL-GZ951\/1 und die Einhaltung der EU-Norm PN-EN 840. Der ESE-Beh\u00e4lter ist mit dem CE-Zeichen versehen und verf\u00fcgt \u00fcber Zertifikate, die die Einhaltung der L\u00e4rmschutzanforderungen gew\u00e4hrleisten.<\/p>\n\n<p>Der gelbe 1100\u2011L-Container der deutschen Marke ESE ist die funktionalste, langlebigste und zugleich \u00e4sthetischste im Freien einsetzbare kommunale M\u00fclltonne auf dem polnischen Markt. Der ESE-Container verf\u00fcgt \u00fcber einen flachen, leichten Deckel sowie einen praktischen Satz aus vier Gummir\u00e4dern mit zus\u00e4tzlicher Verst\u00e4rkungsh\u00fclle und Bremsen an den Vorderr\u00e4dern, wodurch er einfach zu bedienen und beim Transport leise ist.<\/p>\n\n<p>Funktionaler und langlebiger 1100-l-Abfallbeh\u00e4lter<\/p>\n\n<p>Das Trennen kommunaler Abf\u00e4lle in einem Unternehmen erfordert die Verwendung professioneller Beh\u00e4lter, die t\u00e4glicher Nutzung und starker Beanspruchung standhalten, aus dickem, verformungsbest\u00e4ndigem Material gefertigt sind und sich zudem leicht entleeren und transportieren lassen.<\/p>\n\n<p>Der kommunale Abfallbeh\u00e4lter der deutschen Marke ESE hat Vorteile, die ihn in Bezug auf Qualit\u00e4t und Haltbarkeit gegen\u00fcber anderen Beh\u00e4ltern auszeichnen.<\/p>\n\n<ul class=\"wp-block-list\">\n<li>Der ESE-Beh\u00e4lter besteht aus hochdichtem Polyethylen, wodurch Konstruktion, W\u00e4nde, Boden und Deckel des Beh\u00e4lters widerstandsf\u00e4hig gegen Verformung und Dellen sind.<\/li>\n\n\n\n<li>Die Tonne ist UV-best\u00e4ndig und temperaturbest\u00e4ndig. Der 1100\u2011L-M\u00fcllcontainer f\u00fcr kommunale Abf\u00e4lle ist f\u00fcr die Au\u00dfensortierung bei allen Witterungsbedingungen ausgelegt.<\/li>\n\n\n\n<li>Das f\u00fcr die Herstellung des 1100\u2011L\u2011ESE\u2011Beh\u00e4lters verwendete hochdichte Material garantiert die Erhaltung der Farbintensit\u00e4t des Gelbs.<\/li>\n\n\n\n<li>Der 1100\u2011l\u2011ESE\u2011Beh\u00e4lter zeichnet sich zudem durch Chemikalienbest\u00e4ndigkeit aus. Er kann zur Trennung von Produktionsabf\u00e4llen verwendet werden, die R\u00fcckst\u00e4nde von Reinigungsmitteln oder anderen Stoffen enthalten.<\/li>\n<\/ul>\n\n<p>MGB 1100-Container, angepasst f\u00fcr Comb-Entladung<\/p>\n\n<p>Der 1100\u2011l-ESE-Marken-Abfallbeh\u00e4lter ist sowohl an ein Kamm-Ausleersystem als auch an eine DIN-Ausleerung angepasst. ESE-Industrieabfallbeh\u00e4lter k\u00f6nnen problemlos von allen M\u00fcllfahrzeugen, die in Polen Abfall einsammeln, entleert werden.<\/p>\n\n<p>Das Nenngewicht des ESE-Beh\u00e4lters mit einem Fassungsverm\u00f6gen von 1100 l betr\u00e4gt 510 kg und ist damit das h\u00f6chstm\u00f6gliche Nennf\u00fcllgewicht f\u00fcr einen 1100\u2011l\u2011Beh\u00e4lter unter allen kommunalen Abfallbeh\u00e4ltern aus HDPE-Kunststoff. Erneut versuchen.<\/p>\n","protected":false},"excerpt":{"rendered":"<ul>\n<li class=\"whitespace-normal break-words\"><strong>Langlebiges PE-HD-Material<\/strong> \u2013 UV-best\u00e4ndig und gro\u00dfer Temperaturbereich, ideal f\u00fcr den Au\u00dfenbereich<\/li>\n<li class=\"whitespace-normal break-words\"><strong>Nennkapazit\u00e4t bis 510 kg<\/strong> \u2013 h\u00f6chste unter 1100\u2011L\u2011Beh\u00e4ltern auf dem europ\u00e4ischen Markt<\/li>\n<li class=\"whitespace-normal break-words\"><strong>Gummiradsystem \u00d8 20 cm mit Bremsen und verst\u00e4rkten Abdeckungen<\/strong> \u2013 ruhiger und einfacher Transport<\/li>\n<li class=\"whitespace-normal break-words\"><strong>Verst\u00e4rkte Konstruktion mit Metalleins\u00e4tzen in den Seitenbolzen und ergonomischen Griffen<\/strong><\/li>\n<li class=\"whitespace-normal break-words\"><strong>M\u00fcllfahrzeugkompatibilit\u00e4t<\/strong> \u2013 angepasst f\u00fcr Kamm- und DIN-Ausleerungssysteme<\/li>\n<li class=\"whitespace-normal break-words\"><strong>Vollst\u00e4ndige Trennfarbpalette<\/strong> \u2013 schwarz, blau, gelb, gr\u00fcn, braun, rot<\/li>\n<li class=\"whitespace-normal break-words\"><strong>Qualit\u00e4tszertifizierungen<\/strong> \u2013 entspricht der Norm PN-EN 840 und der Kennzeichnung RAL\u2011GZ951\/1, CE\u2011zertifiziert<\/li>\n<\/ul>\n","protected":false},"featured_media":282,"comment_status":"open","ping_status":"closed","template":"","meta":[],"product_brand":[77],"product_cat":[147,146],"product_tag":[],"class_list":{"0":"post-393","1":"product","2":"type-product","3":"status-publish","4":"has-post-thumbnail","6":"product_brand-ese","7":"product_cat-4-rad-abfallbehalter-1100l","8":"product_cat-abfallbehalter","10":"first","11":"instock","12":"taxable","13":"shipping-taxable","14":"purchasable","15":"product-type-simple"},"_links":{"self":[{"href":"https:\/\/eco-market24.com\/de\/wp-json\/wp\/v2\/product\/393","targetHints":{"allow":["GET"]}}],"collection":[{"href":"https:\/\/eco-market24.com\/de\/wp-json\/wp\/v2\/product"}],"about":[{"href":"https:\/\/eco-market24.com\/de\/wp-json\/wp\/v2\/types\/product"}],"replies":[{"embeddable":true,"href":"https:\/\/eco-market24.com\/de\/wp-json\/wp\/v2\/comments?post=393"}],"wp:featuredmedia":[{"embeddable":true,"href":"https:\/\/eco-market24.com\/de\/wp-json\/wp\/v2\/media\/282"}],"wp:attachment":[{"href":"https:\/\/eco-market24.com\/de\/wp-json\/wp\/v2\/media?parent=393"}],"wp:term":[{"taxonomy":"product_brand","embeddable":true,"href":"https:\/\/eco-market24.com\/de\/wp-json\/wp\/v2\/product_brand?post=393"},{"taxonomy":"product_cat","embeddable":true,"href":"https:\/\/eco-market24.com\/de\/wp-json\/wp\/v2\/product_cat?post=393"},{"taxonomy":"product_tag","embeddable":true,"href":"https:\/\/eco-market24.com\/de\/wp-json\/wp\/v2\/product_tag?post=393"}],"curies":[{"name":"wp","href":"https:\/\/api.w.org\/{rel}","templated":true}]}}