{"id":1157,"date":"2025-09-29T16:22:30","date_gmt":"2025-09-29T14:22:30","guid":{"rendered":"https:\/\/eco-market24.com\/product\/jalgrattahoidik-reklaamitahvliga-berliin\/"},"modified":"2025-09-29T19:58:33","modified_gmt":"2025-09-29T17:58:33","slug":"jalgrattahoidik-reklaamitahvliga-berliin","status":"publish","type":"product","link":"https:\/\/eco-market24.com\/et\/toode\/jalgrattahoidik-reklaamitahvliga-berliin\/","title":{"rendered":"Jalgrattahoidik reklaamitahvliga, Berliin"},"content":{"rendered":"<p>Bikeparklam Berlin \u2014 reklaamitahvliga<\/p>\n<p>Peamised omadused<\/p>\n<p>  Kohtade arv: 4 v\u00f5i 5<br \/>\n  Materjal: kuumtsingitud teras v\u00f5i pulberv\u00e4rvitud tsingitud teras<br \/>\n  T\u00fc\u00fcp: reana<br \/>\n  Tennise l\u00e4bim\u00f5\u00f5t: \u00f812 mm<br \/>\n  Pikkus: reklaamitahvliga: 82 v\u00f5i 102 cm; ilma reklaamitahvlita: 80 v\u00f5i 100 cm<br \/>\n  Laius: 71 cm<br \/>\n  K\u00f5rgus: reklaamitahvliga: 105 cm; ilma reklaamitahvlita: 80 cm<br \/>\n  Kaal: reklaamitahvliga: 16 v\u00f5i 21 kg; ilma reklaamitahvlita: 16 v\u00f5i 21 kg<\/p>\n<p>Kirjeldus<br \/>\nBikeparklam Berlin on kohandatud intensiivseks kasutuseks. Reklaamitahvliga bikeparklam Berlin on vastupidav ja praktiline lahendus avalikele aladele, korterelamutele, kontoritele, koolidele, kauplustele v\u00f5i teenindusruumidele. Valmistatud tugevast terasest ning saadaval kahes variandis \u2014 kuumtsingitud v\u00f5i tsingitud ja pulberv\u00e4rvitud \u2014 tagab see vastupidavuse ilmastikuoludele ja aastatepikkusele kasutusele. T\u00e4pne t\u00f6\u00f6tlemine annab stabiilse ja turvalise toe erinevat t\u00fc\u00fcpi jalgratastele.<\/p>\n<p>Versioonid vastavalt vajadusele<br \/>\nBerlini reklaamparklam on saadaval kahes konfiguratsioonis \u2014 4-kohaline ja 5-kohaline \u2014 v\u00f5imaldades paindlikku kohandamist olemasoleva ruumi ja jalgrattaliikluse intensiivsuse j\u00e4rgi. Valige versioon reklaamitahvliga v\u00f5i ilma, vastavalt funktsionaalsusele v\u00f5i reklaamivajadusele.<\/p>\n<p>Reklaamitahvel \u2014 funktsionaalsus ja reklaam \u00fches<br \/>\nTugev paneel, mis on paigutatud parklami kohale, v\u00f5imaldab paigutada reklaami, ettev\u00f5tte logo, suunainfot v\u00f5i s\u00f5numeid kasutajatele. Ideaalne kauplustele, restoranidele, kontoritele v\u00f5i asutustele, kes soovivad pakkuda jalgrattainfrastruktuuri ja samal ajal t\u00f5sta br\u00e4ndi n\u00e4htavust.<\/p>\n<p>Vastupidavus ja lihtne paigaldus<br \/>\nBerlin bikeparklamil on lihtne konstruktsioon kiireks paigalduseks k\u00f5vastatud pinnale. Kuumtsingitud variant pakub suurep\u00e4rast korrosioonikindlust karmimates ilmastikuoludes, samas kui pulberv\u00e4rvitud variant v\u00f5imaldab v\u00e4rvi sobitada \u00fcmbritseva keskkonna v\u00f5i ettev\u00f5tte identiteediga.<\/p>\n<p>Ideaalne valik avalikele ja \u00e4ripindadele<br \/>\nBerlini bikeparklam reklaamitahvliga on praktiline lahendus investoritele, hoonehaldajatele ja ettev\u00f5tjatele, kes soovivad pakkuda jalgratturitele mugavat parkimist ja samal ajal kasutada ruumi br\u00e4ndi reklaamimiseks. See \u00fchendab funktsionaalsuse, esteetika ja vastupidavuse.<\/p>\n","protected":false},"excerpt":{"rendered":"<p>Mitmek\u00fclgne paigaldatav post \u2014 4 v\u00f5i 5 asetust; kuumtsingitud v\u00f5i pulberkaetud tsingitud teras; \u00d812 mm varras; laius 71 cm; pikkus plaadiga 82 v\u00f5i 102 cm (ilma plaadita 80 v\u00f5i 100 cm); k\u00f5rgus plaadiga 105 cm (ilma plaadita 80 cm).<\/p>\n","protected":false},"featured_media":1504,"comment_status":"open","ping_status":"closed","template":"","meta":[],"product_brand":[],"product_cat":[161],"product_tag":[],"class_list":{"0":"post-1157","1":"product","2":"type-product","3":"status-publish","4":"has-post-thumbnail","6":"product_cat-jalgrataste-parkimisalused","8":"first","9":"instock","10":"taxable","11":"shipping-taxable","12":"purchasable","13":"product-type-simple"},"_links":{"self":[{"href":"https:\/\/eco-market24.com\/et\/wp-json\/wp\/v2\/product\/1157","targetHints":{"allow":["GET"]}}],"collection":[{"href":"https:\/\/eco-market24.com\/et\/wp-json\/wp\/v2\/product"}],"about":[{"href":"https:\/\/eco-market24.com\/et\/wp-json\/wp\/v2\/types\/product"}],"replies":[{"embeddable":true,"href":"https:\/\/eco-market24.com\/et\/wp-json\/wp\/v2\/comments?post=1157"}],"wp:featuredmedia":[{"embeddable":true,"href":"https:\/\/eco-market24.com\/et\/wp-json\/wp\/v2\/media\/1504"}],"wp:attachment":[{"href":"https:\/\/eco-market24.com\/et\/wp-json\/wp\/v2\/media?parent=1157"}],"wp:term":[{"taxonomy":"product_brand","embeddable":true,"href":"https:\/\/eco-market24.com\/et\/wp-json\/wp\/v2\/product_brand?post=1157"},{"taxonomy":"product_cat","embeddable":true,"href":"https:\/\/eco-market24.com\/et\/wp-json\/wp\/v2\/product_cat?post=1157"},{"taxonomy":"product_tag","embeddable":true,"href":"https:\/\/eco-market24.com\/et\/wp-json\/wp\/v2\/product_tag?post=1157"}],"curies":[{"name":"wp","href":"https:\/\/api.w.org\/{rel}","templated":true}]}}