{"id":1169,"date":"2025-09-29T16:22:29","date_gmt":"2025-09-29T14:22:29","guid":{"rendered":"https:\/\/eco-market24.com\/product\/arizona-kruviga-kinnitatav-jalgrattahoidik-kahepoolseks-parkimiseks\/"},"modified":"2025-09-29T19:58:36","modified_gmt":"2025-09-29T17:58:36","slug":"arizona-kruviga-kinnitatav-jalgrattahoidik-kahepoolseks-parkimiseks","status":"publish","type":"product","link":"https:\/\/eco-market24.com\/et\/toode\/arizona-kruviga-kinnitatav-jalgrattahoidik-kahepoolseks-parkimiseks\/","title":{"rendered":"Arizona kruviga kinnitatav jalgrattahoidik kahepoolseks parkimiseks"},"content":{"rendered":"<p>Arizona poltidega kahepoolne jalgrattahoidja<\/p>\n<p>T\u00fc\u00fcp: kahepoolne, rivis<br \/>\nKohtade arv: 4 v\u00f5i 6<br \/>\nMaterjal: kuumtsingitud teras<br \/>\nPikkus: 70 v\u00f5i 105 cm<br \/>\nLaius: 39 cm<br \/>\nKaal: 13 v\u00f5i 18 kg<\/p>\n<p>Funktsionaalsus ja kasutusmugavus<br \/>\nPoltidega Arizona kahepoolne jalgrattahoidja on m\u00f5eldud kohtadesse, kus vajatakse t\u00f5husat ja turvalist mitme jalgratta parkimist. Kahepoolne lahendus v\u00f5imaldab rattaid paigutada m\u00f5lemale k\u00fcljele korraga, maksimeerides kasutatavat pinda. Tugev konstruktsioon tagab stabiilse toe linnalettide, m\u00e4gijalgrataste ja trekking-rataste jaoks. Rattaid saab lukustada raamile v\u00f5i rattarattale t\u00e4iendava turvalisuse tagamiseks.<\/p>\n<p>Vastupidavus ja ilmastikukindlus<br \/>\nKuumtsingitud terasest valmistatud hoidja pakub suurt korrosioonikindlust ja mehaanilist vastupidavust. Arizona jalgrattahoidja sobib pikaajaliseks v\u00e4listingimustes kasutamiseks v\u00e4hese hooldusega, muutes selle majanduslikult soodsaks investeeringuks.<\/p>\n<p>Lihtne paigaldus ja mitmek\u00fclgne kasutus<br \/>\nPoltidega konstruktsioon v\u00f5imaldab kiiret kokkupanekut ja lihtsat \u00fcmberpaigutamist. Hoidjat saab kasutada vabalt seisevana v\u00f5i paigaldada pinnale suurema stabiilsuse saavutamiseks. Sobib korterelamutele, koolidele ja \u00fclikoolidele, vabaajapiirkondadesse, kontorikompleksidesse, poodidesse ja teeninduspindadele.<\/p>\n<p>Eelised<br \/>\n&#8211; Ruumis\u00e4\u00e4stlik: v\u00f5imaldab parkimist m\u00f5lemal k\u00fcljel<br \/>\n&#8211; Turvalisus: stabiilne tugi ja lukustamisv\u00f5imalus<br \/>\n&#8211; Vastupidavus: tsingitud teras vastupidav roostele ja ilmastikuoludele<br \/>\n&#8211; Mitmek\u00fclgsus: sobib erinevatesse avalikesse ruumidesse<br \/>\n&#8211; Lihtne paigaldus: kiire poltidega kinnitamine ja valikuline kinnitamine pinnale<\/p>\n","protected":false},"excerpt":{"rendered":"<p>Parkimiskohtade arv: 4 v\u00f5i 6; kahepoolselt reas; kuumtsingitud teras; pikkus 70 v\u00f5i 105 cm; laius 39 cm; kaal 13 v\u00f5i 18 kg. Arizona poltidega kokkupandav jalgrattahoidja on m\u00f5eldud kahepoolseks parkimiseks kohtades, kus vastupidavus, ruumis\u00e4\u00e4stlikkus ja kasutaja mugavus on prioriteedid.<\/p>\n","protected":false},"featured_media":1550,"comment_status":"open","ping_status":"closed","template":"","meta":[],"product_brand":[],"product_cat":[161],"product_tag":[],"class_list":{"0":"post-1169","1":"product","2":"type-product","3":"status-publish","4":"has-post-thumbnail","6":"product_cat-jalgrataste-parkimisalused","8":"first","9":"instock","10":"taxable","11":"shipping-taxable","12":"purchasable","13":"product-type-simple"},"_links":{"self":[{"href":"https:\/\/eco-market24.com\/et\/wp-json\/wp\/v2\/product\/1169","targetHints":{"allow":["GET"]}}],"collection":[{"href":"https:\/\/eco-market24.com\/et\/wp-json\/wp\/v2\/product"}],"about":[{"href":"https:\/\/eco-market24.com\/et\/wp-json\/wp\/v2\/types\/product"}],"replies":[{"embeddable":true,"href":"https:\/\/eco-market24.com\/et\/wp-json\/wp\/v2\/comments?post=1169"}],"wp:featuredmedia":[{"embeddable":true,"href":"https:\/\/eco-market24.com\/et\/wp-json\/wp\/v2\/media\/1550"}],"wp:attachment":[{"href":"https:\/\/eco-market24.com\/et\/wp-json\/wp\/v2\/media?parent=1169"}],"wp:term":[{"taxonomy":"product_brand","embeddable":true,"href":"https:\/\/eco-market24.com\/et\/wp-json\/wp\/v2\/product_brand?post=1169"},{"taxonomy":"product_cat","embeddable":true,"href":"https:\/\/eco-market24.com\/et\/wp-json\/wp\/v2\/product_cat?post=1169"},{"taxonomy":"product_tag","embeddable":true,"href":"https:\/\/eco-market24.com\/et\/wp-json\/wp\/v2\/product_tag?post=1169"}],"curies":[{"name":"wp","href":"https:\/\/api.w.org\/{rel}","templated":true}]}}