{"id":1193,"date":"2025-09-29T16:22:25","date_gmt":"2025-09-29T14:22:25","guid":{"rendered":"https:\/\/eco-market24.com\/product\/teraskonteiner-kp36\/"},"modified":"2025-09-29T19:58:42","modified_gmt":"2025-09-29T17:58:42","slug":"teraskonteiner-kp36","status":"publish","type":"product","link":"https:\/\/eco-market24.com\/et\/toode\/teraskonteiner-kp36\/","title":{"rendered":"teraskonteiner KP36"},"content":{"rendered":"<p>Konteiner KP36 munitsipaalse kogumispunkti (PSZOK) ja ettev\u00f5tete jaoks<\/p>\n<p>\u00dclevaade<br \/>\nKP36 on meie valiku suurim konteiner munitsipaalse, ehitus- ja t\u00f6\u00f6stusj\u00e4\u00e4tmete jaoks. See v\u00f5imaldab s\u00e4ilitada ja transportida suuri, raskeid ja lahtisi j\u00e4\u00e4tmeid ning on PSZOKide, munitsipaalhalduste, tootmisettev\u00f5tete, laohallide, ehitusettev\u00f5tete ja munitsipaalkalmistute p\u00f5hivarustus. KP36 on avatud konteiner, millel on valikuline kate ning mis on kaetud rooste- ja korrosioonikaitse v\u00e4rvidega RAL-paleti toonides. Vastab DIN 30720 n\u00f5uetele ja on \u00fchilduv kolme k\u00e4itlemiss\u00fcsteemiga: konks, v\u00e4rav ja konks-v\u00e4rav.<\/p>\n<p>Konstruktsioon<br \/>\nKP36 on valmistatud teraslehest, k\u00fclje paksus 3 mm ja p\u00f5randa paksus 4 mm. Selle konstruktsioon erineb v\u00e4iksematest konteineritest (erinev taldade vahe) ning konteineri kaal on peaaegu 3 tonni. Konteiner on v\u00e4rvitud UV-, vihma-, lume- ja ekstreemtemperatuuride ning mehaanilise koormuse taluvate korrosioonivastaste katetega, mis tagavad intensiivse kasutuse k\u00f5rge vastupidavuse. Soovi korral saab KP36 toota paksema lehega koormusv\u00f5ime suurendamiseks.<\/p>\n<p>\u00dchilduvus<\/p>\n<p>  Mudel kohandatud konksk\u00e4rudele (konksu k\u00f5rgus 1570 mm)<br \/>\n  Mudel kohandatud rull-laadimiss\u00fcsteemiga (v\u00e4rav) veoautodele<br \/>\n  Kombineeritud lahendus, mis sobib nii rull-laadimise kui ka konksk\u00e4rude jaoks<\/p>\n<p>M\u00f5\u00f5tmed<br \/>\nStandard sisem\u00f5\u00f5tmed (muudetavad vastavalt soovile): pikkus 6500 mm, laius 2350 mm, k\u00f5rgus 2350 mm.<\/p>\n<p>Kohandamine<\/p>\n<p>  Avatud mudel valikulise katte ja kinnituskonksudega<br \/>\n  Valikuline pidev keevitus t\u00e4ielikuks tihendamiseks (soovitatav peenete lahtiste materjalide v\u00f5i vedelike puhul)<br \/>\n  Lehepaksuse ja sisem\u00f5\u00f5tude reguleerimine vastavalt kliendi n\u00f5uetele<br \/>\n  Saadaval laias RAL-v\u00e4rvide valikus<\/p>\n<p>Oluline teave<\/p>\n<p>  Materjal: terasleht (k\u00fclje paksus 3 mm, p\u00f5randa paksus 4 mm)<br \/>\n  Lehepaksuse ja m\u00f5\u00f5tmete reguleeritavus<br \/>\n  Krunditud korrosioonivastase v\u00e4rviga<br \/>\n  Vastavus: DIN 30720<br \/>\n  \u00dchilduvus: konks-, v\u00e4rava- ja konks-v\u00e4rava s\u00fcsteemid<br \/>\n  Avatud \u00fclaosa valikulise kattega<br \/>\n  V\u00f5imalus 100% tihendamiseks pideva keevitusega<\/p>\n","protected":false},"excerpt":{"rendered":"<p>Container KP36 \u2014 meie suurim konteiner linnaliste, ehitus- ja t\u00f6\u00f6stusj\u00e4\u00e4tmete jaoks. M\u00f5eldud PSZOK-idele ja ettev\u00f5tetele; v\u00f5imaldab suurte, raskete ja mahuliste j\u00e4\u00e4tmete ladustamist ja transporti ning on PSZOK-ide ja asukoha varustuse keskne osa.<\/p>\n","protected":false},"featured_media":2017,"comment_status":"open","ping_status":"closed","template":"","meta":[],"product_brand":[],"product_cat":[209],"product_tag":[],"class_list":{"0":"post-1193","1":"product","2":"type-product","3":"status-publish","4":"has-post-thumbnail","6":"product_cat-teraskonteinerid","8":"first","9":"instock","10":"taxable","11":"shipping-taxable","12":"purchasable","13":"product-type-simple"},"_links":{"self":[{"href":"https:\/\/eco-market24.com\/et\/wp-json\/wp\/v2\/product\/1193","targetHints":{"allow":["GET"]}}],"collection":[{"href":"https:\/\/eco-market24.com\/et\/wp-json\/wp\/v2\/product"}],"about":[{"href":"https:\/\/eco-market24.com\/et\/wp-json\/wp\/v2\/types\/product"}],"replies":[{"embeddable":true,"href":"https:\/\/eco-market24.com\/et\/wp-json\/wp\/v2\/comments?post=1193"}],"wp:featuredmedia":[{"embeddable":true,"href":"https:\/\/eco-market24.com\/et\/wp-json\/wp\/v2\/media\/2017"}],"wp:attachment":[{"href":"https:\/\/eco-market24.com\/et\/wp-json\/wp\/v2\/media?parent=1193"}],"wp:term":[{"taxonomy":"product_brand","embeddable":true,"href":"https:\/\/eco-market24.com\/et\/wp-json\/wp\/v2\/product_brand?post=1193"},{"taxonomy":"product_cat","embeddable":true,"href":"https:\/\/eco-market24.com\/et\/wp-json\/wp\/v2\/product_cat?post=1193"},{"taxonomy":"product_tag","embeddable":true,"href":"https:\/\/eco-market24.com\/et\/wp-json\/wp\/v2\/product_tag?post=1193"}],"curies":[{"name":"wp","href":"https:\/\/api.w.org\/{rel}","templated":true}]}}