{"id":1199,"date":"2025-09-29T16:22:24","date_gmt":"2025-09-29T14:22:24","guid":{"rendered":"https:\/\/eco-market24.com\/product\/teraskonteiner-kp7-on-avatud\/"},"modified":"2025-09-29T19:58:44","modified_gmt":"2025-09-29T17:58:44","slug":"teraskonteiner-kp7-on-avatud","status":"publish","type":"product","link":"https:\/\/eco-market24.com\/et\/toode\/teraskonteiner-kp7-on-avatud\/","title":{"rendered":"Teraskonteiner KP7 on avatud"},"content":{"rendered":"<p>Vastupidav KP7 konteineri konstruktsioon<br \/>\nKP7 konteinerid on valmistatud kvaliteetsest terasplekist, tagades n\u00f5uetele vastavuse ja t\u00f5husa j\u00e4\u00e4tmek\u00e4itluse massiliste j\u00e4\u00e4tmete jaoks. Standardversioonis on keevitatud teraskonstruktsioon tugevdatu sulgudega profiilide ja k\u00fclmvaltsitud kanalitega. Universaalsed KP7 konteinerid on lisaks ilmastikukaitseks kaetud korrosioonivastase kruntv\u00e4rviga, mis takistab niiskuse sattumist.<\/p>\n<p>KP7 konteinerid haagise- ja t\u00f5stuklambri jaoks<br \/>\nKonteinerid on kohandatud kolmele s\u00fcsteemile. Valida saab:<\/p>\n<p>&#8211; KP7 konteiner ainult konkslaaduritele (konksi k\u00f5rgus 1,2 m)<br \/>\n&#8211; Konteiner ainult sillat\u00f5stukitele<br \/>\n&#8211; Universaalne KP7, \u00fchilduv sillaseadmete (vastab DIN 30720) ja konksseadmetega (konksi k\u00f5rgus 1,2 m)<\/p>\n<p>KP7 konteiner \u2013 kasutusvaldkonnad<br \/>\nKP7 konteinerid sobivad mahuliste, raskete olme-, ehitus- ja t\u00f6\u00f6stusj\u00e4\u00e4tmete kogumiseks ja transportimiseks. Need on universaalne lahendus paljudele objektidele, ettev\u00f5tetele ja asutustele, nt:<\/p>\n<p>&#8211; PSZOK-id (valikuline olmej\u00e4\u00e4tmete kogumispunkt)<br \/>\n&#8211; Reoveepuhastid<br \/>\n&#8211; Tootmis- ja ehitusettev\u00f5tted<br \/>\n&#8211; Omavalitsuse asutused<br \/>\n&#8211; Kalmistud<\/p>\n<p>Ehitusj\u00e4\u00e4tmete konteinerid v\u00f5ivad olla avatud v\u00f5i kaetud mitme klapiga.<\/p>\n<p>KP7 konteiner \u2013 m\u00f5\u00f5tmed ja materjalis paksus<br \/>\nStandardseid KP7 versioone pakutakse tavaliselt kahes suuruses:<\/p>\n<p>&#8211; 3400 \u00d7 1650 \u00d7 1010 mm \u2014 maht 6,5 m\u00b3<br \/>\n&#8211; 3500 \u00d7 1700 \u00d7 1150 mm \u2014 maht 7 m\u00b3<\/p>\n<p>M\u00f5\u00f5tmeid saab kohandada vastavalt individuaalsetele n\u00f5uetele. Standardplekiklassid:<\/p>\n<p>&#8211; K\u00fcljed ja p\u00f5hi 3 mm paks<br \/>\n&#8211; K\u00fcljed 2 mm, p\u00f5hi 3 mm paks<\/p>\n<p>Ehitusj\u00e4\u00e4tmete konteiner \u2013 kohandatud teie vajadustele<br \/>\nSaadaval olevad kohandused:<\/p>\n<p>&#8211; Kliendi valitud v\u00e4rvitoon<br \/>\n&#8211; Tihendatud konstruktsioon pideva keevitusega<br \/>\n&#8211; \u00dclalt hingetav klapp (standardkonteineritel uksed avanevad alla v\u00f5i k\u00fcljele)<br \/>\n&#8211; Lisakatraste konksud<br \/>\n&#8211; Valmistus S500\u2013700 terastest (voolepiir Re = 500\u2013700 MPa)<br \/>\n&#8211; Premium-versioonid kvaliteetsetest roostevabadest ja kulumiskindlatest terastest (Raex, Hardox, Domex) \u2014 kergem konstruktsioon ilma tugevuse kaotuseta<\/p>\n","protected":false},"excerpt":{"rendered":"<p>Vastupidav KP 7 konteineri konstruktsioon. Valmistatud k\u00f5rgekvaliteedilisest terasest, vastavad KP 7 konteinerid rangetele kvaliteedistandarditele ja tagavad t\u00f5husa suurej\u00e4\u00e4tmete k\u00e4itlemise; standardne keevitatud teraskonstruktsioon on tugevdatud profiilidega.<\/p>\n","protected":false},"featured_media":2022,"comment_status":"open","ping_status":"closed","template":"","meta":[],"product_brand":[],"product_cat":[209],"product_tag":[],"class_list":{"0":"post-1199","1":"product","2":"type-product","3":"status-publish","4":"has-post-thumbnail","6":"product_cat-teraskonteinerid","8":"first","9":"instock","10":"taxable","11":"shipping-taxable","12":"purchasable","13":"product-type-simple"},"_links":{"self":[{"href":"https:\/\/eco-market24.com\/et\/wp-json\/wp\/v2\/product\/1199","targetHints":{"allow":["GET"]}}],"collection":[{"href":"https:\/\/eco-market24.com\/et\/wp-json\/wp\/v2\/product"}],"about":[{"href":"https:\/\/eco-market24.com\/et\/wp-json\/wp\/v2\/types\/product"}],"replies":[{"embeddable":true,"href":"https:\/\/eco-market24.com\/et\/wp-json\/wp\/v2\/comments?post=1199"}],"wp:featuredmedia":[{"embeddable":true,"href":"https:\/\/eco-market24.com\/et\/wp-json\/wp\/v2\/media\/2022"}],"wp:attachment":[{"href":"https:\/\/eco-market24.com\/et\/wp-json\/wp\/v2\/media?parent=1199"}],"wp:term":[{"taxonomy":"product_brand","embeddable":true,"href":"https:\/\/eco-market24.com\/et\/wp-json\/wp\/v2\/product_brand?post=1199"},{"taxonomy":"product_cat","embeddable":true,"href":"https:\/\/eco-market24.com\/et\/wp-json\/wp\/v2\/product_cat?post=1199"},{"taxonomy":"product_tag","embeddable":true,"href":"https:\/\/eco-market24.com\/et\/wp-json\/wp\/v2\/product_tag?post=1199"}],"curies":[{"name":"wp","href":"https:\/\/api.w.org\/{rel}","templated":true}]}}