{"id":1223,"date":"2025-09-29T16:22:21","date_gmt":"2025-09-29T14:22:21","guid":{"rendered":"https:\/\/eco-market24.com\/product\/jaatmekonteiner-770-l-kollane\/"},"modified":"2025-09-29T19:58:50","modified_gmt":"2025-09-29T17:58:50","slug":"jaatmekonteiner-770-l-kollane","status":"publish","type":"product","link":"https:\/\/eco-market24.com\/et\/toode\/jaatmekonteiner-770-l-kollane\/","title":{"rendered":"J\u00e4\u00e4tmekonteiner 770 l, kollane"},"content":{"rendered":"<p>Kollane j\u00e4\u00e4tmekonteiner 770 L \u2013 ideaalne metallide ja plastide jaoks ettev\u00f5tetes, asutustes ja elamupiirkondades<\/p>\n<p>\u00dclevaade<br \/>\nESE kollane 770 L j\u00e4\u00e4tmekonteiner on praktiline lahendus metallide ja plastide sorteerimiseks. Selle eristatav, RAL-iga koosk\u00f5las olev kollane v\u00e4rv h\u00f5lbustab s\u00fcsteemset j\u00e4\u00e4tmete sorteerimist vastavalt Euroopa n\u00f5uetele. Sobib elamualadele, ettev\u00f5tetele ja avalikele asutustele; 770 L konteiner \u00fchendab tugevate konstruktsioonielementide ja atraktiivse viimistluse. ESE tooted on tuntud vastupidavuse ja funktsionaalsuse poolest Euroopa turul.<\/p>\n<p>Standardid ja \u00fchilduvus<br \/>\n  Kvaliteedistandard: RAL-GZ 951\/1<br \/>\n  Vastavus: EN 840 ja EN 840-5\/6C<br \/>\n  \u00dchilduvus: T\u00f6\u00f6tav kaasaegsete pr\u00fcgiveokitega (ees-, k\u00fclg- ja tagalaadimine) k\u00fclgvarraste ja kammiribaga<\/p>\n<p>Vastupidav ja usaldusv\u00e4\u00e4rne konstruktsioon<br \/>\n770 L konteiner on kompaktsete m\u00f5\u00f5tmetega ja sobib piiratud ruumidesse. Valmistatud suure tihedusega pol\u00fcet\u00fcleenist (PE-HD), mis on vastupidav UV-kiirgusele, hapetele ja erinevatele ilmastikutingimustele, mist\u00f5ttu sobib nii siseruumidesse kui v\u00e4lioludesse. Struktuuri on tugevdatu servades ja suurkoormuspiirkondades paremaks vastupidavuseks ja mehaaniliseks tugevuseks. K\u00fclgroovid ja DIN-iga koosk\u00f5las kammiriba tagavad stabiilsuse ja lihtsa k\u00e4itlemise erinevatel pindadel.<\/p>\n<p>Ergonoomiline disain \u2014 kasutusmugavus<br \/>\n  K\u00e4epidemed: Neli ergonoomilist k\u00e4epidet<br \/>\n  Rattad: Vastupidavad 200 mm rattad; kaks esiratast piduritega stabiilseks paigalhoidmiseks<br \/>\n  Riputus: Galvaniseeritud riputuselemendid vastupidavuse suurendamiseks<br \/>\n  Kaan: Lame, tihe kaas tugevdatud hingesidemeis l\u00f5hnade ennetamiseks<br \/>\n  Hooldus: Sile sisepind ja keskmine \u00e4ravoolukork lihtsaks puhastamiseks<\/p>\n<p>Sorteerimiskonteinerite v\u00e4rvid<br \/>\n  Grafiit \u2013 segaj\u00e4\u00e4tmed<br \/>\n  Sinine \u2013 paber<br \/>\n  Kollane \u2013 metallid ja plastid<br \/>\n  Roheline \u2013 klaas<br \/>\n  Pruun \u2013 bioj\u00e4\u00e4tmed<\/p>\n<p>Oluline teave<br \/>\n  Tugev konstruktsioon ilmastikukindlast materjalist<br \/>\n  Rahvusvaheline kvaliteedisertifikaat: RAL-GZ 951\/1<br \/>\n  Vastavus Euroopa standarditele: EN 840<br \/>\n  Ergonoomilised k\u00e4epidemed ja liikuvus vastupidavate ratastega<br \/>\n  Stabiilsus esirataste pidurite abil<br \/>\n  Lihtne hooldus t\u00e4nu siledele pindadele ja \u00e4ravoolukorgile<br \/>\n  Mitmekesine kasutusala ja \u00fchilduvus erinevat t\u00fc\u00fcpi pr\u00fcgiveokitega<\/p>\n","protected":false},"excerpt":{"rendered":"<p>Kollane 770 L j\u00e4\u00e4tmekonteiner \u2013 ideaalne metallide ja plastide kogumiseks ettev\u00f5tetes, asutustes ja elamurajoonides. See praktiline 770 L konteiner on m\u00f5eldud metallide ja plastide t\u00f5husaks sorteerimiseks ning eristamiseks on sellel RAL-ile vastav iseloomulik kollane v\u00e4rv.<\/p>\n","protected":false},"featured_media":1781,"comment_status":"open","ping_status":"closed","template":"","meta":[],"product_brand":[],"product_cat":[122],"product_tag":[],"class_list":{"0":"post-1223","1":"product","2":"type-product","3":"status-publish","4":"has-post-thumbnail","6":"product_cat-jaatmekonteinerid","8":"first","9":"instock","10":"taxable","11":"shipping-taxable","12":"purchasable","13":"product-type-simple"},"_links":{"self":[{"href":"https:\/\/eco-market24.com\/et\/wp-json\/wp\/v2\/product\/1223","targetHints":{"allow":["GET"]}}],"collection":[{"href":"https:\/\/eco-market24.com\/et\/wp-json\/wp\/v2\/product"}],"about":[{"href":"https:\/\/eco-market24.com\/et\/wp-json\/wp\/v2\/types\/product"}],"replies":[{"embeddable":true,"href":"https:\/\/eco-market24.com\/et\/wp-json\/wp\/v2\/comments?post=1223"}],"wp:featuredmedia":[{"embeddable":true,"href":"https:\/\/eco-market24.com\/et\/wp-json\/wp\/v2\/media\/1781"}],"wp:attachment":[{"href":"https:\/\/eco-market24.com\/et\/wp-json\/wp\/v2\/media?parent=1223"}],"wp:term":[{"taxonomy":"product_brand","embeddable":true,"href":"https:\/\/eco-market24.com\/et\/wp-json\/wp\/v2\/product_brand?post=1223"},{"taxonomy":"product_cat","embeddable":true,"href":"https:\/\/eco-market24.com\/et\/wp-json\/wp\/v2\/product_cat?post=1223"},{"taxonomy":"product_tag","embeddable":true,"href":"https:\/\/eco-market24.com\/et\/wp-json\/wp\/v2\/product_tag?post=1223"}],"curies":[{"name":"wp","href":"https:\/\/api.w.org\/{rel}","templated":true}]}}