{"id":1259,"date":"2025-09-29T16:22:16","date_gmt":"2025-09-29T14:22:16","guid":{"rendered":"https:\/\/eco-market24.com\/product\/660-l-kollane-jaatmekonteiner\/"},"modified":"2025-09-29T19:59:14","modified_gmt":"2025-09-29T17:59:14","slug":"660-l-kollane-jaatmekonteiner","status":"publish","type":"product","link":"https:\/\/eco-market24.com\/et\/toode\/660-l-kollane-jaatmekonteiner\/","title":{"rendered":"660 l kollane j\u00e4\u00e4tmekonteiner"},"content":{"rendered":"<p>Kollane 660 L j\u00e4\u00e4tmekonteiner \u2014 plastiku ja metalli sorteerimine<\/p>\n<p>660 L kollane konteiner on praktiline lahendus metallide ja plastide selektiivseks kogumiseks. See toetab t\u00f5husat j\u00e4\u00e4tmete eraldamist vastavalt EL juhistele ning sobib korterelamutele, ettev\u00f5tetele ja avalikele kohtadele.<\/p>\n<p>Sertifikaadid ja \u00fchilduvus<\/p>\n<p>  Kvaliteet ja ohutus: RAL\u2011GZ 951\/1 sertifitseeritud; Riikliku H\u00fcgieeniinspektsiooni (PZH) heakskiit<br \/>\n  Standardid: Vastab PN\u2011EN 840 n\u00f5uetele<br \/>\n  \u00dchilduvus: Sobib pr\u00fcgiveoautodele, mis kasutavad k\u00fclg-, esi- ja kombi-t\u00f5steid<\/p>\n<p>Konstruktsioon ja materjalid<\/p>\n<p>  Materjal: Vastupidav HDPE, mis on UV-, madalate temperatuuride ja ilmastikutingimuste suhtes vastupidav<br \/>\n  Tugevused: Mesilasrakukujulised ribid, t\u00e4iendav servade stabiliseerimine, arvutiga projekteeritud p\u00f5hi ja v\u00f5tmeelemendid<br \/>\n  Sulgemine ja ohutus: DIN\u2011vastav comb\u2011tihend ja k\u00fclgserv kindlaks sulgemiseks<\/p>\n<p>Funktsionaalsus ja kasutusmugavus<\/p>\n<p>  K\u00e4epidemed: Neli ergonoomilist k\u00e4epidet liigutamise h\u00f5lbustamiseks<br \/>\n  Kaas: Tihedalt sulguv kaas tugevdusv\u00f5llidega l\u00f5hnade piiramiseks<br \/>\n  Rattad: Neli vastupidavat 200 mm ratast, kaks piduritega stabiilsuse jaoks<br \/>\n  Riputus: Galvaniseeritud riputus pikema eluea tagamiseks<br \/>\n  Hooldus: Sile sisepind lihtsaks t\u00fchjendamiseks ja puhastamiseks; keskel paiknev \u00e4ravoolutihend<\/p>\n<p>Oluline teave<\/p>\n<p>  Maht: 660 liitrit<br \/>\n  M\u00f5eldud plast- ja metallij\u00e4\u00e4tmete sorteerimiseks<br \/>\n  Arvutiga tugevdud konstruktsioon, vastupidav<br \/>\n  Vastupidav UV\u2011kiirgusele, niiskusele ja v\u00e4lism\u00f5judele<br \/>\n  Ergonoomiline disain nelja k\u00e4epideme ja rattapiduritega<\/p>\n","protected":false},"excerpt":{"rendered":"<p>Kollane 660 l j\u00e4\u00e4tmekonteiner \u2014 vastupidav, praktiline lahendus plastide ja metallide sorteeritud kogumiseks.<\/p>\n","protected":false},"featured_media":2049,"comment_status":"open","ping_status":"closed","template":"","meta":[],"product_brand":[],"product_cat":[122],"product_tag":[],"class_list":{"0":"post-1259","1":"product","2":"type-product","3":"status-publish","4":"has-post-thumbnail","6":"product_cat-jaatmekonteinerid","8":"first","9":"instock","10":"taxable","11":"shipping-taxable","12":"purchasable","13":"product-type-simple"},"_links":{"self":[{"href":"https:\/\/eco-market24.com\/et\/wp-json\/wp\/v2\/product\/1259","targetHints":{"allow":["GET"]}}],"collection":[{"href":"https:\/\/eco-market24.com\/et\/wp-json\/wp\/v2\/product"}],"about":[{"href":"https:\/\/eco-market24.com\/et\/wp-json\/wp\/v2\/types\/product"}],"replies":[{"embeddable":true,"href":"https:\/\/eco-market24.com\/et\/wp-json\/wp\/v2\/comments?post=1259"}],"wp:featuredmedia":[{"embeddable":true,"href":"https:\/\/eco-market24.com\/et\/wp-json\/wp\/v2\/media\/2049"}],"wp:attachment":[{"href":"https:\/\/eco-market24.com\/et\/wp-json\/wp\/v2\/media?parent=1259"}],"wp:term":[{"taxonomy":"product_brand","embeddable":true,"href":"https:\/\/eco-market24.com\/et\/wp-json\/wp\/v2\/product_brand?post=1259"},{"taxonomy":"product_cat","embeddable":true,"href":"https:\/\/eco-market24.com\/et\/wp-json\/wp\/v2\/product_cat?post=1259"},{"taxonomy":"product_tag","embeddable":true,"href":"https:\/\/eco-market24.com\/et\/wp-json\/wp\/v2\/product_tag?post=1259"}],"curies":[{"name":"wp","href":"https:\/\/api.w.org\/{rel}","templated":true}]}}