{"id":1265,"date":"2025-09-29T16:22:15","date_gmt":"2025-09-29T14:22:15","guid":{"rendered":"https:\/\/eco-market24.com\/product\/660-l-jaatmekonteiner-meresinine\/"},"modified":"2025-09-29T19:59:15","modified_gmt":"2025-09-29T17:59:15","slug":"660-l-jaatmekonteiner-meresinine","status":"publish","type":"product","link":"https:\/\/eco-market24.com\/et\/toode\/660-l-jaatmekonteiner-meresinine\/","title":{"rendered":"660 l j\u00e4\u00e4tmekonteiner, meresinine"},"content":{"rendered":"<p>Paberipr\u00fcgikast 660 L sinine \u2013 mugav paberi sorteerimine<br \/>\n660 L sinine paberipr\u00fcgikast on praktiline lahendus paberpr\u00fcgi selektiivseks kogumiseks. See vastab k\u00f5igile j\u00e4\u00e4tmete sorteerimise n\u00f5uetele, h\u00f5lbustades n\u00f5uetekohast haldamist vastavalt EL standarditele. Ideaalne korterelamutele, ettev\u00f5tetele ja asutustele \u2014 aitab hoida korda ning toetab keskkonnas\u00f5bralikke tegevusi. Pr\u00fcgikast on valmistatud k\u00f5rgeimate kvaliteedistandardite j\u00e4rgi ning sertifitseeritud RAL-GZ 951\/1 koos PZH heakskiiduga. Samuti vastab see Euroopa standardile PN-EN 840, tagades ohutuse, vastupidavuse ja t\u00e4ieliku \u00fchilduvuse k\u00fclg-, ees- ja tagaaladlaadimiss\u00fcsteemidega.<\/p>\n<p>Vastupidav konstruktsioon<br \/>\n660 L sinine pr\u00fcgikast on tugevast konstruktsioonist ja kompaktsed m\u00f5\u00f5tmetega, sobides nii v\u00e4li- kui sisesekasutuseks. Valmistatud kvaliteetsest HDPE-st, see on vastupidav UV-kiirgusele, madalatele temperatuuridele, hapetele ja teistele v\u00e4lism\u00f5judele. Lisatugevdused \u2014 n\u00e4iteks mee-kujulised ribid ja tugevad servaprofiilid \u2014 suurendavad konstruktsiooni vastupidavust. Alus ja enim koormusele eksponeeritud elemendid on arvutip\u00f5hiselt kujundatud maksimaalse tugevuse tagamiseks.<\/p>\n<p>  DIN-\u00fchilduv hammastikuriba<br \/>\n  K\u00f5rvalflants stabiilsuseks ebatasasel maastikul ja lihtsamaks sulgemiseks<\/p>\n<p>Funktsionaalsus ja ohutus<br \/>\nKasutajamugavust silmas pidades sisaldab pr\u00fcgikast:<\/p>\n<p>  Neli ergonoomilist k\u00e4epidet lihtsamaks k\u00e4sitsemiseks<br \/>\n  Tihedalt sulguv kaas tugevate hingedega l\u00f5hnade v\u00e4ltimiseks<br \/>\n  Neli 200 mm vastupidavat, vaikselt rullivat ratast (kaks piduritega)<br \/>\n  Kuumt\u00f6\u00f6deldud galvaniseeritud ratasalused korrosioonikaitseks<br \/>\n  Sile sisepind ja tsentraalselt paiknev t\u00fchjendusava lihtsaks puhastamiseks ja hoolduseks<\/p>\n<p>Sortimise v\u00e4rvid<br \/>\nSee mudel on sinine konteiner paberi jaoks. Teised saadaval olevad v\u00e4rvid selektiivseks kogumiseks:<\/p>\n<p>  Kollane \u2013 metall ja plast<br \/>\n  Roheline \u2013 klaas<br \/>\n  Pruun \u2013 bioj\u00e4\u00e4tmed<br \/>\n  Punane \u2013 ohtlikud j\u00e4\u00e4tmed<br \/>\n  Must \u2013 segaj\u00e4\u00e4tmed<\/p>\n<p>P\u00f5hiinfo<\/p>\n<p>  Arvutip\u00f5hine vastupidav konstruktsioon<br \/>\n  Vastupidavus hapetele, k\u00fclmale, UV-kiirgusele ja teistele ilmastikutingimustele<br \/>\n  Vastavus PN-EN 840; sertifitseeritud RAL-GZ 951\/1; PZH heakskiit<br \/>\n  Ergonoomiline disain nelja k\u00e4epidemega<br \/>\n  Eesmistel ratastel pidurid stabiilsuseks<br \/>\n  Lihtne hooldus t\u00e4nu siledale pinnale ja t\u00fchjendusavale<br \/>\n  Sobib paberi selektiivseks kogumiseks<\/p>\n","protected":false},"excerpt":{"rendered":"<p>660 l sinine paberipr\u00fcgikonteiner \u2014 praktiline, EL-i n\u00f5uetele vastav lahendus mugavaks ja t\u00f5husaks paberi sorteerimiseks.<\/p>\n","protected":false},"featured_media":1653,"comment_status":"open","ping_status":"closed","template":"","meta":[],"product_brand":[],"product_cat":[122],"product_tag":[],"class_list":{"0":"post-1265","1":"product","2":"type-product","3":"status-publish","4":"has-post-thumbnail","6":"product_cat-jaatmekonteinerid","8":"first","9":"instock","10":"taxable","11":"shipping-taxable","12":"purchasable","13":"product-type-simple"},"_links":{"self":[{"href":"https:\/\/eco-market24.com\/et\/wp-json\/wp\/v2\/product\/1265","targetHints":{"allow":["GET"]}}],"collection":[{"href":"https:\/\/eco-market24.com\/et\/wp-json\/wp\/v2\/product"}],"about":[{"href":"https:\/\/eco-market24.com\/et\/wp-json\/wp\/v2\/types\/product"}],"replies":[{"embeddable":true,"href":"https:\/\/eco-market24.com\/et\/wp-json\/wp\/v2\/comments?post=1265"}],"wp:featuredmedia":[{"embeddable":true,"href":"https:\/\/eco-market24.com\/et\/wp-json\/wp\/v2\/media\/1653"}],"wp:attachment":[{"href":"https:\/\/eco-market24.com\/et\/wp-json\/wp\/v2\/media?parent=1265"}],"wp:term":[{"taxonomy":"product_brand","embeddable":true,"href":"https:\/\/eco-market24.com\/et\/wp-json\/wp\/v2\/product_brand?post=1265"},{"taxonomy":"product_cat","embeddable":true,"href":"https:\/\/eco-market24.com\/et\/wp-json\/wp\/v2\/product_cat?post=1265"},{"taxonomy":"product_tag","embeddable":true,"href":"https:\/\/eco-market24.com\/et\/wp-json\/wp\/v2\/product_tag?post=1265"}],"curies":[{"name":"wp","href":"https:\/\/api.w.org\/{rel}","templated":true}]}}