{"id":1271,"date":"2025-09-29T16:22:15","date_gmt":"2025-09-29T14:22:15","guid":{"rendered":"https:\/\/eco-market24.com\/product\/roheline-660-l-jaatmekonteiner\/"},"modified":"2025-09-29T19:59:17","modified_gmt":"2025-09-29T17:59:17","slug":"roheline-660-l-jaatmekonteiner","status":"publish","type":"product","link":"https:\/\/eco-market24.com\/et\/toode\/roheline-660-l-jaatmekonteiner\/","title":{"rendered":"Roheline 660 l j\u00e4\u00e4tmekonteiner"},"content":{"rendered":"<p>660 l roheline j\u00e4\u00e4tmekonteiner \u2013 klaasi sorteerimiseks<br \/>\n660 l roheline konteiner on suurep\u00e4rane lahendus klaasi selektiivseks kogumiseks, vastavuses EL j\u00e4\u00e4tmete segregeerimise standarditega. M\u00f5eldud elamurajoonidele, ettev\u00f5tetele ja avalikele asutustele, aitab t\u00f5husalt hallata j\u00e4\u00e4tmeid ja toetab keskkonnakaitset. Vastab ka omavalitsuste ja linnade kasvavatele esteetika- ja ruumihalduse vajadustele.<\/p>\n<p>Sertifikaadid ja standardid<br \/>\n&#8211; RAL-GZ 951\/1 kvaliteedisertifikaat<br \/>\n&#8211; PZH h\u00fcgieenisertifikaat (Riiklik Tervishoiuinstituut)<br \/>\n&#8211; Vastab PN-EN 840 n\u00f5uetele (\u00fchildub k\u00fclg-, esi- ja tagaaluslaaduritega pr\u00fcgiveokitega)<\/p>\n<p>Konstruktsioon ja materjalid<br \/>\nKonteineril on kompaktne, tugev konstruktsioon, valmistatud vastupidavast HDPE-st, mis on UV-kiirguse, madalate temperatuuride, hapete ja teiste kahjulike v\u00e4lism\u00f5jude suhtes vastupidav. Sobib kasutamiseks nii katustes varjendites kui ka avatud aladel. Konstruktsiooni t\u00e4iustused h\u00f5lmavad mesilasvaha-kujulisi ribisid, vertikaalseid servatugevdusi ja arvutiga kujundatud alust vastupidavuse suurendamiseks. Konteiner on varustatud DIN-ile vastava hammasribaga ja k\u00fclgflantsiga stabiilsuse tagamiseks ebatasastel pindadel ning lihtsaks sulgemiseks.<\/p>\n<p>Funktsionaalsus ja kasutajamugavus<br \/>\n&#8211; Mahutavus: 660 l<br \/>\n&#8211; Neli ergonoomilist k\u00e4epidet ja kaas tugevdusnuppudega lihtsaks kasutuseks ja l\u00f5hnade pidamiseks<br \/>\n&#8211; Liikuv disain nelja vastupidava 200 mm ratta abil; kaks esimest ratast piduritega stabiilsuse tagamiseks<br \/>\n&#8211; Galvaniseeritud ratasemad korrosioonikindluse ja pikema t\u00f6\u00f6ea suurendamiseks<br \/>\n&#8211; Sile pinnaviimistlus ja keskne \u00e4ravooluava lihtsaks puhastamiseks<\/p>\n<p>Saadaval v\u00e4rvid selektiivseks kogumiseks<br \/>\nSelektiivse j\u00e4\u00e4tmekogumise v\u00e4rvivalikud: sinine (paber), kollane (metall ja plast), roheline (klaas), pruun (bioj\u00e4\u00e4tmed), grafiit (seguj\u00e4\u00e4tmed).<\/p>\n<p>Olulised andmed<br \/>\n&#8211; Vastupidav, arvutiga kujundatud konstruktsioon<br \/>\n&#8211; Vastupidavus hapetele, k\u00fclmale, UV-kiirgusele ja teistele ilmastikun\u00e4htustele<br \/>\n&#8211; Vastavus PN-EN 840, RAL-GZ 951\/1 ja PZH n\u00f5uetele<br \/>\n&#8211; Ergonomiline disain nelja k\u00e4epideme ja piduris\u00fcsteemiga esiratastel<br \/>\n&#8211; Lihtne puhastada sileda pinna ja \u00e4ravooluava kaudu<br \/>\n&#8211; Kohandatud klaasi selektiivseks kogumiseks<\/p>\n","protected":false},"excerpt":{"rendered":"<p>660 l roheline j\u00e4\u00e4tmekonteiner klaaside eraldi kogumiseks. EL-ile vastav, ideaalne elamurajoonidele, ettev\u00f5tetele ja avalik-\u00f5iguslikele asutustele, et lihtsustada klaasi selektiivset kogumist.<\/p>\n","protected":false},"featured_media":1713,"comment_status":"open","ping_status":"closed","template":"","meta":[],"product_brand":[],"product_cat":[122],"product_tag":[],"class_list":{"0":"post-1271","1":"product","2":"type-product","3":"status-publish","4":"has-post-thumbnail","6":"product_cat-jaatmekonteinerid","8":"first","9":"instock","10":"taxable","11":"shipping-taxable","12":"purchasable","13":"product-type-simple"},"_links":{"self":[{"href":"https:\/\/eco-market24.com\/et\/wp-json\/wp\/v2\/product\/1271","targetHints":{"allow":["GET"]}}],"collection":[{"href":"https:\/\/eco-market24.com\/et\/wp-json\/wp\/v2\/product"}],"about":[{"href":"https:\/\/eco-market24.com\/et\/wp-json\/wp\/v2\/types\/product"}],"replies":[{"embeddable":true,"href":"https:\/\/eco-market24.com\/et\/wp-json\/wp\/v2\/comments?post=1271"}],"wp:featuredmedia":[{"embeddable":true,"href":"https:\/\/eco-market24.com\/et\/wp-json\/wp\/v2\/media\/1713"}],"wp:attachment":[{"href":"https:\/\/eco-market24.com\/et\/wp-json\/wp\/v2\/media?parent=1271"}],"wp:term":[{"taxonomy":"product_brand","embeddable":true,"href":"https:\/\/eco-market24.com\/et\/wp-json\/wp\/v2\/product_brand?post=1271"},{"taxonomy":"product_cat","embeddable":true,"href":"https:\/\/eco-market24.com\/et\/wp-json\/wp\/v2\/product_cat?post=1271"},{"taxonomy":"product_tag","embeddable":true,"href":"https:\/\/eco-market24.com\/et\/wp-json\/wp\/v2\/product_tag?post=1271"}],"curies":[{"name":"wp","href":"https:\/\/api.w.org\/{rel}","templated":true}]}}