{"id":1283,"date":"2025-09-29T16:22:13","date_gmt":"2025-09-29T14:22:13","guid":{"rendered":"https:\/\/eco-market24.com\/product\/prugikonteiner-660-l-on-must\/"},"modified":"2025-09-29T19:59:21","modified_gmt":"2025-09-29T17:59:21","slug":"prugikonteiner-660-l-on-must","status":"publish","type":"product","link":"https:\/\/eco-market24.com\/et\/toode\/prugikonteiner-660-l-on-must\/","title":{"rendered":"Pr\u00fcgikonteiner 660 l on must"},"content":{"rendered":"<p>J\u00e4\u00e4tmete \u00fchiskonteiner 660 L \u2014 j\u00e4\u00e4tmete sortimine on oluline<br \/>\nJ\u00e4\u00e4tmete \u00fchiskonteiner ESE 660 L on m\u00f5eldud j\u00e4\u00e4tmete selektiivseks kogumiseks. See lihtsustab pr\u00fcgi korrektset sorteerimist vastavalt kehtivatele EL-i juhistele ning sobib elamualadele ja ettev\u00f5tete territooriumitele. See konteiner on suurep\u00e4rane lahendus omavalitsustele ja linnadele, kes hoolivad oma ala v\u00e4ljan\u00e4gemisest ning soovivad toetada keskkonnakaitset.<\/p>\n<p>Sertifikaadid ja vastavus<\/p>\n<p>  RAL-GZ 951\/1 kvaliteedisertifikaat<br \/>\n  Rahvatervise Instituudi (PZH) sertifikaat<br \/>\n  Vastavus Euroopa standardile EN 840<br \/>\n  \u00dchilduv ees-, k\u00fcljelt- ja tagantlaetavate pr\u00fcgiveokitega, kasutades k\u00fclgseid tihvte v\u00f5i eesmist hammasriba<\/p>\n<p>Konteiner 660 L \u2014 vastupidavus<br \/>\n660 L konteiner selektiivseks j\u00e4\u00e4tmekogumiseks on kompaktselt m\u00f5\u00f5detud ja tugeva konstruktsiooniga. See on valmistatud materjalidest, mis on vastupidavad hapetele, UV-kiirgusele ja teistele kahjulikele ilmastikutingimustele, sobides suletud pr\u00fcgiruumiks ja poolavatud varjualustesse.<\/p>\n<p>  Esik\u00fclje ja tagumise serva r\u00f5hutatud tugevdustega kere<br \/>\n  Hammasriba ettevalmistus vastavalt DIN-standardile<br \/>\n  Mesonkoogi-kujulised tugevdusribid<br \/>\n  Arvutiga projekteeritud p\u00f5hi ja suure koormuse osad erakordseks vastupidavuseks<br \/>\n  K\u00fclgtihend kindlaks sulgemiseks ja stabiilseks paigutamiseks ka eba\u00fchtlasel pinnasel<\/p>\n<p>J\u00e4\u00e4tmekonteiner 660 L \u2014 mugavus<br \/>\n660 L linnakonteinerit on mugav kasutada nii t\u00f6\u00f6tajatel kui elanikel:<\/p>\n<p>  Neli ergonoomilist k\u00e4epidet lihtsaks liigutamiseks<br \/>\n  Tihedalt sulguv kaas koos tugevdatud hingetihvtidega l\u00f5hnade v\u00e4hendamiseks<br \/>\n  Neli vastupidavat ja vaikset 200 mm ratast; ees kaks ratast piduritega<br \/>\n  Tsingitud riputus pikendatud kasutusajaks<br \/>\n  Sile v\u00e4lispind lihtsaks hoolduseks ja keskmine t\u00fchjendustoru konteineri sisepuhastuse h\u00f5lbustamiseks<\/p>\n<p>Taaskasutuskonteinerid \u2014 saadaval v\u00e4rvid<br \/>\nESE 660 L on saadaval kuues RAL-v\u00e4rvis sorteerimiseks:<\/p>\n<p>  Sinine \u2013 paber<br \/>\n  Kollane \u2013 metall ja plastid<br \/>\n  Roheline \u2013 klaas<br \/>\n  Pruun \u2013 bioj\u00e4\u00e4tmed<br \/>\n  Punane \u2013 ohtlikud j\u00e4\u00e4tmed<br \/>\n  Must \u2013 segaj\u00e4\u00e4tmed<\/p>\n<p>Olulised andmed<\/p>\n<p>  Vastupidav, arvutiga projekteeritud konstruktsioon<br \/>\n  Materjal vastupidav hapetele, k\u00fclmale ja UV-kiirgusele<br \/>\n  RAL-GZ 951\/1 sertifitseeritud<br \/>\n  Vastav PN EN 840 n\u00f5uetele<br \/>\n  Rahvatervise Instituudi (PZH) sertifikaat<br \/>\n  Kaane kokkusurumismehhanism<br \/>\n  Eesmistel ratastel pidurid stabiilsuse tagamiseks eba\u00fchtlasel maapinnal<br \/>\n  Lihtne puhastada<br \/>\n  Valmistatud selektiivseks j\u00e4\u00e4tmekogumiseks<\/p>\n","protected":false},"excerpt":{"rendered":"<p>ESE 660 L \u00fchiskasutatav j\u00e4\u00e4tmekonteiner \u2014 m\u00f5eldud j\u00e4\u00e4tmete selektiivseks kogumiseks, et toetada n\u00f5uetekohast sorteerimist vastavalt EL-i juhistele; ideaalne elamualadele ja \u00e4ripindadele<\/p>\n","protected":false},"featured_media":1525,"comment_status":"open","ping_status":"closed","template":"","meta":[],"product_brand":[],"product_cat":[122],"product_tag":[],"class_list":{"0":"post-1283","1":"product","2":"type-product","3":"status-publish","4":"has-post-thumbnail","6":"product_cat-jaatmekonteinerid","8":"first","9":"instock","10":"taxable","11":"shipping-taxable","12":"purchasable","13":"product-type-simple"},"_links":{"self":[{"href":"https:\/\/eco-market24.com\/et\/wp-json\/wp\/v2\/product\/1283","targetHints":{"allow":["GET"]}}],"collection":[{"href":"https:\/\/eco-market24.com\/et\/wp-json\/wp\/v2\/product"}],"about":[{"href":"https:\/\/eco-market24.com\/et\/wp-json\/wp\/v2\/types\/product"}],"replies":[{"embeddable":true,"href":"https:\/\/eco-market24.com\/et\/wp-json\/wp\/v2\/comments?post=1283"}],"wp:featuredmedia":[{"embeddable":true,"href":"https:\/\/eco-market24.com\/et\/wp-json\/wp\/v2\/media\/1525"}],"wp:attachment":[{"href":"https:\/\/eco-market24.com\/et\/wp-json\/wp\/v2\/media?parent=1283"}],"wp:term":[{"taxonomy":"product_brand","embeddable":true,"href":"https:\/\/eco-market24.com\/et\/wp-json\/wp\/v2\/product_brand?post=1283"},{"taxonomy":"product_cat","embeddable":true,"href":"https:\/\/eco-market24.com\/et\/wp-json\/wp\/v2\/product_cat?post=1283"},{"taxonomy":"product_tag","embeddable":true,"href":"https:\/\/eco-market24.com\/et\/wp-json\/wp\/v2\/product_tag?post=1283"}],"curies":[{"name":"wp","href":"https:\/\/api.w.org\/{rel}","templated":true}]}}