{"id":1295,"date":"2025-09-29T16:22:10","date_gmt":"2025-09-29T14:22:10","guid":{"rendered":"https:\/\/eco-market24.com\/product\/jaatmekonteiner-360-l-meresinine\/"},"modified":"2025-09-29T19:59:24","modified_gmt":"2025-09-29T17:59:24","slug":"jaatmekonteiner-360-l-meresinine","status":"publish","type":"product","link":"https:\/\/eco-market24.com\/et\/toode\/jaatmekonteiner-360-l-meresinine\/","title":{"rendered":"J\u00e4\u00e4tmekonteiner 360 l, meresinine"},"content":{"rendered":"<p>Sinine taaskasutuscontainer \u2014 360 L (paber)<br \/>\n\u00d6koloogiline lahendus ettev\u00f5tetele ja elamurajoonidele. 360 L sinine konteiner sobib ideaalselt paberi taaskasutuseks kontorites, kortermajades, t\u00f6\u00f6stuspiirkondades ja eramuudes. Selle eristuv v\u00e4rv ja tugev konstruktsioon tagavad lihtsa \u00e4ratuntavuse ja pika t\u00f6\u00f6ea.<\/p>\n<p>Standardid ja sertifikaadid<\/p>\n<p>  Vastab: Euroopa standardile PN\u2011EN 840<br \/>\n  Kvaliteedim\u00e4rk: RAL<br \/>\n  Keskkonnasertifikaat: Riiklik rahvatervise instituut<\/p>\n<p>Konstruktsioon ja vastupidavus<\/p>\n<p>  Materjal: Vastupidav HDPE-plast, UV- ja ilmastikukindel (vihm, lumi, k\u00fclm)<br \/>\n  Kandev\u00f5ime: kuni 160 kg<br \/>\n  Tugevdused: Vertikaalne reljeef ja mesitaru-ribiga struktuur mehaanilise vastupidavuse tagamiseks<br \/>\n  Kinnitus: Standardne kamm-kinnitus vastavalt DIN-ile, \u00fchilduv kogumiss\u00fcsteemidega<br \/>\n  Sobivus: Siseruumidesse ja \u00f5ue; \u00fchilduv k\u00fclglaadimiss\u00fcsteemidega<\/p>\n<p>Ergonoomika ja hooldus<\/p>\n<p>  Disain: Kompaktsed m\u00f5\u00f5tmed ruumipiirangutega kohtadele<br \/>\n  K\u00e4itlemine: Kaks suurt ratast ja spetsiaalne jalatoetus h\u00f5lpsamaks liigutamiseks takistuste \u00fcletamisel ja seljakoormuse v\u00e4hendamiseks<br \/>\n  H\u00fcgieen: Sile sisepind lihtsaks t\u00fchjendamiseks, puhastamiseks ja l\u00f5hnakontrolliks<\/p>\n<p>Saadaval fraktsiooniv\u00e4rv<br \/>\nSinine: Paber<\/p>\n<p>Peamised omadused<\/p>\n<p>  T\u00f5hus sorteerimine: m\u00f5eldud paberi jaoks (sinine)<br \/>\n  K\u00f5rge vastupidavus: HDPE koos ribitugendustega<br \/>\n  Standarditele vastavus: PN\u2011EN 840, RAL<br \/>\n  Ergonomiline: kaks ratast, kamm-kinnitus, jalatoetus<br \/>\n  \u00d6koloogiline: sertifitseeritud Riikliku rahvatervise instituudi poolt<br \/>\n  Lihtne puhastada: sile sisepind<\/p>\n","protected":false},"excerpt":{"rendered":"<p>Sinine taaskasutuskonteiner \u2014 \u00f6koloogiline lahendus ettev\u00f5tetele ja elamualadele. 360 l ESE Blue taaskasutuskonteiner sobib ideaalselt paberi sorteeritud kogumiseks; selle tugev konstruktsioon ja erksad v\u00e4rvid muudavad selle h\u00e4sti n\u00e4htavaks ning sobivaks ettev\u00f5tetele ja elamukompleksidele.<\/p>\n","protected":false},"featured_media":1506,"comment_status":"open","ping_status":"closed","template":"","meta":[],"product_brand":[],"product_cat":[122],"product_tag":[],"class_list":{"0":"post-1295","1":"product","2":"type-product","3":"status-publish","4":"has-post-thumbnail","6":"product_cat-jaatmekonteinerid","8":"first","9":"instock","10":"taxable","11":"shipping-taxable","12":"purchasable","13":"product-type-simple"},"_links":{"self":[{"href":"https:\/\/eco-market24.com\/et\/wp-json\/wp\/v2\/product\/1295","targetHints":{"allow":["GET"]}}],"collection":[{"href":"https:\/\/eco-market24.com\/et\/wp-json\/wp\/v2\/product"}],"about":[{"href":"https:\/\/eco-market24.com\/et\/wp-json\/wp\/v2\/types\/product"}],"replies":[{"embeddable":true,"href":"https:\/\/eco-market24.com\/et\/wp-json\/wp\/v2\/comments?post=1295"}],"wp:featuredmedia":[{"embeddable":true,"href":"https:\/\/eco-market24.com\/et\/wp-json\/wp\/v2\/media\/1506"}],"wp:attachment":[{"href":"https:\/\/eco-market24.com\/et\/wp-json\/wp\/v2\/media?parent=1295"}],"wp:term":[{"taxonomy":"product_brand","embeddable":true,"href":"https:\/\/eco-market24.com\/et\/wp-json\/wp\/v2\/product_brand?post=1295"},{"taxonomy":"product_cat","embeddable":true,"href":"https:\/\/eco-market24.com\/et\/wp-json\/wp\/v2\/product_cat?post=1295"},{"taxonomy":"product_tag","embeddable":true,"href":"https:\/\/eco-market24.com\/et\/wp-json\/wp\/v2\/product_tag?post=1295"}],"curies":[{"name":"wp","href":"https:\/\/api.w.org\/{rel}","templated":true}]}}