{"id":1307,"date":"2025-09-29T16:22:09","date_gmt":"2025-09-29T14:22:09","guid":{"rendered":"https:\/\/eco-market24.com\/product\/360-l-pruun-jaatmekonteiner\/"},"modified":"2025-09-29T19:59:27","modified_gmt":"2025-09-29T17:59:27","slug":"360-l-pruun-jaatmekonteiner","status":"publish","type":"product","link":"https:\/\/eco-market24.com\/et\/toode\/360-l-pruun-jaatmekonteiner\/","title":{"rendered":"360 l pruun j\u00e4\u00e4tmekonteiner"},"content":{"rendered":"<p>J\u00e4\u00e4tmekonteiner biolagunev 360 L \u2014 ese-pruun<br \/>\nSee biolagunevate j\u00e4\u00e4tmete konteiner 360 L (ese-pruun) on ideaalne lahendus ettev\u00f5tetele ja erakasutajatele, kes soovivad toetada orgaaniliste j\u00e4\u00e4tmete liigiti kogumist. M\u00f5eldud v\u00e4ikestele ja keskmise suurusega ettev\u00f5tetele, korteri\u00fchistutele ja majapidamistele; kompaktne disain ja praktilised omadused muudavad selle sobivaks ka piiratud ruumiga paikadesse.<\/p>\n<p>Standardid ja sertifikaadid<br \/>\n&#8211; Vastab: Euroopa standard PN-EN 840<br \/>\n&#8211; Kvaliteedim\u00e4rk: RAL<br \/>\n&#8211; Ohutus ja keskkond: Sertifitseeritud Riikliku Rahvatervise Instituudi poolt<\/p>\n<p>Konstruktsioon ja vastupidavus<br \/>\n&#8211; Materjal: vastupidav HDPE, mis talub UV-kiirgust, vihma, lund ja pakast<br \/>\n&#8211; Kandev\u00f5ime: kuni 160 kg<br \/>\n&#8211; Tugevdused: vertikaalsed tugevdused esi- ja tagaseintel, mesilasruudustiku-tugevdus<br \/>\n&#8211; Kinnitus: kammilaadne kinnitusriba vastavuses DIN-iga<br \/>\n&#8211; \u00dchilduvus: t\u00e4ielikult \u00fchilduv kaasaegsete k\u00fclglaaduriga pr\u00fcgiveokitega<\/p>\n<p>Kasutusmugavus ja hooldus<br \/>\n&#8211; Liikuvus: kaks suurt ratast lihtsaks liigutamiseks ja kallutamiseks<br \/>\n&#8211; Ergonomika: spetsiaalne jalatugi \u00e4\u00e4rekivist \u00fclesaamiseks ja kasutaja selja kaitsmiseks<br \/>\n&#8211; Puhastamine: sujuv sisepind lihtsaks t\u00fchjendamiseks ja l\u00f5hnakontrolliks<\/p>\n<p>V\u00e4rvivalikud<br \/>\nSaadaval pruuni v\u00e4rvina biolagunevatele j\u00e4\u00e4tmetele. Teised fraktsioonid on kohandatavad standardse j\u00e4\u00e4tmev\u00e4rvipaletiga (nt roheline klaasi jaoks, sinine paberi jaoks, grafiit segaj\u00e4\u00e4tmete jaoks, kollane metalli ja plastide jaoks).<\/p>\n<p>Peamised omadused<br \/>\n&#8211; T\u00f5hus sorteerimine: pruun \u2014 biolagunevad j\u00e4\u00e4tmed<br \/>\n&#8211; K\u00f5rge vastupidavus: HDPE, r\u00f6\u00f6pitud tugevdused, kammilaadne kinnitus<br \/>\n&#8211; Tipptasemel kvaliteet: PN-EN 840, RAL-sertifikaat<br \/>\n&#8211; Lihtne transport: 2 ratast, kinnitusriba, jalatugi<br \/>\n&#8211; Keskkonnas\u00f5bralik: sertifitseeritud Riikliku Rahvatervise Instituudi poolt<br \/>\n&#8211; Lihtne hooldus: sujuv sisepind<\/p>\n","protected":false},"excerpt":{"rendered":"<p>360 l pruun bioj\u00e4\u00e4tmete konteiner \u2014 ideaalne, kompaktne lahendus ettev\u00f5tetele ja majapidamistele, kes soovivad aktiivselt toetada orgaaniliste j\u00e4\u00e4tmete sorteerimist v\u00e4iksemal skaalal.<\/p>\n","protected":false},"featured_media":2063,"comment_status":"open","ping_status":"closed","template":"","meta":[],"product_brand":[],"product_cat":[122],"product_tag":[],"class_list":{"0":"post-1307","1":"product","2":"type-product","3":"status-publish","4":"has-post-thumbnail","6":"product_cat-jaatmekonteinerid","8":"first","9":"instock","10":"taxable","11":"shipping-taxable","12":"purchasable","13":"product-type-simple"},"_links":{"self":[{"href":"https:\/\/eco-market24.com\/et\/wp-json\/wp\/v2\/product\/1307","targetHints":{"allow":["GET"]}}],"collection":[{"href":"https:\/\/eco-market24.com\/et\/wp-json\/wp\/v2\/product"}],"about":[{"href":"https:\/\/eco-market24.com\/et\/wp-json\/wp\/v2\/types\/product"}],"replies":[{"embeddable":true,"href":"https:\/\/eco-market24.com\/et\/wp-json\/wp\/v2\/comments?post=1307"}],"wp:featuredmedia":[{"embeddable":true,"href":"https:\/\/eco-market24.com\/et\/wp-json\/wp\/v2\/media\/2063"}],"wp:attachment":[{"href":"https:\/\/eco-market24.com\/et\/wp-json\/wp\/v2\/media?parent=1307"}],"wp:term":[{"taxonomy":"product_brand","embeddable":true,"href":"https:\/\/eco-market24.com\/et\/wp-json\/wp\/v2\/product_brand?post=1307"},{"taxonomy":"product_cat","embeddable":true,"href":"https:\/\/eco-market24.com\/et\/wp-json\/wp\/v2\/product_cat?post=1307"},{"taxonomy":"product_tag","embeddable":true,"href":"https:\/\/eco-market24.com\/et\/wp-json\/wp\/v2\/product_tag?post=1307"}],"curies":[{"name":"wp","href":"https:\/\/api.w.org\/{rel}","templated":true}]}}