{"id":1313,"date":"2025-09-29T16:22:08","date_gmt":"2025-09-29T14:22:08","guid":{"rendered":"https:\/\/eco-market24.com\/product\/360-l-grafiidi-jaatmekonteiner\/"},"modified":"2025-09-29T19:59:29","modified_gmt":"2025-09-29T17:59:29","slug":"360-l-grafiidi-jaatmekonteiner","status":"publish","type":"product","link":"https:\/\/eco-market24.com\/et\/toode\/360-l-grafiidi-jaatmekonteiner\/","title":{"rendered":"360 l grafiidi j\u00e4\u00e4tmekonteiner"},"content":{"rendered":"<p>J\u00e4\u00e4tmekonteiner 360 L teie ettev\u00f5ttele<br \/>\nJ\u00e4\u00e4tmekonteiner 360 L marki ESE on lahendus ettev\u00f5tjatele, kes soovivad panustada s\u00e4\u00e4stlikku j\u00e4\u00e4tmek\u00e4itlusse, hoides kogumiskulud m\u00f5istlikena. Saadaval 5 RAL-v\u00e4rvitoonis, sobib see j\u00e4\u00e4tmete sorteerimiseks v\u00e4ike- ja keskmise suurusega ettev\u00f5tetes, v\u00e4ikestes kontorihoonetes ja eramajades. Selle kompaktne disain ja mugavad omadused teevad selle ideaalseks kohtadesse, kus ruumi on v\u00e4he. Saksa kaubam\u00e4rk ESE on tuntud esteetiliste ja vastupidavate lahenduste poolest paljudes Euroopa linnades.<\/p>\n<p>Standardid ja sertifikaadid<br \/>\nJ\u00e4\u00e4tmekonteiner 360 L on v\u00e4lja t\u00f6\u00f6tatud vastavalt Euroopa standardile PN-EN 840, omab RAL kvaliteedim\u00e4rki ning on Terviseameti sertifikaadiga keskkonnas\u00f5bralik. Konteiner sobib k\u00fclglaadimisega pr\u00fcgivedukitele.<\/p>\n<p>Vastupidavus ja tolerants<br \/>\nJ\u00e4\u00e4tmekonteinerit 360 L saab kasutada siseruumides m\u00e4\u00e4ratud j\u00e4\u00e4tmeruumides v\u00f5i v\u00e4ljas poolkatustes ja avatud \u00f5hus. Valmistatud HDPE plastikust, talub UV-kiirgust, vihma, lund ja k\u00fclma. Maksimaalne kandekaal on kuni 160 kg. Mehaanilist vastupidavust tagavad disainielemendid:<\/p>\n<p>  Vertikaalsed tugevdusevardad esi- ja tagaseintel<br \/>\n  Kamm-t\u00fc\u00fcpi kinnitusriba vastavalt DIN-standarditele<br \/>\n  T\u00e4iendav sooneline tugevdus mesilasv\u00f5rgu mustriga<\/p>\n<p>Need elemendid tagavad suure l\u00f6\u00f6gikindluse mahalaadimise ajal.<\/p>\n<p>Ergonoomiline disain<br \/>\nKasutaja mugavuse jaoks on konteiner varustatud:<\/p>\n<p>  Kahe rattaga lihtsaks kallutamiseks ja teisaldamiseks<br \/>\n  Erilise jalatoega \u00e4\u00e4rekivist \u00fcle s\u00f5itmiseks<br \/>\n  Disainiga, mis kaitseb kasutaja selga<br \/>\n  Siledaga sisev\u00f5\u00f5raga t\u00f5husaks t\u00fchjendamiseks ja lihtsaks puhastamiseks<\/p>\n<p>Taaskasutuskonteiner \u2014 saadaval olevad v\u00e4rvid<br \/>\nSaadaval 5 RAL-v\u00e4rvitoonis t\u00f5husaks sorteerimiseks:<\/p>\n<p>  Roheline \u2014 klaas<br \/>\n  Grafiit \u2014 segaj\u00e4\u00e4tmed<br \/>\n  Sinine \u2014 paber<br \/>\n  Pruun \u2014 bioj\u00e4\u00e4tmed<br \/>\n  Kollane \u2014 metall ja plastid<\/p>\n<p>Peamised andmed<\/p>\n<p>  T\u00f5hus sorteerimine: saadaval 5 RAL-v\u00e4rvitoonis<br \/>\n  Kandekaal: 160 kg<br \/>\n  Vastupidav konstruktsioon: HDPE materjal, kamm-t\u00fc\u00fcpi kinnitusriba, sooneline tugevdus<br \/>\n  K\u00f5rgeim kvaliteet: PN-EN 840 standard, RAL kvaliteedim\u00e4rk<br \/>\n  Mugav transport: 2 ratast, kinnitusriba, jalatoe<br \/>\n  Mitmek\u00fclgsus: sobib k\u00fclglaadimisega pr\u00fcgivedukitele<br \/>\n  Lihtne puhastada: sile sisepind<\/p>\n","protected":false},"excerpt":{"rendered":"<p>360 L j\u00e4\u00e4tmekonteiner \u2014 praktiline ja kulut\u00f5hus lahendus ettev\u00f5tetele, kes otsivad j\u00e4tkusuutlikku j\u00e4\u00e4tmek\u00e4itlust ja madalamaid k\u00f5rvaldamiskulusid.<\/p>\n","protected":false},"featured_media":1568,"comment_status":"open","ping_status":"closed","template":"","meta":[],"product_brand":[],"product_cat":[122],"product_tag":[],"class_list":{"0":"post-1313","1":"product","2":"type-product","3":"status-publish","4":"has-post-thumbnail","6":"product_cat-jaatmekonteinerid","8":"first","9":"instock","10":"taxable","11":"shipping-taxable","12":"purchasable","13":"product-type-simple"},"_links":{"self":[{"href":"https:\/\/eco-market24.com\/et\/wp-json\/wp\/v2\/product\/1313","targetHints":{"allow":["GET"]}}],"collection":[{"href":"https:\/\/eco-market24.com\/et\/wp-json\/wp\/v2\/product"}],"about":[{"href":"https:\/\/eco-market24.com\/et\/wp-json\/wp\/v2\/types\/product"}],"replies":[{"embeddable":true,"href":"https:\/\/eco-market24.com\/et\/wp-json\/wp\/v2\/comments?post=1313"}],"wp:featuredmedia":[{"embeddable":true,"href":"https:\/\/eco-market24.com\/et\/wp-json\/wp\/v2\/media\/1568"}],"wp:attachment":[{"href":"https:\/\/eco-market24.com\/et\/wp-json\/wp\/v2\/media?parent=1313"}],"wp:term":[{"taxonomy":"product_brand","embeddable":true,"href":"https:\/\/eco-market24.com\/et\/wp-json\/wp\/v2\/product_brand?post=1313"},{"taxonomy":"product_cat","embeddable":true,"href":"https:\/\/eco-market24.com\/et\/wp-json\/wp\/v2\/product_cat?post=1313"},{"taxonomy":"product_tag","embeddable":true,"href":"https:\/\/eco-market24.com\/et\/wp-json\/wp\/v2\/product_tag?post=1313"}],"curies":[{"name":"wp","href":"https:\/\/api.w.org\/{rel}","templated":true}]}}