{"id":1319,"date":"2025-09-29T16:22:07","date_gmt":"2025-09-29T14:22:07","guid":{"rendered":"https:\/\/eco-market24.com\/product\/240-l-kollane-jaatmekonteiner\/"},"modified":"2025-09-29T19:59:31","modified_gmt":"2025-09-29T17:59:31","slug":"240-l-kollane-jaatmekonteiner","status":"publish","type":"product","link":"https:\/\/eco-market24.com\/et\/toode\/240-l-kollane-jaatmekonteiner\/","title":{"rendered":"240 l kollane j\u00e4\u00e4tmekonteiner"},"content":{"rendered":"<p>J\u00e4\u00e4tmekonteiner 240 L \u2014 kollane (ese)<\/p>\n<p>\u00dclevaade<br \/>\n240 L kollane j\u00e4\u00e4tmekonteiner (ese) on mitmek\u00fclgne lahendus ettev\u00f5tetele ja elamukompleksidele, m\u00f5eldud plasti ja metalli lihtsaks \u00e4ratundmiseks ja sorteerimiseks. Sobib elamualadele, b\u00fcroohoonetele, kortermajadele ja \u00fcksikelamutele.<\/p>\n<p>Standardid ja sertifikaadid<br \/>\n&#8211; Vastab PN-EN 840 n\u00f5uetele<br \/>\n&#8211; RAL kvaliteedisertifikaat<br \/>\n&#8211; Terviseameti (National Institute of Public Health) sertifikaat \u00f6koloogilise ohutuse kohta<\/p>\n<p>Konstruktsioon ja vastupidavus<br \/>\nValmistatud madalsurvelisest pol\u00fcet\u00fcleenist (HDPE) optimeeritud tootmisprotsessiga CO\u2082-heite v\u00e4hendamiseks. T\u00e4iendavad korrosioonivastased kaitsed (galvaniseerimine ja kroomimine) tagavad sobivuse nii v\u00e4li- kui siseoludesse. Konteiner on \u00fchilduv standardsete kammlift-t\u00fc\u00fcpi pr\u00fcgiveokitega.<br \/>\n&#8211; Metallist teljed tardterasest<br \/>\n&#8211; Ribidega kaheksa-ribaline rumm stabiilsuse t\u00f5stmiseks<br \/>\n&#8211; Struktuuris mesilasrakkude t\u00fc\u00fcpi tugevendus<br \/>\n&#8211; Maksimaalne kandev\u00f5ime: 110 kg<\/p>\n<p>Ergonoomika ja m\u00fcrasummutus<br \/>\n&#8211; Kerge kuid vastupidav konstruktsioon lihtsaks k\u00e4sitsemiseks<br \/>\n&#8211; Ergonomiline k\u00e4epide ja madal kaal parandavad kasutusmugavust<br \/>\n&#8211; Jalaga avatav kaas igap\u00e4evaseks praktiliseks kasutamiseks<br \/>\n&#8211; Vaiksed rattad katetega liikumism\u00fcra v\u00e4hendamiseks<br \/>\n&#8211; Disainilahendused v\u00e4hendavad korgi avamis- ja sulgemism\u00fcra<br \/>\n&#8211; Sujuv sisepind lihtsaks puhastamiseks ja l\u00f5hnade v\u00e4hendamiseks<\/p>\n<p>M\u00f5eldud kasutus ja v\u00e4rvikoodid<br \/>\nSee kollane 240 L konteiner on m\u00f5eldud metalli ja plastiku sorteerimiseks. V\u00e4rvikood lihtsustab j\u00e4\u00e4tmeliikide eraldamist.<\/p>\n<p>P\u00f5hiandmed<br \/>\n&#8211; V\u00e4rv: kollane (metall ja plast)<br \/>\n&#8211; Vastavus: PN-EN 840<br \/>\n&#8211; Kvaliteet: RAL sertifitseeritud<br \/>\n&#8211; Materjal: HDPE koos korrosioonikaitsetega<br \/>\n&#8211; Teljed: tardteras<br \/>\n&#8211; Vaikne t\u00f6\u00f6: kaks ratast katetega ja v\u00e4hendatud korgi m\u00fcratase<br \/>\n&#8211; Hooldus: sujuv sisepind lihtsaks puhastamiseks<\/p>\n","protected":false},"excerpt":{"rendered":"<p>240 l kollane pr\u00fcgikonteiner \u2014 mitmek\u00fclgne lahendus ettev\u00f5tetele ja elamualadele, m\u00f5eldud nii \u00e4riliseks kui isiklikuks kasutamiseks.<\/p>\n","protected":false},"featured_media":2066,"comment_status":"open","ping_status":"closed","template":"","meta":[],"product_brand":[],"product_cat":[122],"product_tag":[],"class_list":{"0":"post-1319","1":"product","2":"type-product","3":"status-publish","4":"has-post-thumbnail","6":"product_cat-jaatmekonteinerid","8":"first","9":"instock","10":"taxable","11":"shipping-taxable","12":"purchasable","13":"product-type-simple"},"_links":{"self":[{"href":"https:\/\/eco-market24.com\/et\/wp-json\/wp\/v2\/product\/1319","targetHints":{"allow":["GET"]}}],"collection":[{"href":"https:\/\/eco-market24.com\/et\/wp-json\/wp\/v2\/product"}],"about":[{"href":"https:\/\/eco-market24.com\/et\/wp-json\/wp\/v2\/types\/product"}],"replies":[{"embeddable":true,"href":"https:\/\/eco-market24.com\/et\/wp-json\/wp\/v2\/comments?post=1319"}],"wp:featuredmedia":[{"embeddable":true,"href":"https:\/\/eco-market24.com\/et\/wp-json\/wp\/v2\/media\/2066"}],"wp:attachment":[{"href":"https:\/\/eco-market24.com\/et\/wp-json\/wp\/v2\/media?parent=1319"}],"wp:term":[{"taxonomy":"product_brand","embeddable":true,"href":"https:\/\/eco-market24.com\/et\/wp-json\/wp\/v2\/product_brand?post=1319"},{"taxonomy":"product_cat","embeddable":true,"href":"https:\/\/eco-market24.com\/et\/wp-json\/wp\/v2\/product_cat?post=1319"},{"taxonomy":"product_tag","embeddable":true,"href":"https:\/\/eco-market24.com\/et\/wp-json\/wp\/v2\/product_tag?post=1319"}],"curies":[{"name":"wp","href":"https:\/\/api.w.org\/{rel}","templated":true}]}}