{"id":1325,"date":"2025-09-29T16:22:07","date_gmt":"2025-09-29T14:22:07","guid":{"rendered":"https:\/\/eco-market24.com\/product\/240-l-biojaatmete-konteiner-ese-restiga\/"},"modified":"2025-09-29T19:59:32","modified_gmt":"2025-09-29T17:59:32","slug":"240-l-biojaatmete-konteiner-ese-restiga","status":"publish","type":"product","link":"https:\/\/eco-market24.com\/et\/toode\/240-l-biojaatmete-konteiner-ese-restiga\/","title":{"rendered":"240 l bioj\u00e4\u00e4tmete konteiner ESE-restiga"},"content":{"rendered":"<p>Containeri bioj\u00e4\u00e4tmed 240 L koos restiga<\/p>\n<p>Ideaalne omavalitsustele ja ettev\u00f5tetele \u2014 240 L bioj\u00e4\u00e4tmecontainer koos restiga on m\u00f5eldud efektiivseks ressursitagastuseks ja kompostimisjaamade parema majanduslikkuse tagamiseks. Sobib j\u00e4\u00e4tmete m\u00f5istlikuks k\u00e4itlemiseks ja pikaajaliseks kasutamiseks.<\/p>\n<p>Disain efektiivseks kompostimiseks<br \/>\nContainer on projekteeritud optimaalse \u00f5huvoolu ja niiskuse efektiivseks aurustamiseks. Sellel on perforatsiooniga seinad v\u00f5i \u00f5hutusv\u00f5rk \u00fcla- ja alaosas, kaanepadi kummist tugipadjanditega \u00f5hukindluse v\u00e4hendamiseks (mis aitab kuivatada) ning hingav konstruktsioon, mis hoiab \u00fcksuse kerge ja k\u00e4ep\u00e4rasena ning piirab l\u00f5hnu.<\/p>\n<p>Konstruktsioon ja vastupidavus<\/p>\n<p>  Materjal: madalsurve k\u00f5rge tihedusega pol\u00fcet\u00fcleen (HDPE), UV-, temperatuuri- ja vihmakindel.<br \/>\n  Tugevdatud p\u00f5hi suurema koormustaluvuse jaoks.<br \/>\n  Toodetud materjalidest, mis ei sisalda kahjulikke keemilisi \u00fchendeid.<br \/>\n  Sile sisepind lihtsaks puhastamiseks ja l\u00f5hnade p\u00fcsivuse v\u00e4hendamiseks.<\/p>\n<p>L\u00f5hnakontrolli ja kompostimise valikud<br \/>\nContainerit saab varustada kaanega, mis sisaldab kookoskiust biofiltrit (vajab \u00f5hukindlaid konteinerid erilise tihendiga). Biofilter neutraliseerib l\u00f5hnu ja takistab putukate v\u00f5i kahjurite sisenemist, v\u00f5imaldades osalist kompostimist containeris enne viimist kompostimisjaama.<\/p>\n<p>Rest ja vedelike haldus<br \/>\nIntegreeritud bio-v\u00f5rk (rest) v\u00f5imaldab vedelikel n\u00f5rguda p\u00f5hja suunas, samal ajal kui ventilatsioon soodustab aurustamist, v\u00e4hendades l\u00f5hnade teket. Container s\u00e4ilitab ligikaudu 90% oma mahust ja parandab komposti kvaliteeti.<\/p>\n<p>Kasutusmugavus<\/p>\n<p>  Mugav kinnituss\u00fcsteem lihtsaks liigutamiseks<br \/>\n  Tugevdatud kaanekinnitused<br \/>\n  Kaks ratast kummirehvidega<br \/>\n  Kerge ja lihtne transportida ning t\u00fchjendada<\/p>\n<p>Oluline info<\/p>\n<p>  Materjal: HDPE<br \/>\n  Standardid: vastavus RAL-GZ 951\/1<br \/>\n  Heakskiit: Riiklik Terviseinstituut (PZH)<br \/>\n  Perforeeritud korpus v\u00f5i ventilatsiooniv\u00f5rgud<br \/>\n  Kaanepadi<br \/>\n  Tugevdatud p\u00f5hi<br \/>\n  Rest vedeliku \u00e4ravooluks<br \/>\n  2 ratast ja mugavad k\u00e4epidemed<br \/>\n  Sile sisepind<br \/>\n  V\u00e4rv: pruun (RAL v\u00e4rvipalett)<\/p>\n","protected":false},"excerpt":{"rendered":"<p>240 L bioj\u00e4\u00e4tmete konteiner ESE-restiga \u2014 ideaalne omavalitsustele ja ettev\u00f5tetele, kes otsivad nutikat ressursitaaskasutust. V\u00f5imaldab kogutud orgaanika t\u00f5husat t\u00f6\u00f6tlemist taaskasutuseks ja suurendab kompostimistehase kasumlikkust.<\/p>\n","protected":false},"featured_media":1815,"comment_status":"open","ping_status":"closed","template":"","meta":[],"product_brand":[],"product_cat":[122],"product_tag":[],"class_list":{"0":"post-1325","1":"product","2":"type-product","3":"status-publish","4":"has-post-thumbnail","6":"product_cat-jaatmekonteinerid","8":"first","9":"instock","10":"taxable","11":"shipping-taxable","12":"purchasable","13":"product-type-simple"},"_links":{"self":[{"href":"https:\/\/eco-market24.com\/et\/wp-json\/wp\/v2\/product\/1325","targetHints":{"allow":["GET"]}}],"collection":[{"href":"https:\/\/eco-market24.com\/et\/wp-json\/wp\/v2\/product"}],"about":[{"href":"https:\/\/eco-market24.com\/et\/wp-json\/wp\/v2\/types\/product"}],"replies":[{"embeddable":true,"href":"https:\/\/eco-market24.com\/et\/wp-json\/wp\/v2\/comments?post=1325"}],"wp:featuredmedia":[{"embeddable":true,"href":"https:\/\/eco-market24.com\/et\/wp-json\/wp\/v2\/media\/1815"}],"wp:attachment":[{"href":"https:\/\/eco-market24.com\/et\/wp-json\/wp\/v2\/media?parent=1325"}],"wp:term":[{"taxonomy":"product_brand","embeddable":true,"href":"https:\/\/eco-market24.com\/et\/wp-json\/wp\/v2\/product_brand?post=1325"},{"taxonomy":"product_cat","embeddable":true,"href":"https:\/\/eco-market24.com\/et\/wp-json\/wp\/v2\/product_cat?post=1325"},{"taxonomy":"product_tag","embeddable":true,"href":"https:\/\/eco-market24.com\/et\/wp-json\/wp\/v2\/product_tag?post=1325"}],"curies":[{"name":"wp","href":"https:\/\/api.w.org\/{rel}","templated":true}]}}