{"id":1331,"date":"2025-09-29T16:22:06","date_gmt":"2025-09-29T14:22:06","guid":{"rendered":"https:\/\/eco-market24.com\/product\/240-l-sinine-prugikonteiner\/"},"modified":"2025-09-29T19:59:34","modified_gmt":"2025-09-29T17:59:34","slug":"240-l-sinine-prugikonteiner","status":"publish","type":"product","link":"https:\/\/eco-market24.com\/et\/toode\/240-l-sinine-prugikonteiner\/","title":{"rendered":"240 l sinine pr\u00fcgikonteiner"},"content":{"rendered":"<p>J\u00e4\u00e4tmekonteiner 240 L \u2014 sinine (paber)<\/p>\n<p>Universaalne lahendus ettev\u00f5tetele ja elamualadele. Sinine v\u00e4rv v\u00f5imaldab paberieraldust h\u00f5lpsasti tuvastada kortermajades, b\u00fcroodes ja mitmepereelamutes. Sobib ka \u00fcksikelamutele t\u00f5husaks j\u00e4\u00e4tmete sortimiseks.<\/p>\n<p>Standardid ja sertifikaadid<\/p>\n<p>  Vastavus: PN-EN 840<br \/>\n  Kvaliteedisertifikaat: RAL<br \/>\n  \u00d6koloogiline ohutus: sertifitseeritud riikliku sanitaariainstituudi poolt<br \/>\n  Keskkonnas\u00f5bralik tootmine: optimeeritud CO2-heite v\u00e4hendamiseks<\/p>\n<p>Konstruktsioon ja vastupidavus<\/p>\n<p>  Materjal: madalsurveline pol\u00fcet\u00fcleen (HDPE)<br \/>\n  Ilmastikukindel: UV-, k\u00fclma- ja tugeva vihma suhtes vastupidav<br \/>\n  Korrosioonikaitse: tsinkimine ja kroomimine<br \/>\n  Teljed: k\u00f5vast terasest metallteljed kaheksaribilise teljepesaga<br \/>\n  Tugevustus: mesilasstruktuur kogu konstruktsioonis<br \/>\n  Maksimaalne kandev\u00f5ime: 110 kg<br \/>\n  \u00dchilduvus: enamik standardseid pr\u00fcgiveokehi kammliftmehhanismidega<\/p>\n<p>Funktsionaalsus ja kasutajamugavus<\/p>\n<p>  Kerge, kuid vastupidav t\u00e4nap\u00e4evase tootmistehnoloogia t\u00f5ttu<br \/>\n  Ergo\u00ad\u00adnoomiline kinnitus lihtsaks liigutamiseks<br \/>\n  Jalaga avatav kaas mugavaks avamiseks<br \/>\n  Vaiksed rattad koos kattega m\u00fcra v\u00e4hendamiseks liikumisel<br \/>\n  M\u00fcra v\u00e4hendamine: konstruktsioonilised lahendused v\u00e4hendavad kaane avamisel ja sulgemisel tekkivat heli<br \/>\n  Sile sisepind lihtsaks puhastamiseks ja halva l\u00f5hna riski v\u00e4hendamiseks<\/p>\n<p>Saadaval v\u00e4rvid<\/p>\n<p>  Sinine: paberij\u00e4\u00e4k<br \/>\n  Roheline: klaas<br \/>\n  Grafiit: segaj\u00e4\u00e4tmed<br \/>\n  Pruun: bioj\u00e4\u00e4tmed<br \/>\n  Kollane: metall ja plastid<\/p>\n<p>P\u00f5hiinfo<\/p>\n<p>  Saadavus sinises (paberij\u00e4\u00e4k)<br \/>\n  Vastavus PN-EN 840<br \/>\n  RAL kvaliteedisertifikaat<br \/>\n  Riikliku sanitaariainstituudi sertifikaat<br \/>\n  HDPE-materjal koos korrosioonikaitsetega<br \/>\n  K\u00f5vast terasest metallteljed<br \/>\n  Kaks kaetud ratast vaikseks t\u00f6\u00f6ks<br \/>\n  V\u00e4hendatud m\u00fcra kaane t\u00f5stmisel ja langetamisel<br \/>\n  Sile sisepind lihtsaks puhastamiseks<\/p>\n","protected":false},"excerpt":{"rendered":"<p>240 L sinine j\u00e4\u00e4tmekonteiner ettev\u00f5tetele ja elamukvartalitele \u2014 mitmek\u00fclgne, vastupidav pr\u00fcgikast, ideaalne ettev\u00f5tetele ja eraisikutele; sinine v\u00e4rv tagab paberikogumise kiire \u00e4ratundmise \u00fchiskasutatavatel aladel.<\/p>\n","protected":false},"featured_media":1660,"comment_status":"open","ping_status":"closed","template":"","meta":[],"product_brand":[],"product_cat":[122],"product_tag":[],"class_list":{"0":"post-1331","1":"product","2":"type-product","3":"status-publish","4":"has-post-thumbnail","6":"product_cat-jaatmekonteinerid","8":"first","9":"instock","10":"taxable","11":"shipping-taxable","12":"purchasable","13":"product-type-simple"},"_links":{"self":[{"href":"https:\/\/eco-market24.com\/et\/wp-json\/wp\/v2\/product\/1331","targetHints":{"allow":["GET"]}}],"collection":[{"href":"https:\/\/eco-market24.com\/et\/wp-json\/wp\/v2\/product"}],"about":[{"href":"https:\/\/eco-market24.com\/et\/wp-json\/wp\/v2\/types\/product"}],"replies":[{"embeddable":true,"href":"https:\/\/eco-market24.com\/et\/wp-json\/wp\/v2\/comments?post=1331"}],"wp:featuredmedia":[{"embeddable":true,"href":"https:\/\/eco-market24.com\/et\/wp-json\/wp\/v2\/media\/1660"}],"wp:attachment":[{"href":"https:\/\/eco-market24.com\/et\/wp-json\/wp\/v2\/media?parent=1331"}],"wp:term":[{"taxonomy":"product_brand","embeddable":true,"href":"https:\/\/eco-market24.com\/et\/wp-json\/wp\/v2\/product_brand?post=1331"},{"taxonomy":"product_cat","embeddable":true,"href":"https:\/\/eco-market24.com\/et\/wp-json\/wp\/v2\/product_cat?post=1331"},{"taxonomy":"product_tag","embeddable":true,"href":"https:\/\/eco-market24.com\/et\/wp-json\/wp\/v2\/product_tag?post=1331"}],"curies":[{"name":"wp","href":"https:\/\/api.w.org\/{rel}","templated":true}]}}