{"id":1337,"date":"2025-09-29T16:22:06","date_gmt":"2025-09-29T14:22:06","guid":{"rendered":"https:\/\/eco-market24.com\/product\/240-l-roheline-biojaatmete-konteiner\/"},"modified":"2025-09-29T19:59:36","modified_gmt":"2025-09-29T17:59:36","slug":"240-l-roheline-biojaatmete-konteiner","status":"publish","type":"product","link":"https:\/\/eco-market24.com\/et\/toode\/240-l-roheline-biojaatmete-konteiner\/","title":{"rendered":"240 L roheline bioj\u00e4\u00e4tmete konteiner"},"content":{"rendered":"<p>Container klaasile 240 L \u2014 ESE roheline<\/p>\n<p>Universaalne lahendus ettev\u00f5tetele ja elamurajoonidele. 240 L roheline konteiner on m\u00f5eldud klaasi sorteerimiseks v\u00e4ikestes kontorites, elamurajoonides, kortermajades ja majapidamistes. Sobib standardsete pr\u00fcgiveokitega, millel on kamm-t\u00f5stemehhanismid.<\/p>\n<p>Standardid ja sertifikaadid<\/p>\n<p>  Vastab PN\u2011EN 840 Euroopa standardile<br \/>\n  RAL kvaliteedisertifikaat<br \/>\n  Riikliku rahvatervise instituudi sertifikaat, mis kinnitab \u00f6koloogilist ohutust<br \/>\n  Tootmine optimeeritud CO\u2082 heitmete v\u00e4hendamiseks<br \/>\n  ESE br\u00e4nd \u2014 \u00fcle 80 aasta traditsiooni<\/p>\n<p>Vastupidavus ja konstruktsioon<\/p>\n<p>  Valmistatud madalsurve pol\u00fcet\u00fcleenist (HDPE) k\u00f5rge vastupidavusega UV\u2011kiirguse, k\u00fclma ja tugeva vihma suhtes<br \/>\n  T\u00e4iendavad korrosioonikaitsed: galvaniseerimine ja kroomimine<br \/>\n  Metallist teljed karastatud terasest ja sooneline kaheksasooneline rumm stabiilsuse tagamiseks<br \/>\n  Mesoplaadi t\u00fc\u00fcpi tugevduse konstruktsioon<br \/>\n  Maksimaalne koormus: 110 kg<\/p>\n<p>Mugavus ja kasutusmugavus<\/p>\n<p>  Kerge, ent vastupidav konstruktsioon ergonoomilise k\u00e4epidemega<br \/>\n  Jalaga avatav kaas igap\u00e4evaseks mugavaks kasutamiseks<br \/>\n  Erilised vaiksed rattad kaismetega liikumism\u00fcra v\u00e4hendamiseks<br \/>\n  Konstruktsioon ja kaane kujundus v\u00e4hendavad t\u00f6\u00f6 ajal tekkivat m\u00fcra<br \/>\n  Sile sisepind lihtsamaks puhastamiseks ja l\u00f5hna v\u00e4hendamiseks<\/p>\n<p>Saadaval eraldusv\u00e4rvid<\/p>\n<p>  Roheline \u2014 klaas<br \/>\n  Grafiit \u2014 segapr\u00fcg<br \/>\n  Sinine \u2014 paber<br \/>\n  Pruun \u2014 bioj\u00e4\u00e4tmed<br \/>\n  Kollane \u2014 metall ja plastid<\/p>\n<p>Peamised omadused<\/p>\n<p>  Maht: 240 L<br \/>\n  Fraktsioon: klaas (roheline)<br \/>\n  Vastab PN\u2011EN 840 n\u00f5uetele<br \/>\n  RAL kvaliteedim\u00e4rk<br \/>\n  Riikliku rahvatervise instituudi sertifikaat<br \/>\n  HDPE koos korrosioonikaitsega<br \/>\n  Karastatud terasteljed<br \/>\n  Kaks kaetud ratas vaikseks t\u00f6\u00f6ks<br \/>\n  Sile sisepind<\/p>\n","protected":false},"excerpt":{"rendered":"<p>240 l hallid klaasikonteinerid ja 240 l rohelised j\u00e4\u00e4tmekonteinerid \u2014 universaalsed lahendused ettev\u00f5tetele, korteri\u00fchistutele ja erakasutajatele.<\/p>\n","protected":false},"featured_media":1582,"comment_status":"open","ping_status":"closed","template":"","meta":[],"product_brand":[],"product_cat":[122],"product_tag":[],"class_list":{"0":"post-1337","1":"product","2":"type-product","3":"status-publish","4":"has-post-thumbnail","6":"product_cat-jaatmekonteinerid","8":"first","9":"instock","10":"taxable","11":"shipping-taxable","12":"purchasable","13":"product-type-simple"},"_links":{"self":[{"href":"https:\/\/eco-market24.com\/et\/wp-json\/wp\/v2\/product\/1337","targetHints":{"allow":["GET"]}}],"collection":[{"href":"https:\/\/eco-market24.com\/et\/wp-json\/wp\/v2\/product"}],"about":[{"href":"https:\/\/eco-market24.com\/et\/wp-json\/wp\/v2\/types\/product"}],"replies":[{"embeddable":true,"href":"https:\/\/eco-market24.com\/et\/wp-json\/wp\/v2\/comments?post=1337"}],"wp:featuredmedia":[{"embeddable":true,"href":"https:\/\/eco-market24.com\/et\/wp-json\/wp\/v2\/media\/1582"}],"wp:attachment":[{"href":"https:\/\/eco-market24.com\/et\/wp-json\/wp\/v2\/media?parent=1337"}],"wp:term":[{"taxonomy":"product_brand","embeddable":true,"href":"https:\/\/eco-market24.com\/et\/wp-json\/wp\/v2\/product_brand?post=1337"},{"taxonomy":"product_cat","embeddable":true,"href":"https:\/\/eco-market24.com\/et\/wp-json\/wp\/v2\/product_cat?post=1337"},{"taxonomy":"product_tag","embeddable":true,"href":"https:\/\/eco-market24.com\/et\/wp-json\/wp\/v2\/product_tag?post=1337"}],"curies":[{"name":"wp","href":"https:\/\/api.w.org\/{rel}","templated":true}]}}