{"id":1343,"date":"2025-09-29T16:22:05","date_gmt":"2025-09-29T14:22:05","guid":{"rendered":"https:\/\/eco-market24.com\/product\/240-l-punane-jaatmekonteiner\/"},"modified":"2025-09-29T19:59:37","modified_gmt":"2025-09-29T17:59:37","slug":"240-l-punane-jaatmekonteiner","status":"publish","type":"product","link":"https:\/\/eco-market24.com\/et\/toode\/240-l-punane-jaatmekonteiner\/","title":{"rendered":"240 l punane j\u00e4\u00e4tmekonteiner"},"content":{"rendered":"<p>Punane j\u00e4\u00e4tmekonteiner \u2014 haiglatele ja meditsiiniasutustele<\/p>\n<p>240 L ESE punane j\u00e4\u00e4tmekonteiner on m\u00f5eldud eelk\u00f5ige haiglatele ja teistele meditsiiniasutustele, kus tekib meditsiinilisi j\u00e4\u00e4tmeid. Punane v\u00e4rv h\u00f5lbustab j\u00e4\u00e4tmete sorteerimist kliinikutes, laborites ja apteekides. Sobib ka ettev\u00f5tetele, mis tekitavad ohtlikke j\u00e4\u00e4tmeid, ning on \u00fchilduv standardsete k\u00fctusevedudega j\u00e4\u00e4tmeveokitega, millel on kamm-t\u00f5ste mehhanism.<\/p>\n<p>Standardid ja keskkonnatunnistused<\/p>\n<p>  Vastab PN-EN 840 Euroopa standardile<br \/>\n  RAL kvaliteedim\u00e4rk<br \/>\n  Terviseameti (National Institute of Public Health) t\u00f5end keskkonnas\u00f5bralikkuse kohta<br \/>\n  Tootmine optimeeritud CO\u2082 heitmete v\u00e4hendamiseks<\/p>\n<p>Ehitus ja vastupidavus<\/p>\n<p>  Valmistatud madalsurve pol\u00fcet\u00fcleenist (HDPE)<br \/>\n  T\u00e4iendav korrosioonikaitse: elektrokeevitus\/galvaniseerimine ja kromeerimine<br \/>\n  K\u00f5rge vastupidavus UV-kiirgusele, k\u00fclmale ja tugevatele sademetele \u2014 sobib nii siseruumidesse kui v\u00e4litingimustesse<br \/>\n  Kahekihiline\/mesilasvahu sarnane struktuur pikaajaliseks vastupidavuseks ja vastupidavuseks kahjustustele<br \/>\n  Kandekoormus kuni 110 kg<\/p>\n<p>Ohutus ja funktsionaalsus<\/p>\n<p>  Ribaline kaheksaribaline pistik kindlaks kinnituseks<br \/>\n  Metallist teljed h\u00e4rdatud terasest stabiilsuse tagamiseks<br \/>\n  Kaks rullikut katetega vaikseks t\u00f6\u00f6ks<br \/>\n  Eriliselt ettevalmistatud kinnitus ohutuks t\u00f5stmiseks kogumisautode poolt<br \/>\n  Mugav jalaga avatav kaas<br \/>\n  Sile sisepind lihtsaks puhastamiseks ja l\u00f5hnade v\u00e4hendamiseks<\/p>\n<p>Disain ja k\u00e4sitsemine<\/p>\n<p>  Kerge ja ergonoomiline mugavaks k\u00e4sitlemiseks<br \/>\n  Moderniseeritud, vaiksem t\u00f6\u00f6, v\u00e4hendatud m\u00fcra kaane liikumisel<\/p>\n<p>Saadaval v\u00e4rvid<br \/>\nToode on saadaval punasena (ohtlik\/meditsiiniline j\u00e4\u00e4tmete sort). Teised eraldusv\u00e4rvid: roheline (klaas), grafiit (segatud j\u00e4\u00e4tmed), sinine (paber\/papp), pruun (bioj\u00e4\u00e4tmed), kollane (metall ja plastid).<\/p>\n<p>Peamised andmed<\/p>\n<p>  Maht: 240 L<br \/>\n  Eesm\u00e4rgitud fraktsioon: ohtlik\/meditsiiniline j\u00e4\u00e4tmete (punane)<br \/>\n  Materjal: HDPE koos galvaniseerimise ja kromeerimisega<br \/>\n  Vastavus: PN-EN 840, RAL kvaliteedim\u00e4rk<br \/>\n  Tunnistus: National Institute of Public Health<br \/>\n  Metallist h\u00e4rdatud teraseteljed, 2 ratast katetega, sile sisepind<\/p>\n","protected":false},"excerpt":{"rendered":"<p>Red 240 L Ese Red meditsiinij\u00e4\u00e4tmete konteiner \u2014 m\u00f5eldud haiglatele ja meditsiiniasutustele; punane v\u00e4rv lihtsustab j\u00e4\u00e4tmete sorteerimist kliinikutes, laborites ja apteekides.<\/p>\n","protected":false},"featured_media":1619,"comment_status":"open","ping_status":"closed","template":"","meta":[],"product_brand":[],"product_cat":[122],"product_tag":[],"class_list":{"0":"post-1343","1":"product","2":"type-product","3":"status-publish","4":"has-post-thumbnail","6":"product_cat-jaatmekonteinerid","8":"first","9":"instock","10":"taxable","11":"shipping-taxable","12":"purchasable","13":"product-type-simple"},"_links":{"self":[{"href":"https:\/\/eco-market24.com\/et\/wp-json\/wp\/v2\/product\/1343","targetHints":{"allow":["GET"]}}],"collection":[{"href":"https:\/\/eco-market24.com\/et\/wp-json\/wp\/v2\/product"}],"about":[{"href":"https:\/\/eco-market24.com\/et\/wp-json\/wp\/v2\/types\/product"}],"replies":[{"embeddable":true,"href":"https:\/\/eco-market24.com\/et\/wp-json\/wp\/v2\/comments?post=1343"}],"wp:featuredmedia":[{"embeddable":true,"href":"https:\/\/eco-market24.com\/et\/wp-json\/wp\/v2\/media\/1619"}],"wp:attachment":[{"href":"https:\/\/eco-market24.com\/et\/wp-json\/wp\/v2\/media?parent=1343"}],"wp:term":[{"taxonomy":"product_brand","embeddable":true,"href":"https:\/\/eco-market24.com\/et\/wp-json\/wp\/v2\/product_brand?post=1343"},{"taxonomy":"product_cat","embeddable":true,"href":"https:\/\/eco-market24.com\/et\/wp-json\/wp\/v2\/product_cat?post=1343"},{"taxonomy":"product_tag","embeddable":true,"href":"https:\/\/eco-market24.com\/et\/wp-json\/wp\/v2\/product_tag?post=1343"}],"curies":[{"name":"wp","href":"https:\/\/api.w.org\/{rel}","templated":true}]}}