{"id":1349,"date":"2025-09-29T16:22:04","date_gmt":"2025-09-29T14:22:04","guid":{"rendered":"https:\/\/eco-market24.com\/product\/240-liitrine-pruun-jaatmekonteiner\/"},"modified":"2025-09-29T19:59:39","modified_gmt":"2025-09-29T17:59:39","slug":"240-liitrine-pruun-jaatmekonteiner","status":"publish","type":"product","link":"https:\/\/eco-market24.com\/et\/toode\/240-liitrine-pruun-jaatmekonteiner\/","title":{"rendered":"240-liitrine pruun j\u00e4\u00e4tmekonteiner"},"content":{"rendered":"<p>Pr\u00fcgikonteiner 240 L pruun ettev\u00f5tetele ja elamurajoonidele<br \/>\n240 L pruun ESE pr\u00fcgi konteiner on universaalne lahendus m\u00f5eldud ettev\u00f5tetele ja erakasutajatele. Selle pruun v\u00e4rv v\u00f5imaldab lihtsat tuvastamist bioj\u00e4\u00e4tmete sorteerimiseks kontorihoonetes, elamurajoonides v\u00f5i kortermajades. Sobib ka kodukasutusse, toetades orgaaniliste j\u00e4\u00e4tmete valikhulga kogumist. Konteineri disain on kohandatud kasutamiseks tavap\u00e4raste pr\u00fcgiveokitega, mis on varustatud hammasrihma-liftmehhanismiga.<\/p>\n<p>Standardid ja sertifikaadid<\/p>\n<p>  Vastab PN-EN 840 standarditele<br \/>\n  Omab RAL kvaliteedim\u00e4rki<br \/>\n  Sertifitseeritud Riikliku Terviseinstituudi poolt keskkonnat\u00f6\u00f6kindluse osas<br \/>\n  Toodetud optimeeritud protsessidega CO\u2082 heitmete v\u00e4hendamiseks<br \/>\n  Toodetud ESE br\u00e4ndi poolt, millel \u00fcle 80 aasta kogemust<\/p>\n<p>Vastupidav ja turvaline konstruktsioon<\/p>\n<p>  Valmistatud madalr\u00f5huga pol\u00fcet\u00fcleenist (HDPE), mis talub h\u00e4sti UV-kiirgust, madalaid temperatuure ja sademetega kokkupuudet<br \/>\n  T\u00e4iendavad korrosioonivastased kaitsed: galvaniseerimine ja kroomimine<br \/>\n  Metallist teljed h\u00e4rdatud terasest koos soonelise kaheksa-soonelise teljekattega<br \/>\n  Kinnituseks mesilasv\u00f5rgu struktuur<br \/>\n  Maksimaalne koormus: 110 kg<\/p>\n<p>K\u00e4ep\u00e4rane ja lihtne kasutada<\/p>\n<p>  Kerge, kuid vastupidav t\u00e4nu kaasaegsele tootmistehnoloogiale<br \/>\n  Ergonoomiline k\u00e4epide lihtsaks liigutamiseks<br \/>\n  Kaan m\u00f5eldud jalaga avamiseks<br \/>\n  Vaikselt t\u00f6\u00f6tavad kaetud rattad m\u00fcrataseme v\u00e4hendamiseks<br \/>\n  Kaaneliikumise m\u00fcrasummutuse lahendused<br \/>\n  Sile siseosa lihtsaks puhastamiseks ja l\u00f5hnade v\u00e4hendamiseks<\/p>\n<p>Saadaval v\u00e4rvid<br \/>\n240 L konteiner on saadaval pruunina bioj\u00e4\u00e4tmete jaoks. Muud v\u00e4rvid erinevate fraktsioonide puhul (kui kohaldub): roheline (klaas), grafiit (seguj\u00e4\u00e4tmed), sinine (paber\/papp), kollane (metall ja plastikud).<\/p>\n<p>P\u00f5hiandmed<\/p>\n<p>  Mahutavus: 240 L<br \/>\n  Fraktsioon: bioj\u00e4\u00e4tmed (pruun)<br \/>\n  Vastavus PN-EN 840<br \/>\n  RAL kvaliteedim\u00e4rk<br \/>\n  Sertifitseeritud Riikliku Terviseinstituudi poolt<br \/>\n  Materjal: HDPE koos korrosioonivastaste kaitsetega<br \/>\n  Metallist teljed h\u00e4rdatud terasest<br \/>\n  2 kaetud ratast vaikselt t\u00f6\u00f6tamiseks<br \/>\n  V\u00e4hendatud m\u00fcra kaane avamisel ja sulgemisel<br \/>\n  Sile sisepind<\/p>\n","protected":false},"excerpt":{"rendered":"<p>240 l pruun j\u00e4\u00e4tmekonteiner \u2014 mitmek\u00fclgne, vastupidav lahendus ettev\u00f5tetele ja elamualadele<\/p>\n","protected":false},"featured_media":1523,"comment_status":"open","ping_status":"closed","template":"","meta":[],"product_brand":[],"product_cat":[122],"product_tag":[],"class_list":{"0":"post-1349","1":"product","2":"type-product","3":"status-publish","4":"has-post-thumbnail","6":"product_cat-jaatmekonteinerid","8":"first","9":"instock","10":"taxable","11":"shipping-taxable","12":"purchasable","13":"product-type-simple"},"_links":{"self":[{"href":"https:\/\/eco-market24.com\/et\/wp-json\/wp\/v2\/product\/1349","targetHints":{"allow":["GET"]}}],"collection":[{"href":"https:\/\/eco-market24.com\/et\/wp-json\/wp\/v2\/product"}],"about":[{"href":"https:\/\/eco-market24.com\/et\/wp-json\/wp\/v2\/types\/product"}],"replies":[{"embeddable":true,"href":"https:\/\/eco-market24.com\/et\/wp-json\/wp\/v2\/comments?post=1349"}],"wp:featuredmedia":[{"embeddable":true,"href":"https:\/\/eco-market24.com\/et\/wp-json\/wp\/v2\/media\/1523"}],"wp:attachment":[{"href":"https:\/\/eco-market24.com\/et\/wp-json\/wp\/v2\/media?parent=1349"}],"wp:term":[{"taxonomy":"product_brand","embeddable":true,"href":"https:\/\/eco-market24.com\/et\/wp-json\/wp\/v2\/product_brand?post=1349"},{"taxonomy":"product_cat","embeddable":true,"href":"https:\/\/eco-market24.com\/et\/wp-json\/wp\/v2\/product_cat?post=1349"},{"taxonomy":"product_tag","embeddable":true,"href":"https:\/\/eco-market24.com\/et\/wp-json\/wp\/v2\/product_tag?post=1349"}],"curies":[{"name":"wp","href":"https:\/\/api.w.org\/{rel}","templated":true}]}}