{"id":1355,"date":"2025-09-29T16:22:01","date_gmt":"2025-09-29T14:22:01","guid":{"rendered":"https:\/\/eco-market24.com\/product\/240-l-grafiidijaatmete-konteiner\/"},"modified":"2025-09-29T19:59:41","modified_gmt":"2025-09-29T17:59:41","slug":"240-l-grafiidijaatmete-konteiner","status":"publish","type":"product","link":"https:\/\/eco-market24.com\/et\/toode\/240-l-grafiidijaatmete-konteiner\/","title":{"rendered":"240 l grafiidij\u00e4\u00e4tmete konteiner"},"content":{"rendered":"<p>240 l pr\u00fcgikonteiner ettev\u00f5tetele ja v\u00e4ikestele elamurajoonidele<\/p>\n<p>240 l j\u00e4\u00e4tmekonteiner ESE grafiit on praktiline lahendus keskmise suurusega ettev\u00f5tetele ja erikasutajatele. Konteiner on saadaval grafiithallina, mis v\u00f5imaldab t\u00f5husat segaj\u00e4\u00e4tmete sorteerimist v\u00e4ikestes \u00e4rimajades ja v\u00e4ikesel elamualal \u2014 ridaelamute v\u00f5i kortermajade juures. Sobib ka eramutele ning lihtsustab segaj\u00e4\u00e4tmete eraldamist taaskasutatavast materjalist. \u00dchilduv standardsete kombi- t\u00f5stukiga pr\u00fcgiveokitega.<\/p>\n<p>Standardid ja keskkonnatunnistused<\/p>\n<p>  Vastab Euroopa standardile PN-EN 840<br \/>\n  RAL kvaliteedim\u00e4rgis<br \/>\n  Rahvatervise instituudi keskkonnakaitse sertifikaat<br \/>\n  Keskkonnas\u00f5bralik tootmine hallatud protsessidega CO2 heitmete olulise v\u00e4hendamise eesm\u00e4rgil<\/p>\n<p>Konstruktsioon ja vastupidavus<\/p>\n<p>  Valmistatud madalr\u00f5huga pol\u00fcet\u00fcleenist (HDPE)<br \/>\n  T\u00e4iendav korrosioonikaitse elektrotsingimise ja kroomkattega<br \/>\n  K\u00f5rge vastupidavus UV-kiirgusele, pakasele ja tugevale sademele<br \/>\n  Mesop\u00f5hine struktuur pikaajaliseks vastupidavuseks<br \/>\n  Kandev\u00f5ime kuni 110 kg<\/p>\n<p>Ohutus ja kasutusmugavus<\/p>\n<p>  Sooneline kaheksaribaline istmik kindlaks kinnituseks<br \/>\n  Metallist teljed k\u00f5vitatud terasest stabiilsuse tagamiseks<br \/>\n  2 ratast kapotitega vaikseks t\u00f6\u00f6ks<br \/>\n  Spetsiaalselt ettevalmistatud kinnitus ohutuks t\u00f5stmiseks kogumisautode poolt<br \/>\n  Mugav jalap\u00e4\u00e4stik ava jaoks<br \/>\n  Sile sisepind lihtsaks puhastamiseks ja l\u00f5hnade v\u00e4hendamiseks<br \/>\n  K\u00e4ep\u00e4rane ja kerge ergonoomilise disainiga lihtsaks man\u00f6\u00f6verdamiseks<\/p>\n<p>Saadaval v\u00e4rvid ja fraktsioonid<\/p>\n<p>  Grafiit \u2014 segaj\u00e4\u00e4tmed<br \/>\n  Roheline \u2014 klaas<br \/>\n  Sinine \u2014 paber<br \/>\n  Pruun \u2014 bioj\u00e4\u00e4tmed<br \/>\n  Kollane \u2014 metall ja plast<\/p>\n<p>Oluline teave<\/p>\n<p>  Saadavus grafiithallis v\u00e4rvitoonis (fraktsioon: segaj\u00e4\u00e4tmed)<br \/>\n  Vastavus PN-EN 840 ja RAL kvaliteedim\u00e4rgile<br \/>\n  Rahvatervise instituudi sertifikaat<br \/>\n  HDPE konstruktsioon korrosioonikaitsetega<br \/>\n  K\u00f5vitatud terasest metallteljed<br \/>\n  2 ratast kapotitega vaikseks t\u00f6\u00f6ks ja m\u00fcra v\u00e4hendamiseks kaane t\u00f5stmisel\/langetamisel<br \/>\n  Sile sisepind<\/p>\n","protected":false},"excerpt":{"rendered":"<p>240 l grafiithall pr\u00fcgikast \u2014 praktiline j\u00e4\u00e4tmekonteiner keskmise suurusega ettev\u00f5tetele ja v\u00e4ikestele elamualadele, ideaalne seguj\u00e4\u00e4tmete t\u00f5husaks sorteerimiseks v\u00e4ikestes b\u00fcroohoonetes.<\/p>\n","protected":false},"featured_media":2080,"comment_status":"open","ping_status":"closed","template":"","meta":[],"product_brand":[],"product_cat":[122],"product_tag":[],"class_list":{"0":"post-1355","1":"product","2":"type-product","3":"status-publish","4":"has-post-thumbnail","6":"product_cat-jaatmekonteinerid","8":"first","9":"instock","10":"taxable","11":"shipping-taxable","12":"purchasable","13":"product-type-simple"},"_links":{"self":[{"href":"https:\/\/eco-market24.com\/et\/wp-json\/wp\/v2\/product\/1355","targetHints":{"allow":["GET"]}}],"collection":[{"href":"https:\/\/eco-market24.com\/et\/wp-json\/wp\/v2\/product"}],"about":[{"href":"https:\/\/eco-market24.com\/et\/wp-json\/wp\/v2\/types\/product"}],"replies":[{"embeddable":true,"href":"https:\/\/eco-market24.com\/et\/wp-json\/wp\/v2\/comments?post=1355"}],"wp:featuredmedia":[{"embeddable":true,"href":"https:\/\/eco-market24.com\/et\/wp-json\/wp\/v2\/media\/2080"}],"wp:attachment":[{"href":"https:\/\/eco-market24.com\/et\/wp-json\/wp\/v2\/media?parent=1355"}],"wp:term":[{"taxonomy":"product_brand","embeddable":true,"href":"https:\/\/eco-market24.com\/et\/wp-json\/wp\/v2\/product_brand?post=1355"},{"taxonomy":"product_cat","embeddable":true,"href":"https:\/\/eco-market24.com\/et\/wp-json\/wp\/v2\/product_cat?post=1355"},{"taxonomy":"product_tag","embeddable":true,"href":"https:\/\/eco-market24.com\/et\/wp-json\/wp\/v2\/product_tag?post=1355"}],"curies":[{"name":"wp","href":"https:\/\/api.w.org\/{rel}","templated":true}]}}