{"id":1361,"date":"2025-09-29T16:22:00","date_gmt":"2025-09-29T14:22:00","guid":{"rendered":"https:\/\/eco-market24.com\/product\/120-l-roheliste-jaatmete-konteiner\/"},"modified":"2025-09-29T19:59:42","modified_gmt":"2025-09-29T17:59:42","slug":"120-l-roheliste-jaatmete-konteiner","status":"publish","type":"product","link":"https:\/\/eco-market24.com\/et\/toode\/120-l-roheliste-jaatmete-konteiner\/","title":{"rendered":"120 l roheliste j\u00e4\u00e4tmete konteiner"},"content":{"rendered":"<p>Container klaasidele 120 L \u2014 Ese Green<\/p>\n<p>M\u00f5eldud v\u00e4ikestele ettev\u00f5tetele ja ridaelamualadele<br \/>\n120 L klaasikonteiner (Ese Green) on m\u00f5eldud v\u00e4ikestele ettev\u00f5tetele ja v\u00e4iksematele elamualadele. Sobib j\u00e4\u00e4tmete sorteerimiseks v\u00e4ikekontorite t\u00f6\u00f6tajate v\u00f5i ridaelamute ja \u00fcksikelamute elanike poolt. Konteiner on roheline vastavalt riiklikule standardile, et h\u00f5lbustada \u00f5iget sorteerimist.<\/p>\n<p>Standardid ja sertifikaadid<\/p>\n<p>  Vastavus: Euroopa standard PN-EN 840<br \/>\n  Kvaliteet: Vastab RAL kvaliteedistandarditele<br \/>\n  Keskkonnasertifikaat: Sertifitseeritud Riikliku Rahvatervise Instituudi poolt<\/p>\n<p>Vastupidavus ja konstruktsioon<br \/>\n120 L klaasikonteiner on valmistatud madalr\u00f5hu pol\u00fcet\u00fcleenist (HDPE) ning lisaks kaitstud elektrotsinkimise ja kroomkattega. See on vastupidav UV-kiirgusele, tugevale sademele ja madalatele temperatuuridele ning sobib siseruumidesse v\u00f5i poolavatud v\u00e4litellu. Konteiner on samuti vastupidav mehaanilisele kahjustusele t\u00e4nu:<\/p>\n<p>  Metalltelgedele: K\u00f5vendatud teras stabiilsuse jaoks<br \/>\n  Ribitud pesale: Kaheksaribiline pesa fikseeritud paigalduseks<br \/>\n  Mesostruktuurile: Tagab vastupidavuse intensiivsete man\u00f6\u00f6vrite ajal<\/p>\n<p>Ergonoomika ja kasutusmugavus<br \/>\nKonteiner \u00fchendab vastupidavuse ja kergekaalulisuse. Sellel on madal serv, s\u00e4ilitades siiski j\u00e4ikuse, ja kannatab kuni 60 kg koormust. Kasutajas\u00f5bralikud omadused:<\/p>\n<p>  Funktsionaalne kinnitus lihtsaks kandmiseks ja stabiilseks t\u00f5stmiseks k\u00e4bilaadsetel pr\u00fcgiveduki haakidel<br \/>\n  Valikuline pedaal k\u00e4tevaba avamiseks<br \/>\n  Kummiga kaetud rattad vaikseks liikumiseks<br \/>\n  Kaasaliikumise m\u00fcrav\u00e4henduse lahendus<br \/>\n  Sile sisepind lihtsaks puhastamiseks ja l\u00f5hnariski v\u00e4hendamiseks<\/p>\n<p>\u00dchilduvus<br \/>\n\u00dchilduv standardsete k\u00e4bilaadsete pr\u00fcgivedukitega.<\/p>\n<p>Saadaval v\u00e4rvid<br \/>\nSee mudel on roheline konteiner klaasile. Muud tootevalikus saadaval olevad RAL-v\u00e4rvid h\u00f5lmavad:<\/p>\n<p>  Roheline \u2014 klaas<br \/>\n  Grafiit \u2014 segaj\u00e4\u00e4tmed<br \/>\n  Sinine \u2014 paber<br \/>\n  Pruun \u2014 bioj\u00e4\u00e4tmed<br \/>\n  Kollane \u2014 metall ja plastid<\/p>\n<p>Oluline teave<\/p>\n<p>  V\u00e4rv: roheline \u2014 klaasile<br \/>\n  Standard: PN-EN 840<br \/>\n  Sertifikaat: Riiklik Rahvatervise Instituut<br \/>\n  Materjal: HDPE koos t\u00e4iendava korrosioonikaitsega<br \/>\n  Teljed: k\u00f5vendatud teras<br \/>\n  Rattad: 2 kaetud, kummiga katetud vaikseks liikumiseks<br \/>\n  Siseosa: sile pind<\/p>\n","protected":false},"excerpt":{"rendered":"<p>120 l Ese Green klaasij\u00e4\u00e4tmete konteiner sobib ideaalselt v\u00e4ikestele ettev\u00f5tetele ja ridaelamutele \u2014 kompaktne, vastupidav ja ideaalne lihtsaks j\u00e4\u00e4tmete sorteerimiseks t\u00f6\u00f6tajate v\u00f5i elanike poolt.<\/p>\n","protected":false},"featured_media":1521,"comment_status":"open","ping_status":"closed","template":"","meta":[],"product_brand":[],"product_cat":[122],"product_tag":[],"class_list":{"0":"post-1361","1":"product","2":"type-product","3":"status-publish","4":"has-post-thumbnail","6":"product_cat-jaatmekonteinerid","8":"first","9":"instock","10":"taxable","11":"shipping-taxable","12":"purchasable","13":"product-type-simple"},"_links":{"self":[{"href":"https:\/\/eco-market24.com\/et\/wp-json\/wp\/v2\/product\/1361","targetHints":{"allow":["GET"]}}],"collection":[{"href":"https:\/\/eco-market24.com\/et\/wp-json\/wp\/v2\/product"}],"about":[{"href":"https:\/\/eco-market24.com\/et\/wp-json\/wp\/v2\/types\/product"}],"replies":[{"embeddable":true,"href":"https:\/\/eco-market24.com\/et\/wp-json\/wp\/v2\/comments?post=1361"}],"wp:featuredmedia":[{"embeddable":true,"href":"https:\/\/eco-market24.com\/et\/wp-json\/wp\/v2\/media\/1521"}],"wp:attachment":[{"href":"https:\/\/eco-market24.com\/et\/wp-json\/wp\/v2\/media?parent=1361"}],"wp:term":[{"taxonomy":"product_brand","embeddable":true,"href":"https:\/\/eco-market24.com\/et\/wp-json\/wp\/v2\/product_brand?post=1361"},{"taxonomy":"product_cat","embeddable":true,"href":"https:\/\/eco-market24.com\/et\/wp-json\/wp\/v2\/product_cat?post=1361"},{"taxonomy":"product_tag","embeddable":true,"href":"https:\/\/eco-market24.com\/et\/wp-json\/wp\/v2\/product_tag?post=1361"}],"curies":[{"name":"wp","href":"https:\/\/api.w.org\/{rel}","templated":true}]}}