{"id":1367,"date":"2025-09-29T16:22:00","date_gmt":"2025-09-29T14:22:00","guid":{"rendered":"https:\/\/eco-market24.com\/product\/prugikonteiner-120-l-kollane\/"},"modified":"2025-09-29T19:59:44","modified_gmt":"2025-09-29T17:59:44","slug":"prugikonteiner-120-l-kollane","status":"publish","type":"product","link":"https:\/\/eco-market24.com\/et\/toode\/prugikonteiner-120-l-kollane\/","title":{"rendered":"Pr\u00fcgikonteiner 120 l, kollane"},"content":{"rendered":"<p>ESE kollane 120 L j\u00e4\u00e4tmete konteiner \u2014 \u00dclevaade<br \/>\n120 L plastikust konteiner v\u00e4ikettev\u00f5tetele ja ridaelamute naabruskondadele \u2014 ESE kollane 120 L j\u00e4\u00e4tmekonteiner \u2014 on t\u00f5estatud lahendus v\u00e4ikeperefirmadele ja v\u00e4ikestele elamurajoonidele. Seda kasutavad v\u00e4ikeste kontorite t\u00f6\u00f6tajad v\u00f5i rida- ja eramutega elanikud. 120 L plastikkonteiner on viimistletud kollase v\u00e4rviga \u2014 vastavalt riiklikule j\u00e4\u00e4tmete sortimise standardile \u2014 mis oluliselt lihtsustab igap\u00e4evast plasti eraldamist muudest j\u00e4\u00e4tmetest. Kollane 120 L j\u00e4\u00e4tmekonteiner on \u00fchilduv standardsete kamm-t\u00f5stukiga j\u00e4\u00e4tmeautodega.<br \/>\n120 L kollasel j\u00e4\u00e4tmekonteineril on kvaliteedisertifikaat, mis kinnitab vastavust Euroopa standardile PN-EN 840 ning see vastab ka RAL kvaliteedistandarditele. ESE 120 L plastikkonteinerit on edukalt kasutatud linnades \u00fcle Euroopa juba 80 aastat. Pidev testimine tagab vastupidavad ja atraktiivsed lahendused. Tootmisprotsess on v\u00e4hendanud CO2 heitkoguseid ning konteiner on saanud Rahvatervise Instituudi sertifikaadi, mis kinnitab negatiivse keskkonnam\u00f5ju puudumist. 120 L kollane konteiner on keskkonnas\u00f5bralik lahendus.<\/p>\n<p>Vastupidavus ja konstruktsioon<br \/>\nKaksratastega 120 L kollane j\u00e4\u00e4tmekonteiner paistab silma k\u00f5rge kvaliteediga. See on valmistatud madalr\u00f5hu pol\u00fcet\u00fcleenist (HDPE) ning t\u00e4iendavalt kaitstud elektrotsinkimise ja kroomkattega. Need materjalid ja arenenud tehnoloogia muudavad konteineri vastupidavaks v\u00e4listele teguritele \u2014 pikaajaline UV-kiirgus, tugev sademete hulk v\u00f5i \u00e4\u00e4rmiselt madalad temperatuurid ei m\u00f5juta selle tehnilist seisukorda ega v\u00e4limust. Seda saab kasutada siseruumides v\u00f5i poolavatud v\u00e4liaedades ning see on vastupidav mehaanilisele kahjustusele.<\/p>\n<p>  Metallist teljed h\u00e4rdatud terasest t\u00f5elise stabiilsuse jaoks<br \/>\n  Kinnituskoht kaheksakordse sooniga fikseeritud paigaldamiseks<br \/>\n  Mesonahkstruktuur vastupidavuseks intensiivsete man\u00f6\u00f6vrite puhul<\/p>\n<p>Ergonoomika ja omadused<br \/>\nTootja tootmistehnika \u00fchendab vastupidavuse ja ohutuse m\u00e4rkimisv\u00e4\u00e4rse kergekaalulisusega. Konteineril on madal \u00e4\u00e4reosa, s\u00e4ilitades siiski j\u00e4ikuse, mis tagab kuni 60 kg kandev\u00f5ime. Disainielemendid lihtsustavad kasutamist ja liigutamist:<\/p>\n<p>  Funktsionaalne kinnitus lihtsaks kandmiseks ja stabiilseks t\u00f5stmiseks j\u00e4\u00e4tmeautode poolt<br \/>\n  Valikuline pedaal k\u00e4tevabaks avamiseks<br \/>\n  Kummrattad katetega vaikseks t\u00f6\u00f6ks<br \/>\n  M\u00fcra v\u00e4hendamise funktsioon kaane t\u00f5stmisel ja langetamisel<br \/>\n  Sile sisepind lihtsaks puhastamiseks<\/p>\n<p>Saadaval v\u00e4rvid<br \/>\n120 L j\u00e4\u00e4tmekonteiner on saadaval viies RAL-v\u00e4rvitoonis, et h\u00f5lbustada j\u00e4\u00e4tmete sortimist:<\/p>\n<p>  Roheline \u2014 klaas<br \/>\n  Grafiit \u2014 segaj\u00e4\u00e4tmed<br \/>\n  Sinine \u2014 paber<br \/>\n  Pruun \u2014 bioj\u00e4\u00e4tmed<br \/>\n  Kollane \u2014 metall ja plastid<\/p>\n<p>Oluline teave<\/p>\n<p>  V\u00e4rv: Kollane \u2014 \u201eplastide ja metallide\u201c fraktsioon<br \/>\n  Standard: Vastab PN-EN 840-le<br \/>\n  Sertifitseerimine: Rahvatervise Instituut<br \/>\n  Materjal: HDPE koos t\u00e4iendava korrosioonikaitsega<br \/>\n  Teljed: Metallist, h\u00e4rdatud terasest<br \/>\n  Rattad: 2 koos katetega vaikseks t\u00f6\u00f6ks<br \/>\n  M\u00fcra v\u00e4hendamine: Kaane t\u00f5stmisel ja langetamisel<br \/>\n  Siseosa: Sile sisepind<\/p>\n","protected":false},"excerpt":{"rendered":"<p>120 l kollane j\u00e4\u00e4tmekonteiner \u2014 t\u00f5estatud, praktiline lahendus v\u00e4ikeettev\u00f5tetele, ridaelamutele ja \u00fcksikelamutele; ideaalne v\u00e4ikestele kontoritele ja koduseks kasutamiseks.<\/p>\n","protected":false},"featured_media":1680,"comment_status":"open","ping_status":"closed","template":"","meta":[],"product_brand":[],"product_cat":[122],"product_tag":[],"class_list":{"0":"post-1367","1":"product","2":"type-product","3":"status-publish","4":"has-post-thumbnail","6":"product_cat-jaatmekonteinerid","8":"first","9":"instock","10":"taxable","11":"shipping-taxable","12":"purchasable","13":"product-type-simple"},"_links":{"self":[{"href":"https:\/\/eco-market24.com\/et\/wp-json\/wp\/v2\/product\/1367","targetHints":{"allow":["GET"]}}],"collection":[{"href":"https:\/\/eco-market24.com\/et\/wp-json\/wp\/v2\/product"}],"about":[{"href":"https:\/\/eco-market24.com\/et\/wp-json\/wp\/v2\/types\/product"}],"replies":[{"embeddable":true,"href":"https:\/\/eco-market24.com\/et\/wp-json\/wp\/v2\/comments?post=1367"}],"wp:featuredmedia":[{"embeddable":true,"href":"https:\/\/eco-market24.com\/et\/wp-json\/wp\/v2\/media\/1680"}],"wp:attachment":[{"href":"https:\/\/eco-market24.com\/et\/wp-json\/wp\/v2\/media?parent=1367"}],"wp:term":[{"taxonomy":"product_brand","embeddable":true,"href":"https:\/\/eco-market24.com\/et\/wp-json\/wp\/v2\/product_brand?post=1367"},{"taxonomy":"product_cat","embeddable":true,"href":"https:\/\/eco-market24.com\/et\/wp-json\/wp\/v2\/product_cat?post=1367"},{"taxonomy":"product_tag","embeddable":true,"href":"https:\/\/eco-market24.com\/et\/wp-json\/wp\/v2\/product_tag?post=1367"}],"curies":[{"name":"wp","href":"https:\/\/api.w.org\/{rel}","templated":true}]}}