{"id":1379,"date":"2025-09-29T16:21:59","date_gmt":"2025-09-29T14:21:59","guid":{"rendered":"https:\/\/eco-market24.com\/product\/120-l-sinine-jaatmekonteiner\/"},"modified":"2025-09-29T20:00:41","modified_gmt":"2025-09-29T18:00:41","slug":"120-l-sinine-jaatmekonteiner","status":"publish","type":"product","link":"https:\/\/eco-market24.com\/et\/toode\/120-l-sinine-jaatmekonteiner\/","title":{"rendered":"120 l sinine j\u00e4\u00e4tmekonteiner"},"content":{"rendered":"<p>J\u00e4\u00e4tmekonteiner 120 L \u2014 sinine (paber)<\/p>\n<p>Ideaalne v\u00e4ikestele ettev\u00f5tetele ja v\u00e4ikestele elamupiirkondadele. 120 L ESE sinine j\u00e4\u00e4tmekonteiner on suurep\u00e4rane lahendus j\u00e4\u00e4tmete sorteerimiseks keskmise suurusega ettev\u00f5tete t\u00f6\u00f6tajate ja ridaelamute ning \u00fcksikelamute elanike poolt. M\u00e4rgistatud vastavalt riiklikule paberisorteerimise standardile, mis h\u00f5lbustab \u00f5iget sorteerimist ja aitab igap\u00e4evast keskkonnahooldust.<\/p>\n<p>Sertifikaadid ja standardid<\/p>\n<p>  Vastab Euroopa standardile PN-EN 840<br \/>\n  Vastab RAL kvaliteedistandarditele<br \/>\n  Sertifitseeritud Rahvatervise Instituudi poolt \u2014 kinnitab, et ei avalda negatiivset keskkonnam\u00f5ju<br \/>\n  \u00dchilduv standardsete kamm-t\u00f5stukiga pr\u00fcgiveokitega<\/p>\n<p>Vastupidavus ja konstruktsioon<\/p>\n<p>  Valmistatud madalsurve pol\u00fcet\u00fcleenist (HDPE) koos elektrotsingimise ja kroomkattega t\u00e4iendavaks kaitseks<br \/>\n  Vastupidav pikale UV-kiirgusele, tugevatele sademetele ja madalatele temperatuuridele<br \/>\n  Sobib siseruumidesse v\u00f5i poolavatud \u00f5uevarjudele<br \/>\n  Vastupidav mehaanilistele kahjustustele, metallteljed valmistatud k\u00f5vendatud terasest<br \/>\n  Kahestatud kaheksa ribiga pesitsus ja mesilasstruktuur tagavad vastupidavuse intensiivsete man\u00f6\u00f6vrite ajal<\/p>\n<p>Ergonoomika ja omadused<\/p>\n<p>  Kerge, kuid j\u00e4ik disain madala kaane ja kuni 60 kg kandev\u00f5imega<br \/>\n  Funktsionaalne kinnitus lihtsaks kandmiseks ja stabiilsuseks pr\u00fcgiveoki t\u00f5stmisel<br \/>\n  Valikuline pedaal k\u00e4ed-vabad avamiseks<br \/>\n  Vaikne t\u00f6\u00f6: kummiga kaetud rattad ja m\u00fcra v\u00e4hendamise lahendus kaane liikumisel<br \/>\n  Siledapinnaline sisemus lihtsaks puhastamiseks ja l\u00f5hna kogunemise v\u00e4hendamiseks<\/p>\n<p>Saadaval v\u00e4rvid (RAL palett)<\/p>\n<p>  Sinine \u2014 paber (see mudel)<br \/>\n  Roheline \u2014 klaas<br \/>\n  Grafiit \u2014 seguj\u00e4\u00e4tmed<br \/>\n  Pruun \u2014 bioj\u00e4\u00e4tmed<br \/>\n  Kollane \u2014 metall ja plastid<\/p>\n<p>P\u00f5hiandmed<\/p>\n<p>  Mahutavus: 120 L<br \/>\n  V\u00e4rv \/ Fraktsioon: Sinine \u2014 paber<br \/>\n  Materjal: HDPE koos t\u00e4iendava korrosioonikaitsega<br \/>\n  Teljed: Metall, k\u00f5vendatud teras<br \/>\n  Rattad: 2 kaetud, kummiga vaikses t\u00f6\u00f6ks<br \/>\n  M\u00fcra v\u00e4hendamine: kaane t\u00f5stmisel\/alandamisel m\u00fcra minimaalne<br \/>\n  Sisemus: Sile pind lihtsaks puhastamiseks<\/p>\n","protected":false},"excerpt":{"rendered":"<p>120 l sinine j\u00e4\u00e4tmekonteiner \u2014 ideaalne v\u00e4ikestele ettev\u00f5tetele ja elamukompleksidele; sobib ideaalselt t\u00f6\u00f6tajate ja elanike poolt j\u00e4\u00e4tmete sorteerimiseks.<\/p>\n","protected":false},"featured_media":2090,"comment_status":"open","ping_status":"closed","template":"","meta":[],"product_brand":[],"product_cat":[122],"product_tag":[],"class_list":{"0":"post-1379","1":"product","2":"type-product","3":"status-publish","4":"has-post-thumbnail","6":"product_cat-jaatmekonteinerid","8":"first","9":"instock","10":"taxable","11":"shipping-taxable","12":"purchasable","13":"product-type-simple"},"_links":{"self":[{"href":"https:\/\/eco-market24.com\/et\/wp-json\/wp\/v2\/product\/1379","targetHints":{"allow":["GET"]}}],"collection":[{"href":"https:\/\/eco-market24.com\/et\/wp-json\/wp\/v2\/product"}],"about":[{"href":"https:\/\/eco-market24.com\/et\/wp-json\/wp\/v2\/types\/product"}],"replies":[{"embeddable":true,"href":"https:\/\/eco-market24.com\/et\/wp-json\/wp\/v2\/comments?post=1379"}],"wp:featuredmedia":[{"embeddable":true,"href":"https:\/\/eco-market24.com\/et\/wp-json\/wp\/v2\/media\/2090"}],"wp:attachment":[{"href":"https:\/\/eco-market24.com\/et\/wp-json\/wp\/v2\/media?parent=1379"}],"wp:term":[{"taxonomy":"product_brand","embeddable":true,"href":"https:\/\/eco-market24.com\/et\/wp-json\/wp\/v2\/product_brand?post=1379"},{"taxonomy":"product_cat","embeddable":true,"href":"https:\/\/eco-market24.com\/et\/wp-json\/wp\/v2\/product_cat?post=1379"},{"taxonomy":"product_tag","embeddable":true,"href":"https:\/\/eco-market24.com\/et\/wp-json\/wp\/v2\/product_tag?post=1379"}],"curies":[{"name":"wp","href":"https:\/\/api.w.org\/{rel}","templated":true}]}}