{"id":1385,"date":"2025-09-29T16:21:58","date_gmt":"2025-09-29T14:21:58","guid":{"rendered":"https:\/\/eco-market24.com\/product\/80-l-jaatmekonteiner-see-seal\/"},"modified":"2025-09-29T20:00:43","modified_gmt":"2025-09-29T18:00:43","slug":"80-l-jaatmekonteiner-see-seal","status":"publish","type":"product","link":"https:\/\/eco-market24.com\/et\/toode\/80-l-jaatmekonteiner-see-seal\/","title":{"rendered":"80 l j\u00e4\u00e4tmekonteiner, see seal"},"content":{"rendered":"<p>ESE 80 L j\u00e4\u00e4tmekonteiner<br \/>\n80 L v\u00e4ike j\u00e4\u00e4tmekonteiner ettev\u00f5tetele ja erakasutajatele on ESE 80 L pr\u00fcgikast, mis sobib v\u00e4ikestele ettev\u00f5tetele ja eramajadele. Konteiner t\u00f6\u00f6tab ideaalselt v\u00e4ikestes b\u00fcroohoonetes ja valvatud elamurajoonides \u2014 ridaelamute ning \u00fche- ja kahepereelamute k\u00f5rval. See v\u00f5imaldab t\u00f5husat j\u00e4\u00e4tmete sorteerimist ja toetab efektiivset taaskasutuse eraldamist, aidates kaitsta planeeti.<\/p>\n<p>Kvaliteet ja sertifitseerimine<br \/>\nValmistatud Saksamaal, r\u00f5huga vastupidavatele ja esteetiliselt meeldivatele lahendustele. ESE konteinerid on ilmunud Euroopa linnades juba 80 aastat. 80 L konteiner vastab RAL-GZ 951\/1 standardile, garanteerides k\u00f5rge tootmiskvaliteedi. Rahvatervise Instituudi sertifikaat kinnitab selle ohutut kasutust ja puuduvat negatiivset m\u00f5ju looduskeskkonnale.<\/p>\n<p>Disain ja vastupidavus<br \/>\n80 L pr\u00fcgikast on ette n\u00e4htud kamm-t\u00fchjendamiseks vastavalt DIN-standarditele. See on kahjustuskindel ja valmistatud k\u00f5rgekvaliteedilistest materjalidest: madalsurve ja k\u00f5rge tihedusega pol\u00fcet\u00fcleen tagab vastupidavuse v\u00e4listele teguritele, ilma et pikaajaline UV-kiirgus, \u00e4\u00e4rmuslikud temperatuurid v\u00f5i vihm seda halvendaksid. T\u00e4iendava korrosioonikaitse tagavad elektrotsinkimine ja kroomimine, muutes konteineri sobivaks nii siseruumidesse kui ka v\u00e4litingimustesse.<\/p>\n<p>Ohutus ja konstruktsioon<br \/>\nKonteiner kasutab ohutuse tagamiseks mesilasraku struktuuri ning k\u00f5rge stabiilsuse tagamiseks on metallist teljed valmistatud k\u00f5vendatud terasest, mis tagab pika kasutusea.<\/p>\n<p>Praktilised omadused<br \/>\n  K\u00e4epide lihtsaks liigutamiseks<br \/>\n  Astmemehhanism selgroo kaitseks ja man\u00f6\u00f6verdamise parandamiseks<br \/>\n  Kaks kummiratast parema transpordi ja vaiksema t\u00f6\u00f6 jaoks<br \/>\n  Sile sisepind lihtsaks puhastamiseks ja ebameeldivate l\u00f5hnade riski v\u00e4hendamiseks<\/p>\n<p>V\u00e4rvivalikud sorteerimiseks<br \/>\n80 L pr\u00fcgikastid toetavad j\u00e4\u00e4tmete sorteerimist ja on saadaval viies RAL-v\u00e4rvitoonis:<br \/>\n  Grafiit \u2014 segatud j\u00e4\u00e4tmed<br \/>\n  Roheline \u2014 klaas<br \/>\n  Sinine \u2014 paber<br \/>\n  Pruun \u2014 bioj\u00e4\u00e4tmed<br \/>\n  Kollane \u2014 metall ja plastid<\/p>\n<p>P\u00f5hiandmed<br \/>\n  Standard: RAL-GZ 951\/1<br \/>\n  Sertifikaat: Rahvatervise Instituut<br \/>\n  T\u00fchjendamine: kamm-t\u00fchjendamine vastavalt DIN-ile<br \/>\n  V\u00e4rvid: viis RAL-v\u00e4rvi<br \/>\n  Materjal: madalsurve, k\u00f5rge tihedusega pol\u00fcet\u00fcleen<br \/>\n  Stabiilsus: metallteljed k\u00f5vendatud terasest<br \/>\n  Liigutatavus: kaks kummiratast, k\u00e4epide ja aste<\/p>\n","protected":false},"excerpt":{"rendered":"<p>V\u00e4ike 80 l j\u00e4\u00e4tmekonteiner sobib ideaalselt ettev\u00f5tetele ja erakasutajatele \u2014 ideaalne v\u00e4ikestele kontoritele, ridaelamutele ning \u00fche- v\u00f5i kahepereelamutele.<\/p>\n","protected":false},"featured_media":2092,"comment_status":"open","ping_status":"closed","template":"","meta":[],"product_brand":[],"product_cat":[122],"product_tag":[],"class_list":{"0":"post-1385","1":"product","2":"type-product","3":"status-publish","4":"has-post-thumbnail","6":"product_cat-jaatmekonteinerid","8":"first","9":"instock","10":"taxable","11":"shipping-taxable","12":"purchasable","13":"product-type-simple"},"_links":{"self":[{"href":"https:\/\/eco-market24.com\/et\/wp-json\/wp\/v2\/product\/1385","targetHints":{"allow":["GET"]}}],"collection":[{"href":"https:\/\/eco-market24.com\/et\/wp-json\/wp\/v2\/product"}],"about":[{"href":"https:\/\/eco-market24.com\/et\/wp-json\/wp\/v2\/types\/product"}],"replies":[{"embeddable":true,"href":"https:\/\/eco-market24.com\/et\/wp-json\/wp\/v2\/comments?post=1385"}],"wp:featuredmedia":[{"embeddable":true,"href":"https:\/\/eco-market24.com\/et\/wp-json\/wp\/v2\/media\/2092"}],"wp:attachment":[{"href":"https:\/\/eco-market24.com\/et\/wp-json\/wp\/v2\/media?parent=1385"}],"wp:term":[{"taxonomy":"product_brand","embeddable":true,"href":"https:\/\/eco-market24.com\/et\/wp-json\/wp\/v2\/product_brand?post=1385"},{"taxonomy":"product_cat","embeddable":true,"href":"https:\/\/eco-market24.com\/et\/wp-json\/wp\/v2\/product_cat?post=1385"},{"taxonomy":"product_tag","embeddable":true,"href":"https:\/\/eco-market24.com\/et\/wp-json\/wp\/v2\/product_tag?post=1385"}],"curies":[{"name":"wp","href":"https:\/\/api.w.org\/{rel}","templated":true}]}}