{"id":1391,"date":"2025-09-29T16:21:58","date_gmt":"2025-09-29T14:21:58","guid":{"rendered":"https:\/\/eco-market24.com\/product\/120-l-grafiithall-prugikonteiner\/"},"modified":"2025-09-29T20:00:45","modified_gmt":"2025-09-29T18:00:45","slug":"120-l-grafiithall-prugikonteiner","status":"publish","type":"product","link":"https:\/\/eco-market24.com\/et\/toode\/120-l-grafiithall-prugikonteiner\/","title":{"rendered":"120 l grafiithall pr\u00fcgikonteiner"},"content":{"rendered":"<p>120 L j\u00e4\u00e4tmecontainer teie ettev\u00f5ttele<br \/>\nESE 120 L j\u00e4\u00e4tmecontainer on m\u00f5eldud v\u00e4ikeettev\u00f5tetele ja v\u00e4iksematele elamukompleksidele. Sobib ideaalselt pr\u00fcgieraldamiseks v\u00e4ikestes kontorites v\u00f5i rida- ja \u00fcksikelamute l\u00e4heduses. Standardiseeritud sorteerimisv\u00e4rvid v\u00f5imaldavad fraktsioonide \u00e4ratundmist. 120\u202fl pr\u00fcgikast toetab j\u00e4tkusuutlikke tegevusi planeedi heaks ning on \u00fchilduv standardsete kombilaaduriga pr\u00fcgiveokitega. Konteineril on kvaliteedisertifikaat, mis kinnitab vastavust Euroopa standardile PN\u2011EN 840 ning see vastab RAL kvaliteedistandarditele.<\/p>\n<p>T\u00f5estatud tootja<br \/>\nESE on juba 80 aastat tootnud konteinerid, mida kasutatakse \u00fcle Euroopa linnades. Ettev\u00f5te on tuntud range testimise poolest, mis tagab vastupidavad ja esteetiliselt meeldivad lahendused. Hoolikalt juhitud tootmisprotsessi kaudu suudeti CO2 heitmeid efektiivselt v\u00e4hendada 2%. L\u00f5pptoodet sertifitseeris Rahvatervise Instituut, kinnitades, et 120 L konteineril ei ole negatiivset m\u00f5ju keskkonnale \u2014 kahekordselt \u00f6koloogiline lahendus.<\/p>\n<p>120 L pr\u00fcgikast \u2014 vali aastateks<br \/>\n120 L segajahutus konteiner kahe praktilise rattaga on valmistatud madalsurve pol\u00fcet\u00fcleenist (HDPE) ning t\u00e4iendavalt kaitstud elektrotsingimise ja kromatiseeringuga. Hoolikalt valitud materjalid ja t\u00e4iustatud tehnoloogia tagavad erakordse vastupidavuse v\u00e4lism\u00f5judele: pikaajaline UV\u2011kiirgus, tugevad sademed ja madalad temperatuurid ei p\u00f5hjusta kiiret riknemist. Sobib sise- v\u00f5i poolavatud v\u00e4liskatuse alla.<br \/>\nKahe rattaga 120 L pr\u00fcgikast on mehaanilise kahjustuse suhtes vastupidav. Sellel on k\u00f5veneeritud terasest metallist teljed stabiilsuse jaoks, sooneline kaheksaribiline pesa fikseeritud paigaldamiseks ning v\u00f5rkv\u00e4rviga (\u00f5\u00f5nestruktuur) tagatud vastupidavus intensiivsete man\u00f6\u00f6vrite ajal. ESE 120 L j\u00e4\u00e4tmekonteiner on ehitatud mitmeks hooajaks.<\/p>\n<p>Ergonomiline disain<br \/>\nMugavuseks loodud konteiner \u00fchendab vastupidavuse ja ohutuse kergusega. Sellel on madal kapuuts, s\u00e4ilitades siiski j\u00e4ikuse, mis tagab kuni 60 kg kandev\u00f5ime. Disain sisaldab funktsionaalset k\u00e4epidet lihtsaks kandmiseks ja stabiilseks t\u00f5stmiseks pr\u00fcgiveoki poolt. Konteinerit on v\u00f5imalik lisavarustusena varustada pedaaliga k\u00e4ed-vabad avatuse jaoks.<br \/>\nKaasaegne 120 L pr\u00fcgikast on ka v\u00e4ga vaikne: kummist kaetud rattad ja eriline mehhanism v\u00e4hendavad m\u00fcra kaane avamisel ja sulgemisel. Lihtsat puhastust tagab sile sisepind, mis takistab ebameeldivate l\u00f5hnade tekkimist.<\/p>\n<p>V\u00e4rvivalikud j\u00e4\u00e4tmete sorteerimiseks<br \/>\nESE 120 L j\u00e4\u00e4tmekonteiner h\u00f5lbustab j\u00e4\u00e4tmete sorteerimist. Kirjeldatud mudel on m\u00f5eldud segaj\u00e4\u00e4tmete jaoks ning on saadaval viies v\u00e4rvitoonis:<\/p>\n<p>  Roheline \u2014 klaas<br \/>\n  Grafiit \u2014 segaj\u00e4\u00e4tmed<br \/>\n  Sinine \u2014 paber<br \/>\n  Pruun \u2014 bioj\u00e4\u00e4tmed<br \/>\n  Kollane \u2014 metall ja plastid<\/p>\n<p>Olulised andmed<\/p>\n<p>  Kasutus: segaj\u00e4\u00e4tmete sorteerimine<br \/>\n  Standardid: PN\u2011EN 840<br \/>\n  Sertifitseerimine: Rahvatervise Instituut<br \/>\n  Materjal: HDPE koos t\u00e4iendavate korrosioonikaitsetega<br \/>\n  Teljed: k\u00f5veneeritud terasest metallteljed<br \/>\n  Rattad: 2 kaetud ratast vaikseks t\u00f6\u00f6ks<br \/>\n  M\u00fcra v\u00e4hendamine: v\u00e4hendatud m\u00fcra kaane t\u00f5stmisel ja langetamisel<br \/>\n  H\u00fcgieen: sile sisepind<\/p>\n","protected":false},"excerpt":{"rendered":"<p>120 l j\u00e4\u00e4tmekonteiner \u2014 ideaalne v\u00e4ikeettev\u00f5tetele ja elamualadele. Sobib suurep\u00e4raselt j\u00e4\u00e4tmete sorteerimiseks v\u00e4ikestes kontorites, rida- ja \u00fcksikelamutes.<\/p>\n","protected":false},"featured_media":2095,"comment_status":"open","ping_status":"closed","template":"","meta":[],"product_brand":[],"product_cat":[122],"product_tag":[],"class_list":{"0":"post-1391","1":"product","2":"type-product","3":"status-publish","4":"has-post-thumbnail","6":"product_cat-jaatmekonteinerid","8":"first","9":"instock","10":"taxable","11":"shipping-taxable","12":"purchasable","13":"product-type-simple"},"_links":{"self":[{"href":"https:\/\/eco-market24.com\/et\/wp-json\/wp\/v2\/product\/1391","targetHints":{"allow":["GET"]}}],"collection":[{"href":"https:\/\/eco-market24.com\/et\/wp-json\/wp\/v2\/product"}],"about":[{"href":"https:\/\/eco-market24.com\/et\/wp-json\/wp\/v2\/types\/product"}],"replies":[{"embeddable":true,"href":"https:\/\/eco-market24.com\/et\/wp-json\/wp\/v2\/comments?post=1391"}],"wp:featuredmedia":[{"embeddable":true,"href":"https:\/\/eco-market24.com\/et\/wp-json\/wp\/v2\/media\/2095"}],"wp:attachment":[{"href":"https:\/\/eco-market24.com\/et\/wp-json\/wp\/v2\/media?parent=1391"}],"wp:term":[{"taxonomy":"product_brand","embeddable":true,"href":"https:\/\/eco-market24.com\/et\/wp-json\/wp\/v2\/product_brand?post=1391"},{"taxonomy":"product_cat","embeddable":true,"href":"https:\/\/eco-market24.com\/et\/wp-json\/wp\/v2\/product_cat?post=1391"},{"taxonomy":"product_tag","embeddable":true,"href":"https:\/\/eco-market24.com\/et\/wp-json\/wp\/v2\/product_tag?post=1391"}],"curies":[{"name":"wp","href":"https:\/\/api.w.org\/{rel}","templated":true}]}}