{"id":1397,"date":"2025-09-29T16:21:57","date_gmt":"2025-09-29T14:21:57","guid":{"rendered":"https:\/\/eco-market24.com\/product\/60-l-jaatmekonteiner\/"},"modified":"2025-09-29T20:00:47","modified_gmt":"2025-09-29T18:00:47","slug":"60-l-jaatmekonteiner","status":"publish","type":"product","link":"https:\/\/eco-market24.com\/et\/toode\/60-l-jaatmekonteiner\/","title":{"rendered":"60 l j\u00e4\u00e4tmekonteiner"},"content":{"rendered":"<p>Container 60 L ettev\u00f5tetele ja korterelamutele<br \/>\n60 L konteiner on t\u00f5estatud viis m\u00f5istlikuks j\u00e4\u00e4tmete sorteerimiseks korterelamutes ja v\u00e4ikestes ettev\u00f5tetes. See on suurep\u00e4rane valik v\u00e4ikettev\u00f5tjatele ning ridaelamute, kortermajade v\u00f5i eramute elanikele. 60 L ratastega pr\u00fcgikonteiner, saadaval 5 RAL-v\u00e4rvitoonis, lihtsustab j\u00e4\u00e4tmete sorteerimist ja v\u00f5imaldab rakendada keskkonnas\u00f5bralikke lahendusi. Saksa br\u00e4nd ESE tarnib konteinerid juba 80 aastat \u2014 nende lahendusi leidub paljudes Euroopa linnades.<\/p>\n<p>Standardid ja sertifitseerimine<br \/>\nSee 60 L konteiner vastab RAL-GZ 951\/1 n\u00f5uetele ning on saanud Rahvatervise Instituudi sertifikaadi, mis tagab k\u00f5rge kvaliteedi, igap\u00e4evase ohutuse ja minimaalset keskkonnam\u00f5ju. Konteiner on kohandatud kamm-t\u00fc\u00fcp t\u00fchjendamiseks vastavalt DIN standarditele.<\/p>\n<p>Vastupidavus ja konstruktsioon<br \/>\n2-rattaline 60 L pr\u00fcgikonteiner on v\u00e4ga vastupidav ja sobib kasutamiseks nii siseruumides kui ka v\u00e4likatustes (sh poolavatud v\u00f5i avatud katustes). Peamised konstruktsioonilised omadused:<\/p>\n<p>  Materjal: UV-, temperatuurik\u00f5ikumiste- ja vihmakindel k\u00f5rge tihedusega madalsurve pol\u00fcet\u00fcleen<br \/>\n  Korrosioonikaitse: elektrogalvaniseerimine ja kroomimine<br \/>\n  Teljed: k\u00f5vendatud terasest metallteljed stabiilsuse tagamiseks<br \/>\n  Struktuur: mesilasvurru-kujuline disain suure l\u00f6\u00f6gikindluse ja pika kasutusea jaoks<\/p>\n<p>Mugavus ja ergonoomika<br \/>\n60 L pr\u00fcgikonteineril on kasutajas\u00f5bralik disain mugavaks ja turvaliseks k\u00e4sitsemiseks:<\/p>\n<p>  K\u00e4epide lihtsaks transportimiseks<br \/>\n  Astmeline tamm selja kaitsmiseks man\u00f6\u00f6verdamisel<br \/>\n  Rattad: 2 kummrattad, 200 mm diameetriga, lihtsaks liikumiseks ja m\u00fcra summutamiseks<br \/>\n  Sisu: sile pind kiireks ja lihtsaks puhastamiseks, mis v\u00e4hendab ebameeldivaid l\u00f5hnu<\/p>\n<p>J\u00e4\u00e4tmete sorteerimise v\u00e4rvid<br \/>\nSaadaval 5 RAL-v\u00e4rvitoonis lihtsaks sorteerimiseks:<\/p>\n<p>  Grafiit \u2014 seguj\u00e4\u00e4tmed<br \/>\n  Roheline \u2014 klaas<br \/>\n  Sinine \u2014 paber<br \/>\n  Pruun \u2014 bioj\u00e4\u00e4tmed<br \/>\n  Kollane \u2014 metall ja plast<\/p>\n<p>Oluline teave<\/p>\n<p>  Vastab RAL-GZ 951\/1 n\u00f5uetele<br \/>\n  Rahvatervise Instituudi sertifikaat<br \/>\n  Kohandatud kamm-t\u00fc\u00fcpi t\u00fchjendamiseks (DIN)<br \/>\n  5 RAL-vastavuses v\u00e4rvitooni<br \/>\n  Valmistatud k\u00f5rge tihedusega madalsurve pol\u00fcet\u00fcleenist<br \/>\n  Metallteljed k\u00f5vendatud terasest<br \/>\n  2 kummrattad<br \/>\n  Praktiline k\u00e4epide<br \/>\n  Selga kaitsev astmelaud<\/p>\n","protected":false},"excerpt":{"rendered":"<p>60 l j\u00e4\u00e4tmekonteiner \u2014 t\u00f5estatud lahendus t\u00f5husaks j\u00e4\u00e4tmete sorteerimiseks elamurajoonides ja v\u00e4ikestes ettev\u00f5tetes. Sobib ideaalselt v\u00e4ikestele ettev\u00f5tjatele ning ridaelamute, korterelamute ja eramute elanikele.<\/p>\n","protected":false},"featured_media":2097,"comment_status":"open","ping_status":"closed","template":"","meta":[],"product_brand":[],"product_cat":[122],"product_tag":[],"class_list":{"0":"post-1397","1":"product","2":"type-product","3":"status-publish","4":"has-post-thumbnail","6":"product_cat-jaatmekonteinerid","8":"first","9":"instock","10":"taxable","11":"shipping-taxable","12":"purchasable","13":"product-type-simple"},"_links":{"self":[{"href":"https:\/\/eco-market24.com\/et\/wp-json\/wp\/v2\/product\/1397","targetHints":{"allow":["GET"]}}],"collection":[{"href":"https:\/\/eco-market24.com\/et\/wp-json\/wp\/v2\/product"}],"about":[{"href":"https:\/\/eco-market24.com\/et\/wp-json\/wp\/v2\/types\/product"}],"replies":[{"embeddable":true,"href":"https:\/\/eco-market24.com\/et\/wp-json\/wp\/v2\/comments?post=1397"}],"wp:featuredmedia":[{"embeddable":true,"href":"https:\/\/eco-market24.com\/et\/wp-json\/wp\/v2\/media\/2097"}],"wp:attachment":[{"href":"https:\/\/eco-market24.com\/et\/wp-json\/wp\/v2\/media?parent=1397"}],"wp:term":[{"taxonomy":"product_brand","embeddable":true,"href":"https:\/\/eco-market24.com\/et\/wp-json\/wp\/v2\/product_brand?post=1397"},{"taxonomy":"product_cat","embeddable":true,"href":"https:\/\/eco-market24.com\/et\/wp-json\/wp\/v2\/product_cat?post=1397"},{"taxonomy":"product_tag","embeddable":true,"href":"https:\/\/eco-market24.com\/et\/wp-json\/wp\/v2\/product_tag?post=1397"}],"curies":[{"name":"wp","href":"https:\/\/api.w.org\/{rel}","templated":true}]}}