{"id":1403,"date":"2025-09-29T16:21:56","date_gmt":"2025-09-29T14:21:56","guid":{"rendered":"https:\/\/eco-market24.com\/product\/prugikonteiner-1100-l-ese-kaheosaline-kaas-sisemise-kaanega-pruun\/"},"modified":"2025-09-29T20:00:48","modified_gmt":"2025-09-29T18:00:48","slug":"prugikonteiner-1100-l-ese-kaheosaline-kaas-sisemise-kaanega-pruun","status":"publish","type":"product","link":"https:\/\/eco-market24.com\/et\/toode\/prugikonteiner-1100-l-ese-kaheosaline-kaas-sisemise-kaanega-pruun\/","title":{"rendered":"Pr\u00fcgikonteiner 1100 l ESE kaheosaline kaas sisemise kaanega, pruun"},"content":{"rendered":"<p>Konteiner bioj\u00e4\u00e4tmete jaoks 1100 l \u2014 ESE jagatud kaas \u201esisset\u00f5mmatava kaanega\u201d (pruun)<\/p>\n<p>Esmaklassiline, suure mahutavusega: 1100 l j\u00e4\u00e4tmekonteiner ESE jagatud kaanega \u201esisset\u00f5mmatava kaanega\u201d pruun on toodetud pikaaegse kogemusega Euroopa tootja poolt. Seda kasutavad j\u00e4\u00e4tmek\u00e4itlusettev\u00f5tted ja -teenused ning sobib omavalitsustele, suurtele ettev\u00f5tetele, riigiasutustele, koolidele, kaubanduskeskustele, elamurajoonidele ja teistele avalikele kohtadele, kus tekib iga p\u00e4ev suures koguses j\u00e4\u00e4tmeid. Pruun v\u00e4rv h\u00f5lbustab bioj\u00e4\u00e4tmete sorteerimist ja v\u00f5ib olla kasutusel kogu konteineri, kogu kaane v\u00f5i ainult v\u00e4ikse kaane puhul. Toode kannab RAL\u2011GZ 951\/1 sertifikaati, vastab EL standardile PN-EN 840 ning on saanud PZH heakskiidu. Sobib DIN-s\u00fcsteemi ja komb-lift mehhanismiga s\u00f5idukitele.<\/p>\n<p>Materjal ja vastupidavus<br \/>\n1100 l j\u00e4\u00e4tmekonteiner on valmistatud k\u00f5rge tihedusega pol\u00fcet\u00fcleenist (HDPE) s\u00fcstimise teel. HDPE tagab korrosioonikindluse ja vastupidavuse ilmastikuoludele; konteiner talub UV-kiirgust, vihma, lund, ekstreemseid temperatuure ja keemilist kokkupuudet ilma pragunemata v\u00f5i deformeerumata. ESE bioj\u00e4\u00e4tmekonteineril on tugevdatud kereehitus t\u00e4iendavate ribidega esimesel ja tagumisel seinal ning tugevustestitud koormuspunktid, mis annavad vastupidavuse mehaanilistele kahjustustele.<\/p>\n<p>Mugavus ja kasutusmugavus<br \/>\nKonteineril on \u201esisset\u00f5mmatava kaane\u201d s\u00fcsteem. V\u00e4ike klapp on v\u00e4ga kerge (u. 1,3 kg), v\u00f5imaldades kasutamist n\u00f5rgematel, eakatel v\u00f5i liikumispuudega isikutel ning v\u00e4hendades avamise ajal vajaminevat ruumi. Kaanedisain minimeerib kahjustusi, v\u00e4ltides kokkup\u00f5rkeid konteineri ja kompaktsioneerimismehhanismide vahel t\u00fchjendamise ajal. Liikumise tagavad neli 20 cm kummiratast (vaikne t\u00f6\u00f6), eesmistel ratastel on lukud ebatasasel pinnal stabiilsuse tagamiseks. Praktilised k\u00e4epidemed ja siledad pinnad teevad konteineri lihtsaks man\u00f6\u00f6verdamiseks ja puhastamiseks.<\/p>\n<p>V\u00f5tmeinfo<\/p>\n<p>  Materjal: k\u00f5rge tihedusega pol\u00fcet\u00fcleen (HDPE)<br \/>\n  Sertifikaat: RAL\u2011GZ 951\/1<br \/>\n  Standardid: PN-EN 840 (EL)<br \/>\n  \u00dchilduvus: DIN-s\u00fcsteem v\u00f5i komb-lift mehhanism<br \/>\n  Kaanes\u00fcsteem: \u201esisset\u00f5mmatav kaas\u201d kerge v\u00e4ikese klapiga<br \/>\n  V\u00e4rviv\u00f5imalused sorteerimiseks: v\u00e4ike kaas, kogu kaas v\u00f5i kogu konteiner<br \/>\n  Konstruktsioon: tugevdatud kere<br \/>\n  Rattad: neli 20 cm kummiratast<br \/>\n  Stabiilsus: kaks lukku eesmistel rullikutel<br \/>\n  T\u00e4iendav: k\u00e4epidemed; v\u00f5imalik paigaldada m\u00fcrasummutid<\/p>\n","protected":false},"excerpt":{"rendered":"<p>1100 L bioj\u00e4\u00e4tmete konteiner linnadele, ettev\u00f5tetele ja korteri\u00fchistutele \u2014 pruun 1100 L pr\u00fcgikonteiner eraldatud kaanega, millel on sisekaanega lahendus (\u201ekaas kaane sees\u201d), pakkudes k\u00f5rgemat kvaliteeti ja suurt mahutavust. Toodetud ettev\u00f5ttes, millel on aastak\u00fcmnete pikkune kogemus ja tooted \u00fcle kogu Euroopa.<\/p>\n","protected":false},"featured_media":1508,"comment_status":"open","ping_status":"closed","template":"","meta":[],"product_brand":[],"product_cat":[122],"product_tag":[],"class_list":{"0":"post-1403","1":"product","2":"type-product","3":"status-publish","4":"has-post-thumbnail","6":"product_cat-jaatmekonteinerid","8":"first","9":"instock","10":"taxable","11":"shipping-taxable","12":"purchasable","13":"product-type-simple"},"_links":{"self":[{"href":"https:\/\/eco-market24.com\/et\/wp-json\/wp\/v2\/product\/1403","targetHints":{"allow":["GET"]}}],"collection":[{"href":"https:\/\/eco-market24.com\/et\/wp-json\/wp\/v2\/product"}],"about":[{"href":"https:\/\/eco-market24.com\/et\/wp-json\/wp\/v2\/types\/product"}],"replies":[{"embeddable":true,"href":"https:\/\/eco-market24.com\/et\/wp-json\/wp\/v2\/comments?post=1403"}],"wp:featuredmedia":[{"embeddable":true,"href":"https:\/\/eco-market24.com\/et\/wp-json\/wp\/v2\/media\/1508"}],"wp:attachment":[{"href":"https:\/\/eco-market24.com\/et\/wp-json\/wp\/v2\/media?parent=1403"}],"wp:term":[{"taxonomy":"product_brand","embeddable":true,"href":"https:\/\/eco-market24.com\/et\/wp-json\/wp\/v2\/product_brand?post=1403"},{"taxonomy":"product_cat","embeddable":true,"href":"https:\/\/eco-market24.com\/et\/wp-json\/wp\/v2\/product_cat?post=1403"},{"taxonomy":"product_tag","embeddable":true,"href":"https:\/\/eco-market24.com\/et\/wp-json\/wp\/v2\/product_tag?post=1403"}],"curies":[{"name":"wp","href":"https:\/\/api.w.org\/{rel}","templated":true}]}}