{"id":1409,"date":"2025-09-29T16:21:56","date_gmt":"2025-09-29T14:21:56","guid":{"rendered":"https:\/\/eco-market24.com\/product\/1100-l-jaatmekonteiner-poolringikujulise-kaanega\/"},"modified":"2025-09-29T20:00:50","modified_gmt":"2025-09-29T18:00:50","slug":"1100-l-jaatmekonteiner-poolringikujulise-kaanega","status":"publish","type":"product","link":"https:\/\/eco-market24.com\/et\/toode\/1100-l-jaatmekonteiner-poolringikujulise-kaanega\/","title":{"rendered":"1100 l j\u00e4\u00e4tmekonteiner poolringikujulise kaanega"},"content":{"rendered":"<p>Sorteerimiseks m\u00f5eldud 1100 L konteiner suurte j\u00e4\u00e4tmete koguste jaoks<br \/>\n1100 L ESE j\u00e4\u00e4tmekonteiner poolkaarekujulise kaanega \u00fchendab k\u00f5rge kvaliteedi muljetavaldava mahutavuse ja praktiliste lahendustega. T\u00f5estatud lahendus j\u00e4\u00e4tmete sorteerimiseks omavalitsustes, avalikes asutustes (haiglad, koolid, kontorid), suurtes elamukompleksides ja ettev\u00f5tetes. \u00dchilduv pr\u00fcgiveokitega, mis kasutavad DIN-s\u00fcsteemi v\u00f5i kombimehhanismi.<\/p>\n<p>Materjalid ja standardid<\/p>\n<p>  Materjal: \u00f6koloogiline k\u00f5rge tihedusega pol\u00fcet\u00fcleen (HDPE), valmistatud s\u00fcstivaluna<br \/>\n  Standardid: RAL-GZ 951\/1 ja PN-EN 840<br \/>\n  Vastupidav UV-kiirgusele, vihmale, lumel, ekstreemsetele temperatuuridele ja kemikaalidele<\/p>\n<p>Mahutavus ja koormus<\/p>\n<p>  Mahutavus: 1100 L<br \/>\n  Kandev\u00f5ime: kuni 510 kg<\/p>\n<p>Disain ja tugevdus<\/p>\n<p>  Keha tugevdusribidega, k\u00fclgnevused tugevdatud metalltorudega<br \/>\n  Arvutigraafiliselt kujundatud kohad, mis on koormuse ja surve all<br \/>\n  Tugevdatud rattakaitse<\/p>\n<p>Kaanes\u00fcsteem<\/p>\n<p>  Poolkaarekujuline kaas, kaanevarrel vedru, mis hoiab vaba liikumist ja v\u00f5imaldab lukustamist<br \/>\n  Lisaketa avamine kuni ~180\u00b0 h\u00f5lbustamaks kasutamist liikumispuudega inimeste, laste ja eakate poolt<\/p>\n<p>Mugavus ja k\u00e4sitsemine<\/p>\n<p>  Neli funktsionaalset k\u00fcljehaaret (kaks neist saab paigaldada alternatiivsetes asendites)<br \/>\n  Neli ratast, \u00d8 20 cm, kahe esiratta pidurid<br \/>\n  Siledad sisemised ja v\u00e4lised pinnad ning \u00e4ravooluplokk p\u00f5hja keskel lihtsaks puhastamiseks<\/p>\n<p>V\u00e4rvid<\/p>\n<p>  Standardseirev\u00e4rvid: grafiit (must) ja roheline<br \/>\n  Saadaval ka teistes sorteerimisv\u00e4rvides v\u00f5i v\u00e4rviliste kaantega eritellimusel<\/p>\n<p>P\u00f5hijooned<\/p>\n<p>  1100 L mahutavus<br \/>\n  RAL-GZ 951\/1 kvaliteedim\u00e4rk<br \/>\n  Kandev\u00f5ime kuni 510 kg<br \/>\n  Poolkaarekujuline kaas + lisakaane avamine ~180\u00b0<br \/>\n  HDPE konstruktsioon<br \/>\n  Kaant hoidev vedru<br \/>\n  K\u00fclgnevused tugevdatud metalltorudega<br \/>\n  DIN-\u00fchilduv kambririba (mesilasv\u00f5rgu kuju)<br \/>\n  Tugevdatud rattakaitse, 4 ratast \u00d8 20 cm koos esirataste piduritega<br \/>\n  Neli k\u00e4epidet, \u00e4ravooluplokk, siledad pinnad<\/p>\n","protected":false},"excerpt":{"rendered":"<p>1100 l konteiner suurte j\u00e4\u00e4tmemahtude sorteerimiseks \u2014 poolringikattega pr\u00fcgikast, mis \u00fchendab tipptasemel kvaliteeti, muljetavaldavat mahutavust ja praktilisi omadusi Saksa br\u00e4ndilt, millel on aastak\u00fcmnete pikkune Euroopa kogemus.<\/p>\n","protected":false},"featured_media":2103,"comment_status":"open","ping_status":"closed","template":"","meta":[],"product_brand":[],"product_cat":[122],"product_tag":[],"class_list":{"0":"post-1409","1":"product","2":"type-product","3":"status-publish","4":"has-post-thumbnail","6":"product_cat-jaatmekonteinerid","8":"first","9":"instock","10":"taxable","11":"shipping-taxable","12":"purchasable","13":"product-type-simple"},"_links":{"self":[{"href":"https:\/\/eco-market24.com\/et\/wp-json\/wp\/v2\/product\/1409","targetHints":{"allow":["GET"]}}],"collection":[{"href":"https:\/\/eco-market24.com\/et\/wp-json\/wp\/v2\/product"}],"about":[{"href":"https:\/\/eco-market24.com\/et\/wp-json\/wp\/v2\/types\/product"}],"replies":[{"embeddable":true,"href":"https:\/\/eco-market24.com\/et\/wp-json\/wp\/v2\/comments?post=1409"}],"wp:featuredmedia":[{"embeddable":true,"href":"https:\/\/eco-market24.com\/et\/wp-json\/wp\/v2\/media\/2103"}],"wp:attachment":[{"href":"https:\/\/eco-market24.com\/et\/wp-json\/wp\/v2\/media?parent=1409"}],"wp:term":[{"taxonomy":"product_brand","embeddable":true,"href":"https:\/\/eco-market24.com\/et\/wp-json\/wp\/v2\/product_brand?post=1409"},{"taxonomy":"product_cat","embeddable":true,"href":"https:\/\/eco-market24.com\/et\/wp-json\/wp\/v2\/product_cat?post=1409"},{"taxonomy":"product_tag","embeddable":true,"href":"https:\/\/eco-market24.com\/et\/wp-json\/wp\/v2\/product_tag?post=1409"}],"curies":[{"name":"wp","href":"https:\/\/api.w.org\/{rel}","templated":true}]}}