{"id":1421,"date":"2025-09-29T16:21:52","date_gmt":"2025-09-29T14:21:52","guid":{"rendered":"https:\/\/eco-market24.com\/product\/jaatmekonteiner-1100-l-ese-jagatud-kaanega-siseklapp-kollane\/"},"modified":"2025-09-29T20:00:53","modified_gmt":"2025-09-29T18:00:53","slug":"jaatmekonteiner-1100-l-ese-jagatud-kaanega-siseklapp-kollane","status":"publish","type":"product","link":"https:\/\/eco-market24.com\/et\/toode\/jaatmekonteiner-1100-l-ese-jagatud-kaanega-siseklapp-kollane\/","title":{"rendered":"J\u00e4\u00e4tmekonteiner 1100 l ESE jagatud kaanega, siseklapp, kollane"},"content":{"rendered":"<p>J\u00e4\u00e4tmekonteiner 1100 L plastile ja metallile<br \/>\nKasutusala: Taaskasutuskeskustele, ettev\u00f5tetele ja elamurajoonidele. 1100 L j\u00e4\u00e4tmekonteiner jaotatud kaanega ja kollase \u201cl\u00f5ksuga\u201d kaanega plastide ja metallide selektiivseks kogumiseks pakub suurt mahutavust ja k\u00f5rget kvaliteeti. M\u00f5eldud suurte vajaduste jaoks \u2014 ideaalne taaskasutuskeskustele, munitsipaalt\u00f6\u00f6de ettev\u00f5tetele, suurtele firmadele, kontoritele, koolidele, haiglatele ja teistele avalikele asutustele. Sobib sise- ja v\u00e4listingimustesse. Jaotatud kaas lihtsustab plast- ja metallj\u00e4\u00e4tmete eraldamist. Saadaval kolmes variandis: v\u00e4ike kollane kaas, suur kollane kaas v\u00f5i kogu konteiner eraldusv\u00e4rvis. Vastab rahvusvahelisele standardile RAL-GZ 951\/1 ja Euroopa standardile PN-EN 840. \u00dchilduv DIN-s\u00fcsteemi v\u00f5i konksu-t\u00f5stemehhanismiga. Ohutu kasutus kinnitatud PZH sertifikaadiga.<\/p>\n<p>Konstruktsioon ja materjalid<br \/>\nMaterjal: Vastupidav k\u00f5rge tihedusega pol\u00fcet\u00fcleen (HDPE), valmistatud s\u00fcstivaluna.<\/p>\n<p>  Korrosioonikindel ja ilmastikukindel (UV, vihm, lumi, ekstreemne temperatuur).<br \/>\n  Keemiliselt vastupidav.<br \/>\n  Tugevdatud kere struktuur sooniliste esiseinte ja tagaseintega; tugevustestitud koormuspiirkonnad mehaanilise kahjustuse vastu.<\/p>\n<p>Kasutamine ja mugavus<br \/>\nL\u00f5ksuga kaanes\u00fcsteem: V\u00e4ike l\u00f5ks kaalub vaid 1,3 kg \u2014 sobib eakatele ja liikumisraskustega kasutajatele ning v\u00f5tab avamisel v\u00e4he ruumi. M\u00f5eldud nii, et see ei segaks t\u00fchjendamisel kokkusurumismehhanisme.<\/p>\n<p>  Neli 20 cm kummiratast mobiilsuseks ja vaikseks liikumiseks.<br \/>\n  Kaks lukku esi-ratastel stabiilseks peatamiseks.<br \/>\n  K\u00e4epidemed man\u00f6\u00f6verdamiseks.<br \/>\n  Siledad sise- ja v\u00e4lispinnad lihtsaks puhastamiseks.<br \/>\n  V\u00f5imalus varustada m\u00fcrasummutusvahenditega.<\/p>\n<p>Peamised andmed<\/p>\n<p>  Mahutavus: 1100 L<br \/>\n  Jaotatud kaas \u201cl\u00f5ksuga\u201d (kollane)<br \/>\n  Konstruktsioon: K\u00f5rge tihedusega pol\u00fcet\u00fcleen (HDPE)<br \/>\n  Standardid: RAL-GZ 951\/1, PN-EN 840<br \/>\n  T\u00fchjendamise \u00fchilduvus: DIN-s\u00fcsteem v\u00f5i konksu-t\u00f5stemehhanism<br \/>\n  Tugevdatud konstruktsioon, 4 \u00d7 20 cm kummiratast, 2 rattalukku, k\u00e4epidemed, lihtne puhastada<br \/>\n  PZH sertifikaat ohutuks kasutamiseks<\/p>\n","protected":false},"excerpt":{"rendered":"<p>1100 l j\u00e4\u00e4tmekonteiner plastide ja metallide jaoks \u2014 ideaalne omavalitsuse kogumispunktidele (PSZOK), ettev\u00f5tetele ja elamurajoonidele. Kollane jagatud kaanega (\u201ekaan\u2011kaane sees\u201c) disain h\u00f5lpsaks liigiti kogumiseks; vastupidav, suure mahutavusega konstruktsioon, mida toetavad aastatepikkused kogemused.<\/p>\n","protected":false},"featured_media":2109,"comment_status":"open","ping_status":"closed","template":"","meta":[],"product_brand":[],"product_cat":[122],"product_tag":[],"class_list":{"0":"post-1421","1":"product","2":"type-product","3":"status-publish","4":"has-post-thumbnail","6":"product_cat-jaatmekonteinerid","8":"first","9":"instock","10":"taxable","11":"shipping-taxable","12":"purchasable","13":"product-type-simple"},"_links":{"self":[{"href":"https:\/\/eco-market24.com\/et\/wp-json\/wp\/v2\/product\/1421","targetHints":{"allow":["GET"]}}],"collection":[{"href":"https:\/\/eco-market24.com\/et\/wp-json\/wp\/v2\/product"}],"about":[{"href":"https:\/\/eco-market24.com\/et\/wp-json\/wp\/v2\/types\/product"}],"replies":[{"embeddable":true,"href":"https:\/\/eco-market24.com\/et\/wp-json\/wp\/v2\/comments?post=1421"}],"wp:featuredmedia":[{"embeddable":true,"href":"https:\/\/eco-market24.com\/et\/wp-json\/wp\/v2\/media\/2109"}],"wp:attachment":[{"href":"https:\/\/eco-market24.com\/et\/wp-json\/wp\/v2\/media?parent=1421"}],"wp:term":[{"taxonomy":"product_brand","embeddable":true,"href":"https:\/\/eco-market24.com\/et\/wp-json\/wp\/v2\/product_brand?post=1421"},{"taxonomy":"product_cat","embeddable":true,"href":"https:\/\/eco-market24.com\/et\/wp-json\/wp\/v2\/product_cat?post=1421"},{"taxonomy":"product_tag","embeddable":true,"href":"https:\/\/eco-market24.com\/et\/wp-json\/wp\/v2\/product_tag?post=1421"}],"curies":[{"name":"wp","href":"https:\/\/api.w.org\/{rel}","templated":true}]}}