{"id":1427,"date":"2025-09-29T16:21:51","date_gmt":"2025-09-29T14:21:51","guid":{"rendered":"https:\/\/eco-market24.com\/product\/jaatmekonteiner-1100-l-ese-kaheosalise-kaanega-topeltluugiga-sinine\/"},"modified":"2025-09-29T20:00:55","modified_gmt":"2025-09-29T18:00:55","slug":"jaatmekonteiner-1100-l-ese-kaheosalise-kaanega-topeltluugiga-sinine","status":"publish","type":"product","link":"https:\/\/eco-market24.com\/et\/toode\/jaatmekonteiner-1100-l-ese-kaheosalise-kaanega-topeltluugiga-sinine\/","title":{"rendered":"J\u00e4\u00e4tmekonteiner 1100 l ESE kaheosalise kaanega, topeltluugiga, sinine"},"content":{"rendered":"<p>1100 l j\u00e4\u00e4tmekonteiner paberi sorteerimiseks<\/p>\n<p>\u00dclevaade<br \/>\n1100 l ESE jagatud kaanega konteiner \u201ekaas-kaanes\u00fcsteemiga\u201d (sinine) on t\u00f5hus lahendus taaskasutatavate materjalide selektiivseks kogumiseks omavalitsustes, ettev\u00f5tetes ja elamurajoonides. Sobib j\u00e4\u00e4tmepunktidesse, kontoritesse, koolidesse, elamualadele ja ettev\u00f5tetele, kes rakendavad \u00f6koloogilisi p\u00f5him\u00f5tteid. Toode vastab RAL\u2011GZ 951\/1 ja EU standardile PN\u2011EN 840, kohandatud DIN-t\u00fc\u00fcpi t\u00f5ste- ja kammmehhanismiga s\u00f5idukitele ning omab PZH heakskiitu.<\/p>\n<p>Saadaval olevad versioonid<br \/>\n  T\u00e4ielikult sortimisv\u00e4rvis<br \/>\n  V\u00e4ike kaas sortimisv\u00e4rvis<br \/>\n  Kogu kaas sortimisv\u00e4rvis (sinine)<\/p>\n<p>Materjal ja vastupidavus<br \/>\nKonstruktsioon: survevalu k\u00f5rge tihedusega HD\u2011PE-st.<br \/>\nOmadused: ilmastikukindel (UV, vihm, lumi, \u00e4\u00e4rmuslikud temperatuurid), korrosioonikindel, keemiliselt vastupidav, tugevdatud kere struktuur sooneliste esi\u2011 ja tagaseintega. Testitud vastupidavuse osas rasketes koormustingimustes.<\/p>\n<p>Funktsionaalsus ja ligip\u00e4\u00e4setavus<br \/>\n  \u201eKaas-kaanes\u00fcsteem\u201d: v\u00e4ike klapp kaalub vaid 1,3 kg, seda saab avada \u00fche k\u00e4ega ning avamisel v\u00f5tab see v\u00e4he ruumi.<br \/>\n  T\u00fchiamise ajal suurem kaane liikumine, et v\u00e4ltida kokkupuutumist kompaktormehhanismidega ja v\u00e4hendada kahjustuste riski.<br \/>\n  Neli suurt (20 cm) madalakisagnetavat kummiratast liikumiseks; kaks esiotsa ratta pidurit stabiilseks fikseerimiseks.<br \/>\n  Valikuliselt m\u00fcrasummutid esikaanele.<br \/>\n  Siledad sisemised ja v\u00e4lispinnad lihtsaks puhastamiseks.<br \/>\n  Disainitud h\u00f5lpsaks k\u00e4sitlemiseks eakatele ja liikumispuudega kasutajatele.<\/p>\n<p>Peamised tehnilised andmed<br \/>\n  Mahutavus: 1100 l<br \/>\n  Materjal: k\u00f5rge tihedusega pol\u00fcet\u00fcleen (HD\u2011PE)<br \/>\n  Standardid: RAL\u2011GZ 951\/1, PN\u2011EN 840 (EU)<br \/>\n  \u00dchilduvus: DIN-s\u00fcsteemid v\u00f5i kammmehhanismid<br \/>\n  Rattad: 4 \u00d7 20 cm kummirattad; 2 esiotsa pidurit<br \/>\n  Valikud: m\u00fcrasummutid, sortimisv\u00e4rvi variandid<\/p>\n","protected":false},"excerpt":{"rendered":"<p>1100 l sinine j\u00e4\u00e4tmekonteiner jagatud kaanega ja topitava luugiga paberi sorteerimiseks \u2014 ideaalne omavalitsustele, ettev\u00f5tetele, korterelamutele, kontoritele ja kohalikele j\u00e4\u00e4tmekogumispunktidele (PSZOK-id)<\/p>\n","protected":false},"featured_media":2114,"comment_status":"open","ping_status":"closed","template":"","meta":[],"product_brand":[],"product_cat":[122],"product_tag":[],"class_list":{"0":"post-1427","1":"product","2":"type-product","3":"status-publish","4":"has-post-thumbnail","6":"product_cat-jaatmekonteinerid","8":"first","9":"instock","10":"taxable","11":"shipping-taxable","12":"purchasable","13":"product-type-simple"},"_links":{"self":[{"href":"https:\/\/eco-market24.com\/et\/wp-json\/wp\/v2\/product\/1427","targetHints":{"allow":["GET"]}}],"collection":[{"href":"https:\/\/eco-market24.com\/et\/wp-json\/wp\/v2\/product"}],"about":[{"href":"https:\/\/eco-market24.com\/et\/wp-json\/wp\/v2\/types\/product"}],"replies":[{"embeddable":true,"href":"https:\/\/eco-market24.com\/et\/wp-json\/wp\/v2\/comments?post=1427"}],"wp:featuredmedia":[{"embeddable":true,"href":"https:\/\/eco-market24.com\/et\/wp-json\/wp\/v2\/media\/2114"}],"wp:attachment":[{"href":"https:\/\/eco-market24.com\/et\/wp-json\/wp\/v2\/media?parent=1427"}],"wp:term":[{"taxonomy":"product_brand","embeddable":true,"href":"https:\/\/eco-market24.com\/et\/wp-json\/wp\/v2\/product_brand?post=1427"},{"taxonomy":"product_cat","embeddable":true,"href":"https:\/\/eco-market24.com\/et\/wp-json\/wp\/v2\/product_cat?post=1427"},{"taxonomy":"product_tag","embeddable":true,"href":"https:\/\/eco-market24.com\/et\/wp-json\/wp\/v2\/product_tag?post=1427"}],"curies":[{"name":"wp","href":"https:\/\/api.w.org\/{rel}","templated":true}]}}