{"id":1439,"date":"2025-09-29T16:21:50","date_gmt":"2025-09-29T14:21:50","guid":{"rendered":"https:\/\/eco-market24.com\/product\/1100-liitrine-punane-jaatmekonteiner\/"},"modified":"2025-09-29T20:00:59","modified_gmt":"2025-09-29T18:00:59","slug":"1100-liitrine-punane-jaatmekonteiner","status":"publish","type":"product","link":"https:\/\/eco-market24.com\/et\/toode\/1100-liitrine-punane-jaatmekonteiner\/","title":{"rendered":"1100-liitrine punane j\u00e4\u00e4tmekonteiner"},"content":{"rendered":"<p>Punane 1100 L j\u00e4\u00e4tmekonteiner \u2014 RAL-GZ951\/1<\/p>\n<p>Standard ja sertifikaat: Vastab RAL-GZ951\/1 kvaliteedistandardile ja PN EN 840. M\u00e4rgistatud CE-m\u00e4rgiga, vastab asjakohastele Euroopa ja riiklikele n\u00f5uetele.<\/p>\n<p>Eesm\u00e4rk<br \/>\nM\u00f5eldud meditsiiniliste ja ohtlike j\u00e4\u00e4tmete sorteerimiseks haiglates, tervishoiuasutustes, ilusalongides ja teistes kohtades, kus on n\u00f5utav vastupidavus nakkusohtlikele j\u00e4\u00e4tmetele ja sagedasele kasutusele.<\/p>\n<p>Konstruktsioon ja materjalid<\/p>\n<p>  Materjal: K\u00f5rge tihedusega pol\u00fcet\u00fcleen (HDPE), taaskasutatav.<br \/>\n  Struktuur: Arvutiga testitud vastupidav konstruktsioon siledaga sisepinnaga, mis teeb puhastamise lihtsaks.<br \/>\n  Drenaa\u017e: Alumine drenaa\u017eiauk, mis on kinnitatud korkiga.<br \/>\n  Kandev\u00f5ime: Nimikoormus kuni 510 kg (k\u00f5rgeim saadaval 1100 L plastomnipunktsete konteinerite puhul).<\/p>\n<p>Vastupidavus ja standardid<\/p>\n<p>  Toodetud tootja poolt, kellel on 80-aastane kogemus MGB-konteinerite tootmises.<br \/>\n  V\u00e4ga vastupidav UV-kiirguse ja madalate temperatuuride suhtes; sobib v\u00e4listingimustesse k\u00f5ikide ilmastikutingimuste korral.<br \/>\n  Lame kaas vastab DIN-standardite n\u00f5uetele.<br \/>\n  Varustatud k\u00fclgtrunnidega t\u00fchjendamiseks pr\u00fcgivedukite poolt konteineri k\u00fclje, taga- v\u00f5i esi\u00e4\u00e4re kaudu.<\/p>\n","protected":false},"excerpt":{"rendered":"<p>Punane 1 100 l konteiner, sertifitseeritud RAL\u2011GZ 951\/1 kvaliteedistandardile.<\/p>\n","protected":false},"featured_media":2120,"comment_status":"open","ping_status":"closed","template":"","meta":[],"product_brand":[],"product_cat":[122],"product_tag":[],"class_list":{"0":"post-1439","1":"product","2":"type-product","3":"status-publish","4":"has-post-thumbnail","6":"product_cat-jaatmekonteinerid","8":"first","9":"instock","10":"taxable","11":"shipping-taxable","12":"purchasable","13":"product-type-simple"},"_links":{"self":[{"href":"https:\/\/eco-market24.com\/et\/wp-json\/wp\/v2\/product\/1439","targetHints":{"allow":["GET"]}}],"collection":[{"href":"https:\/\/eco-market24.com\/et\/wp-json\/wp\/v2\/product"}],"about":[{"href":"https:\/\/eco-market24.com\/et\/wp-json\/wp\/v2\/types\/product"}],"replies":[{"embeddable":true,"href":"https:\/\/eco-market24.com\/et\/wp-json\/wp\/v2\/comments?post=1439"}],"wp:featuredmedia":[{"embeddable":true,"href":"https:\/\/eco-market24.com\/et\/wp-json\/wp\/v2\/media\/2120"}],"wp:attachment":[{"href":"https:\/\/eco-market24.com\/et\/wp-json\/wp\/v2\/media?parent=1439"}],"wp:term":[{"taxonomy":"product_brand","embeddable":true,"href":"https:\/\/eco-market24.com\/et\/wp-json\/wp\/v2\/product_brand?post=1439"},{"taxonomy":"product_cat","embeddable":true,"href":"https:\/\/eco-market24.com\/et\/wp-json\/wp\/v2\/product_cat?post=1439"},{"taxonomy":"product_tag","embeddable":true,"href":"https:\/\/eco-market24.com\/et\/wp-json\/wp\/v2\/product_tag?post=1439"}],"curies":[{"name":"wp","href":"https:\/\/api.w.org\/{rel}","templated":true}]}}