{"id":1445,"date":"2025-09-29T16:21:49","date_gmt":"2025-09-29T14:21:49","guid":{"rendered":"https:\/\/eco-market24.com\/product\/1100-l-plastkonteiner-taaskasutuseks\/"},"modified":"2025-09-29T20:01:01","modified_gmt":"2025-09-29T18:01:01","slug":"1100-l-plastkonteiner-taaskasutuseks","status":"publish","type":"product","link":"https:\/\/eco-market24.com\/et\/toode\/1100-l-plastkonteiner-taaskasutuseks\/","title":{"rendered":"1100 l plastkonteiner taaskasutuseks"},"content":{"rendered":"<p>Konteiner plastile 1100 L ettev\u00f5tetele, asutustele ja korterelamutele<\/p>\n<p>See on lahendus, mis h\u00f5lbustab korrektset j\u00e4\u00e4tmete sorteerimist. Sobib suurep\u00e4raselt omavalitsustele, linnadele, asutustele, ettev\u00f5tetele ja korterelamutele. Ese kaubam\u00e4rgi konteinerid on tuntud k\u00f5rge kvaliteedi ja esteetika poolest ning on Euroopas esindatud juba 80 aastat. Konteiner v\u00f5imaldab plastmaterjalide, mis sobivad taaskasutuseks, lihtsat eraldamist ning on keskkonnas\u00f5bralik \u2014 j\u00e4\u00e4tmete eraldamine ei ole ainult Euroopa Liidu poolt kehtestatud kohustus, vaid ka kasulik planeedile.<\/p>\n<p>Standardid ja sertifitseerimine<br \/>\n1100 L j\u00e4\u00e4tmekonteiner tagab ohutu kasutuse ja vastab \u00fclemaailmsele standardile RAL-GZ 951\/1 ning Euroopa standardile EN 840. Rahvatervise Instituudi sertifikaat kinnitab, et see ei m\u00f5juta looduskeskkonda. Konteiner sobib pr\u00fcgiveokitele nii ees-, k\u00fclg- kui taga-laadimisel, kasutades k\u00fclgtappe v\u00f5i eesmist kamm-liistu.<\/p>\n<p>Vastupidav, kahjustustele vastu pidav kollane konteiner<br \/>\n1100 L plastkonteiner sobib j\u00e4\u00e4tmeruumidesse b\u00fcroohoonetes ning poolavatud varjualustesse korterelamutes. Valmistatud k\u00f5rge tihedusega pol\u00fcet\u00fcleenist, mis talub ebasoodsaid ilmastikuolusid ja happeid ning ei halvene UV-kiirguse, tugeva k\u00fclma ega tugevate vihmade t\u00f5ttu. Kompaktne m\u00f5\u00f5t ja tugev konstruktsioon v\u00f5imaldavad mitmek\u00fclgset kasutust ning esteetiline viimistlus lubab konteinerit paigutada ka avatud aladele, n\u00e4iteks maa-alustesse parkimismajadesse.<\/p>\n<p>  V\u00f5imendatud kereehitus \u00fcmarate ees- ja taga\u00e4\u00e4rtega esteetilisuse ja vastupidavuse tagamiseks<br \/>\n  Arvutiga projekteeritud alus ja elemendid, mis on vastuv\u00f5ttu k\u00f5rgele survele ja kaalule<br \/>\n  Kamm-liist vastab DIN standarditele<br \/>\n  Mehaanilise kahjustusekindlus aastateks kasutuseks<\/p>\n<p>Mugavad ja praktilised omadused<br \/>\nKonteiner on kasutajas\u00f5bralik ja ohutu:<\/p>\n<p>  Kaanel kaks avause, pudelite v\u00f5i v\u00e4iksemate kottide jaoks ilma kogu kaant t\u00f5stmata<br \/>\n  Neli rattat (\u00d8 200 mm) tugevduste katetega ja kaks eesmist pidurit liikuvuse ja stabiilsuse tagamiseks<br \/>\n  Neli ergonoomilist k\u00e4tt liigutamiseks<br \/>\n  Kaane k\u00fclgflantsiga, mis sulgub iseenesest ja kohandab asendit, v\u00f5imaldades paigaldamist ebatasasele pinnale<br \/>\n  Valikuline v\u00f5tmep\u00f5hine lukustus turvalistes kohtades (nt korterelamud)<br \/>\n  Sile pind lihtsaks puhastamiseks ja hoolduseks<br \/>\n  Keskne \u00e4ravooluava lisamugavuse jaoks<\/p>\n<p>Oluline teave<\/p>\n<p>  Mahutavus: 1100 L<br \/>\n  V\u00e4rv: kollane<br \/>\n  2 avause kaanel<br \/>\n  Arvutiga projekteeritud k\u00f5rge tugevuse tagamiseks<br \/>\n  Vastupidavus hapetele, UV-kiirgusele ja vihmale<br \/>\n  Vastavus RAL-GZ 951\/1 ja PN EN 840 standarditele<br \/>\n  Rahvatervise Instituudi sertifikaat<br \/>\n  Kaane sulgumise surve-mehhanism<br \/>\n  Eesmistel ratastel pidurid parema stabiilsuse jaoks<br \/>\n  Lihtne hoida puhtana<\/p>\n","protected":false},"excerpt":{"rendered":"<p>1100 l plastij\u00e4\u00e4tmete taaskasutuskonteiner \u2014 vastupidav, lihtsasti kasutatav lahendus omavalitsustele, ettev\u00f5tetele, asutustele ja korteri\u00fchistutele, mis lihtsustab plastij\u00e4\u00e4tmete n\u00f5uetekohast sorteerimist ja kogumist.<\/p>\n","protected":false},"featured_media":2123,"comment_status":"open","ping_status":"closed","template":"","meta":[],"product_brand":[],"product_cat":[122],"product_tag":[],"class_list":{"0":"post-1445","1":"product","2":"type-product","3":"status-publish","4":"has-post-thumbnail","6":"product_cat-jaatmekonteinerid","8":"first","9":"instock","10":"taxable","11":"shipping-taxable","12":"purchasable","13":"product-type-simple"},"_links":{"self":[{"href":"https:\/\/eco-market24.com\/et\/wp-json\/wp\/v2\/product\/1445","targetHints":{"allow":["GET"]}}],"collection":[{"href":"https:\/\/eco-market24.com\/et\/wp-json\/wp\/v2\/product"}],"about":[{"href":"https:\/\/eco-market24.com\/et\/wp-json\/wp\/v2\/types\/product"}],"replies":[{"embeddable":true,"href":"https:\/\/eco-market24.com\/et\/wp-json\/wp\/v2\/comments?post=1445"}],"wp:featuredmedia":[{"embeddable":true,"href":"https:\/\/eco-market24.com\/et\/wp-json\/wp\/v2\/media\/2123"}],"wp:attachment":[{"href":"https:\/\/eco-market24.com\/et\/wp-json\/wp\/v2\/media?parent=1445"}],"wp:term":[{"taxonomy":"product_brand","embeddable":true,"href":"https:\/\/eco-market24.com\/et\/wp-json\/wp\/v2\/product_brand?post=1445"},{"taxonomy":"product_cat","embeddable":true,"href":"https:\/\/eco-market24.com\/et\/wp-json\/wp\/v2\/product_cat?post=1445"},{"taxonomy":"product_tag","embeddable":true,"href":"https:\/\/eco-market24.com\/et\/wp-json\/wp\/v2\/product_tag?post=1445"}],"curies":[{"name":"wp","href":"https:\/\/api.w.org\/{rel}","templated":true}]}}