{"id":1451,"date":"2025-09-29T16:21:48","date_gmt":"2025-09-29T14:21:48","guid":{"rendered":"https:\/\/eco-market24.com\/product\/1100-l-paberikonteiner\/"},"modified":"2025-09-29T20:01:02","modified_gmt":"2025-09-29T18:01:02","slug":"1100-l-paberikonteiner","status":"publish","type":"product","link":"https:\/\/eco-market24.com\/et\/toode\/1100-l-paberikonteiner\/","title":{"rendered":"1100 L paberikonteiner"},"content":{"rendered":"<p>1100 L paberkonteiner elamurajoonidele ja ettev\u00f5tetele<br \/>\n1100 L ESE paberkonteiner on suurep\u00e4rane lahendus ettev\u00f5tetele ja elamurajoonidele. Ruumikas konteiner lihtsustab j\u00e4\u00e4tmete sortimist omavalitsustes ja linnades, mis rakendavad \u00f6koloogilisi poliitikaid. See v\u00f5imaldab paberit t\u00f5husalt ringlusse v\u00f5tta ja tulevikus taaskasutada. Valmistatud kaasaegsete tehnoloogiate ja sertifitseeritud kvaliteedikontrolliga, tuginedes \u00fcle 80-aastasele turukogemusele.<\/p>\n<p>Sertifikaadid ja \u00fchilduvus<br \/>\n  RAL-GZ 951\/1 kvaliteedisertifikaat<br \/>\n  Vastab Euroopa standardile EN 840<br \/>\n  PZH sertifikaat, kinnitab negatiivse keskkonnam\u00f5ju puudumist<br \/>\n  \u00dchilduv j\u00e4\u00e4tmeveokitega ees- k\u00fclje- ja taga\u00fclekandega (k\u00fclgtihvtid v\u00f5i eesmine kammriba)<\/p>\n<p>Ehitus ja vastupidavus<br \/>\nKere on valmistatud k\u00f5rge tihedusega pol\u00fcet\u00fcleenist (HDPE), mis on vastupidav UV-kiirgusele, pakasele, vihmale ja hapetele. Tugev, arvutiga kujundatud konstruktsioon \u2014 sh tugevdatud ees- ja tagaservad ning survele vastupidav p\u00f5hi \u2014 tagab k\u00f5rge mehaanilise vastupidavuse ja raskete koormate ohutu hoiustamise. Kammriba vastab DIN standarditele. Kaanel on k\u00fclgmine flants konteineri kindlaks sulgemiseks ja stabiliseerimiseks igal pinnasel.<\/p>\n<p>Praktilised omadused<br \/>\n  Eriline ava kaanel paberi lihtsaks sisestamiseks (ei n\u00f5ua t\u00f5stmist)<br \/>\n  Neli ergonoomilist k\u00e4epidet<br \/>\n  Neli vastupidavat ratast (\u00d8 200 mm), kaks esimest ratast efektiivsete piduritega<br \/>\n  Galvaniseeritud riputus pikendatud kasutusea jaoks<br \/>\n  Valikuline lukk volitamata kasutamise v\u00e4ltimiseks<br \/>\n  Sile konstruktsioon ja keskmine \u00e4ravooluakna kork lihtsaks puhastamiseks ja hoolduseks<\/p>\n<p>Peamised andmed<br \/>\n  Mahutavus: 1100 L<br \/>\n  V\u00e4rv: sinine<br \/>\n  Arvutiga kujundatud k\u00f5rge vastupidavusega konstruktsioon<br \/>\n  Vastupidavus hapetele ja ebasoodsatele ilmastikutingimustele<br \/>\n  Kaane sulgemisr\u00f5hu mehhanism<br \/>\n  Lihtne hooldus ja puhastamine<\/p>\n","protected":false},"excerpt":{"rendered":"<p>1100 l paberikonteiner elamurajoonidele ja ettev\u00f5tetele \u2014 ESE 1100 l on ideaalne lahendus ettev\u00f5tetele ja elamurajoonidele. Selle avar disain teeb paberi sorteerimise lihtsaks omavalitsustele ja linnadele, kes on p\u00fchendunud keskkonnas\u00f5bralikele j\u00e4\u00e4tmepoliitikatele.<\/p>\n","protected":false},"featured_media":2126,"comment_status":"open","ping_status":"closed","template":"","meta":[],"product_brand":[],"product_cat":[122],"product_tag":[],"class_list":{"0":"post-1451","1":"product","2":"type-product","3":"status-publish","4":"has-post-thumbnail","6":"product_cat-jaatmekonteinerid","8":"first","9":"instock","10":"taxable","11":"shipping-taxable","12":"purchasable","13":"product-type-simple"},"_links":{"self":[{"href":"https:\/\/eco-market24.com\/et\/wp-json\/wp\/v2\/product\/1451","targetHints":{"allow":["GET"]}}],"collection":[{"href":"https:\/\/eco-market24.com\/et\/wp-json\/wp\/v2\/product"}],"about":[{"href":"https:\/\/eco-market24.com\/et\/wp-json\/wp\/v2\/types\/product"}],"replies":[{"embeddable":true,"href":"https:\/\/eco-market24.com\/et\/wp-json\/wp\/v2\/comments?post=1451"}],"wp:featuredmedia":[{"embeddable":true,"href":"https:\/\/eco-market24.com\/et\/wp-json\/wp\/v2\/media\/2126"}],"wp:attachment":[{"href":"https:\/\/eco-market24.com\/et\/wp-json\/wp\/v2\/media?parent=1451"}],"wp:term":[{"taxonomy":"product_brand","embeddable":true,"href":"https:\/\/eco-market24.com\/et\/wp-json\/wp\/v2\/product_brand?post=1451"},{"taxonomy":"product_cat","embeddable":true,"href":"https:\/\/eco-market24.com\/et\/wp-json\/wp\/v2\/product_cat?post=1451"},{"taxonomy":"product_tag","embeddable":true,"href":"https:\/\/eco-market24.com\/et\/wp-json\/wp\/v2\/product_tag?post=1451"}],"curies":[{"name":"wp","href":"https:\/\/api.w.org\/{rel}","templated":true}]}}