{"id":1457,"date":"2025-09-29T16:21:48","date_gmt":"2025-09-29T14:21:48","guid":{"rendered":"https:\/\/eco-market24.com\/product\/klaasi-taaskasutuskonteiner-1100-l\/"},"modified":"2025-09-29T20:01:04","modified_gmt":"2025-09-29T18:01:04","slug":"klaasi-taaskasutuskonteiner-1100-l","status":"publish","type":"product","link":"https:\/\/eco-market24.com\/et\/toode\/klaasi-taaskasutuskonteiner-1100-l\/","title":{"rendered":"Klaasi taaskasutuskonteiner, 1100 l"},"content":{"rendered":"<p>Ruumikas klaasanum \u2014 klaasij\u00e4\u00e4tmete konteiner 1100 L ESE<br \/>\nSobib: omavalitsustele, ettev\u00f5tetele, korterelamutele, suurtele b\u00fcroohoonetele, asutustele ja elamurajoonidele. Roheline v\u00e4rv lihtsustab j\u00e4\u00e4tmete sortimist ning suur mahutavus toetab s\u00e4\u00e4stlikke ja keskkonnas\u00f5bralikke p\u00f5him\u00f5tteid, s\u00e4ilitades samas esteetilise v\u00e4ljan\u00e4gemise.<\/p>\n<p>T\u00f5estatud tootja<br \/>\nESE tugineb 80 aasta kogemusele ja tarnib testitud, k\u00f5rge kvaliteediga tooteid, mida leidub paljudes Euroopa linnades.<\/p>\n<p>Ohutus ja standardid<br \/>\n&#8211; Vastab RAL-GZ 951\/1 ja PN EN 840 standarditele<br \/>\n&#8211; Omab RAL kvaliteedim\u00e4rki ja Rahvatervise Instituudi (PZH) sertifikaati<br \/>\n&#8211; \u00dchildub ees-, k\u00fclg- ja tagasilaadimisega pr\u00fcgiveokitega (k\u00fclgnevad tihvlid v\u00f5i esinev kammvarras koos tugevdatud ribidega)<\/p>\n<p>Vastupidavus ja materjalid<br \/>\n&#8211; Valmistatud HDPE-st \u2014 v\u00e4ga vastupidav UV-kiirgusele, tugevatele vihmadele ja \u00e4\u00e4rmisele k\u00fclmale<br \/>\n&#8211; Happekindel \u2014 sobib nii siseruumidesse pr\u00fcgiruumidesse kui ka v\u00e4liskatuste alla<br \/>\n&#8211; Kompaktne disain v\u00f5imaldab paindlikku paigutust avalikus ruumis<\/p>\n<p>Mehaaniline tugevus<br \/>\n&#8211; Tugevdatud kereehitus tugevdatud esise ja tagumise servaga<br \/>\n&#8211; Arvutiga projekteeritud alus ja k\u00f5rge koormusega komponendid maksimaalse t\u00e4psuse jaoks<br \/>\n&#8211; Varustatud DIN-standardile vastava kammvarda\/comb-bari\u2019ga pika kasutusea tagamiseks<\/p>\n<p>Funktsionaalsus ja omadused<br \/>\n&#8211; Mahutavus: 1100 L<br \/>\n&#8211; Neli ergonoomilist k\u00e4epidet<br \/>\n&#8211; Neli ratast tugevdatud kaitsetega ja kaks eesmist pidurit<br \/>\n&#8211; Suur kaas k\u00fclgribaga, mis sulgub ja automaatselt joondub<br \/>\n&#8211; Kaks rosetti v\u00e4ikeste esemete sisestamiseks ilma kogu kaant t\u00f5stmata<br \/>\n&#8211; Valikuline lukustus kontrollimatu valamise v\u00e4ltimiseks<br \/>\n&#8211; Sile pind ja keskne \u00e4ravooluplokk lihtsaks puhastamiseks<\/p>\n<p>Oluline teave<br \/>\n&#8211; 2 spetsiaalset rosetti<br \/>\n&#8211; Roheline v\u00e4rv<br \/>\n&#8211; Arvutiga projekteeritud konstruktsioon mehaanilise vastupidavuse tagamiseks<br \/>\n&#8211; Vastupidavus hapetele, UV-kiirgusele, vihmale ja k\u00fclmale<br \/>\n&#8211; Sertifitseeritud: RAL-GZ 951\/1 ja PN EN 840<br \/>\n&#8211; PZH sertifikaat<br \/>\n&#8211; Kaane sulgemisr\u00f5humehhanism<br \/>\n&#8211; Pidurid 2 esirehvil<br \/>\n&#8211; Lihtne puhastada<br \/>\n&#8211; V\u00f5imalus varustada lukuga<\/p>\n","protected":false},"excerpt":{"rendered":"<p>Ruumikas 1100 l roheline klaasi taaskasutuskonteiner omavalitsustele, ettev\u00f5tetele ja elamurajoonidele \u2014 t\u00f5hus lahendus taaskasutatavate materjalide kogumiseks ja j\u00e4\u00e4tmete sortimise lihtsustamiseks.<\/p>\n","protected":false},"featured_media":2131,"comment_status":"open","ping_status":"closed","template":"","meta":[],"product_brand":[],"product_cat":[122],"product_tag":[],"class_list":{"0":"post-1457","1":"product","2":"type-product","3":"status-publish","4":"has-post-thumbnail","6":"product_cat-jaatmekonteinerid","8":"first","9":"instock","10":"taxable","11":"shipping-taxable","12":"purchasable","13":"product-type-simple"},"_links":{"self":[{"href":"https:\/\/eco-market24.com\/et\/wp-json\/wp\/v2\/product\/1457","targetHints":{"allow":["GET"]}}],"collection":[{"href":"https:\/\/eco-market24.com\/et\/wp-json\/wp\/v2\/product"}],"about":[{"href":"https:\/\/eco-market24.com\/et\/wp-json\/wp\/v2\/types\/product"}],"replies":[{"embeddable":true,"href":"https:\/\/eco-market24.com\/et\/wp-json\/wp\/v2\/comments?post=1457"}],"wp:featuredmedia":[{"embeddable":true,"href":"https:\/\/eco-market24.com\/et\/wp-json\/wp\/v2\/media\/2131"}],"wp:attachment":[{"href":"https:\/\/eco-market24.com\/et\/wp-json\/wp\/v2\/media?parent=1457"}],"wp:term":[{"taxonomy":"product_brand","embeddable":true,"href":"https:\/\/eco-market24.com\/et\/wp-json\/wp\/v2\/product_brand?post=1457"},{"taxonomy":"product_cat","embeddable":true,"href":"https:\/\/eco-market24.com\/et\/wp-json\/wp\/v2\/product_cat?post=1457"},{"taxonomy":"product_tag","embeddable":true,"href":"https:\/\/eco-market24.com\/et\/wp-json\/wp\/v2\/product_tag?post=1457"}],"curies":[{"name":"wp","href":"https:\/\/api.w.org\/{rel}","templated":true}]}}