{"id":1463,"date":"2025-09-29T16:21:47","date_gmt":"2025-09-29T14:21:47","guid":{"rendered":"https:\/\/eco-market24.com\/product\/eco-star-5-kambriline-taaskasutusprugikast-5-x-60-l\/"},"modified":"2025-09-29T20:01:06","modified_gmt":"2025-09-29T18:01:06","slug":"eco-star-5-kambriline-taaskasutusprugikast-5-x-60-l","status":"publish","type":"product","link":"https:\/\/eco-market24.com\/et\/toode\/eco-star-5-kambriline-taaskasutusprugikast-5-x-60-l\/","title":{"rendered":"Eco Star 5-kambriline taaskasutuspr\u00fcgikast 5 x 60 l"},"content":{"rendered":"<p>Taaskasutusjaam 5 sektsiooniga &#8211; kontorihoonetele ja avalikele asutustele<\/p>\n<p>Eco Star 5 x 60 L 5-sektsiooniline taaskasutusjaam \u00fchendab kahe- ja kolmekanalilised mudelid, et luua terviklik lahendus valikulise j\u00e4\u00e4tmekogumise jaoks siseruumides. M\u00f5eldud kontoritele, riigiasutustele, koolidele ja teistele avalikele asutustele; ideaalne suure liiklusega koridoridesse, jaamadesse ja kaetud parkimismajadele.<\/p>\n<p>Vastupidav v\u00e4rvitud terasest konstruktsioon<br \/>\nSee sorteerimisjaam on valmistatud kvaliteetsest v\u00e4rvitud terasest, mis sobib enamikesse interj\u00f6\u00f6ridesse ja talub mehaanilist kahjustust, tagades p\u00fcsiva v\u00e4limuse ja t\u00f6\u00f6kindluse ka intensiivse kasutuse korral.<\/p>\n<p>Sorteerimisv\u00e4rvid ja m\u00e4rgistus<br \/>\nIgal sektsioonil on kleebis fraktsiooni nimetusega ning v\u00e4rvilised avaraamid vastavalt kliima- ja keskkonnaministeeriumi soovitatud sorteerimisskeemile:<\/p>\n<p>  Klaas \u2014 roheline<br \/>\n  Paber \u2014 sinine<br \/>\n  Plast ja metall \u2014 kollane<br \/>\n  Biolagunevad j\u00e4\u00e4tmed \u2014 pruun<br \/>\n  Segaj\u00e4\u00e4tmed \u2014 grafiit<\/p>\n<p>Funktsionaalne disain<\/p>\n<p>  120 L kottide raamid, et hoida linerid paigal ja lihtsustada t\u00fchjendamist<br \/>\n  Stabiliseerivad jalad kindlaks paigaldamiseks<br \/>\n  Kinnitush\u00f5\u00f5rdmed kohandatud \u00fchendatud sorteerimisjaamade loomiseks<br \/>\n  Ette valmistatud luku paigaldamiseks volitamata juurdep\u00e4\u00e4su v\u00e4ltimiseks<\/p>\n<p>Oluline info<\/p>\n<p>  Mahutavus: 5 \u00d7 60 L (2 \u00d7 60 + 3 \u00d7 60 L)<br \/>\n  Materjal: v\u00e4rvitud teras<br \/>\n  Kasutus: siseruumides<br \/>\n  Korpuse v\u00e4rv: grafiit (RAL 7024)<br \/>\n  Avad: saadaval 5 sorteerimisv\u00e4rviga<br \/>\n  Kleebised: fraktsioonide nimed<br \/>\n  Uksed: ettevalmistus luku jaoks<br \/>\n  Lisad: kotiraamid, stabiliseerivad jalad, kinnitusavad<\/p>\n","protected":false},"excerpt":{"rendered":"<p>J\u00e4\u00e4tmekast, 5-lahtriline \u2014 kontorihoonetele ja avalikele asutustele. Eco Star 5 \u00d7 60 L \u00fchendab kahe- ja kolmeosalised moodulid kompaktseks modulaarseks j\u00e4\u00e4tmejaamaks, pakkudes t\u00f5husat lahendust sorteeritud j\u00e4\u00e4tmekogumiseks siseruumides.<\/p>\n","protected":false},"featured_media":1616,"comment_status":"open","ping_status":"closed","template":"","meta":[],"product_brand":[],"product_cat":[70],"product_tag":[],"class_list":{"0":"post-1463","1":"product","2":"type-product","3":"status-publish","4":"has-post-thumbnail","6":"product_cat-waste-containers","8":"first","9":"instock","10":"taxable","11":"shipping-taxable","12":"purchasable","13":"product-type-simple"},"_links":{"self":[{"href":"https:\/\/eco-market24.com\/et\/wp-json\/wp\/v2\/product\/1463","targetHints":{"allow":["GET"]}}],"collection":[{"href":"https:\/\/eco-market24.com\/et\/wp-json\/wp\/v2\/product"}],"about":[{"href":"https:\/\/eco-market24.com\/et\/wp-json\/wp\/v2\/types\/product"}],"replies":[{"embeddable":true,"href":"https:\/\/eco-market24.com\/et\/wp-json\/wp\/v2\/comments?post=1463"}],"wp:featuredmedia":[{"embeddable":true,"href":"https:\/\/eco-market24.com\/et\/wp-json\/wp\/v2\/media\/1616"}],"wp:attachment":[{"href":"https:\/\/eco-market24.com\/et\/wp-json\/wp\/v2\/media?parent=1463"}],"wp:term":[{"taxonomy":"product_brand","embeddable":true,"href":"https:\/\/eco-market24.com\/et\/wp-json\/wp\/v2\/product_brand?post=1463"},{"taxonomy":"product_cat","embeddable":true,"href":"https:\/\/eco-market24.com\/et\/wp-json\/wp\/v2\/product_cat?post=1463"},{"taxonomy":"product_tag","embeddable":true,"href":"https:\/\/eco-market24.com\/et\/wp-json\/wp\/v2\/product_tag?post=1463"}],"curies":[{"name":"wp","href":"https:\/\/api.w.org\/{rel}","templated":true}]}}