{"id":1469,"date":"2025-09-29T16:21:24","date_gmt":"2025-09-29T14:21:24","guid":{"rendered":"https:\/\/eco-market24.com\/product\/taaskasutusprugikast-5-kambriline-eco-estri-5-x-60-l-tsingitud\/"},"modified":"2025-09-29T20:02:13","modified_gmt":"2025-09-29T18:02:13","slug":"taaskasutusprugikast-5-kambriline-eco-estri-5-x-60-l-tsingitud","status":"publish","type":"product","link":"https:\/\/eco-market24.com\/et\/toode\/taaskasutusprugikast-5-kambriline-eco-estri-5-x-60-l-tsingitud\/","title":{"rendered":"Taaskasutuspr\u00fcgikast 5-kambriline Eco Estri 5 \u00d7 60 l tsingitud"},"content":{"rendered":"<p>Komplekt 5 eralduspr\u00fcgikasti \u2014 ECO ESTRI 5 x 60 L<\/p>\n<p>Viie pr\u00fcgikambri komplekt sise- ja v\u00e4likasutuseks \u2014 ECO ESTRI 5 x 60 L on funktsionaalne ja esteetiline lahendus j\u00e4\u00e4tmete selektiivseks kogumiseks hoonetes ja avalikes kohtades. Sobib koolidele, lasteaedadele, kontoritele, kliinikutele, kaubanduskeskustele, tanklatele ja suurtele parkimisaladele.<\/p>\n<p>Konstruktsioon ja viimistlus<br \/>\nMaterjal: Kuumutatud tsingitud teras, korrosioonikindel, vastupidav p\u00e4ikesevalgusele, ekstreemsetele temperatuuridele ja vihmale.<br \/>\nVastupidavus: Vastupidav mehaanilistele kahjustustele, sobib intensiivselt kasutatavatesse ruumidesse ja avalikesse kohtadesse.<br \/>\nV\u00e4rv: Grafiit (RAL 7021).<\/p>\n<p>Mahutavus ja konfiguratsioon<\/p>\n<p>  Kambrid: 5<br \/>\n  Mahutavus kambrilt: 60 L (kokku 5 x 60 L)<br \/>\n  Uksed: 5 lukustatavat ust (sobib padlukaga)<br \/>\n  Kotir\u00f5ngad: Kohandatud 120 L kottide jaoks, et v\u00e4ltida koti libisemist ja sisemist reostust<br \/>\n  Moodulite \u00fchendus: V\u00f5imalus \u00fchendada mooduleid paigaldusavade kaudu<\/p>\n<p>Eraldusv\u00e4rvid ja sildid<br \/>\nUstele on paigaldatud fraktsiooni nimed standardsetes v\u00e4rvides (EL \/ Keskkonnaministeerium):<\/p>\n<p>  Segapr\u00fcgi: Hall<br \/>\n  Plast ja metall: Kollane<br \/>\n  Paber: Sinine<br \/>\n  Klaas: Roheline<br \/>\n  Bioj\u00e4\u00e4tmed: Pruun<\/p>\n<p>M\u00e4rkus: Sildid saadetakse eraldi kliendi paigaldamiseks ja kohandamiseks.<\/p>\n<p>P\u00f5hiandmed<\/p>\n<p>  Toode: ECO ESTRI 5 x 60 L<br \/>\n  Mahutavus: 5 \u00d7 60 L<br \/>\n  V\u00e4rv: Grafiit (RAL 7021)<br \/>\n  Materjal: Tsingitud teras<br \/>\n  Kasutus: Sise- ja v\u00e4listingimustesse<br \/>\n  Sisaldab: V\u00e4rvilisi sildiseid (saadetakse eraldi), kotir\u00f5ngad, lukustatavad uksed<\/p>\n","protected":false},"excerpt":{"rendered":"<p>Viie 60-liitrise sektsiooniga Eco Estri viiejaotusega taaskasutuspr\u00fcgikast \u00fchendab funktsionaalse ja esteetilise disaini sise- ja v\u00e4listingimusteks ning v\u00f5imaldab h\u00f5lpsat j\u00e4\u00e4tmete sorteerimise rakendamist hoonetes ja avalikes ruumides.<\/p>\n","protected":false},"featured_media":1831,"comment_status":"open","ping_status":"closed","template":"","meta":[],"product_brand":[],"product_cat":[70],"product_tag":[],"class_list":{"0":"post-1469","1":"product","2":"type-product","3":"status-publish","4":"has-post-thumbnail","6":"product_cat-waste-containers","8":"first","9":"instock","10":"taxable","11":"shipping-taxable","12":"purchasable","13":"product-type-simple"},"_links":{"self":[{"href":"https:\/\/eco-market24.com\/et\/wp-json\/wp\/v2\/product\/1469","targetHints":{"allow":["GET"]}}],"collection":[{"href":"https:\/\/eco-market24.com\/et\/wp-json\/wp\/v2\/product"}],"about":[{"href":"https:\/\/eco-market24.com\/et\/wp-json\/wp\/v2\/types\/product"}],"replies":[{"embeddable":true,"href":"https:\/\/eco-market24.com\/et\/wp-json\/wp\/v2\/comments?post=1469"}],"wp:featuredmedia":[{"embeddable":true,"href":"https:\/\/eco-market24.com\/et\/wp-json\/wp\/v2\/media\/1831"}],"wp:attachment":[{"href":"https:\/\/eco-market24.com\/et\/wp-json\/wp\/v2\/media?parent=1469"}],"wp:term":[{"taxonomy":"product_brand","embeddable":true,"href":"https:\/\/eco-market24.com\/et\/wp-json\/wp\/v2\/product_brand?post=1469"},{"taxonomy":"product_cat","embeddable":true,"href":"https:\/\/eco-market24.com\/et\/wp-json\/wp\/v2\/product_cat?post=1469"},{"taxonomy":"product_tag","embeddable":true,"href":"https:\/\/eco-market24.com\/et\/wp-json\/wp\/v2\/product_tag?post=1469"}],"curies":[{"name":"wp","href":"https:\/\/api.w.org\/{rel}","templated":true}]}}