{"id":1476,"date":"2025-09-29T16:21:02","date_gmt":"2025-09-29T14:21:02","guid":{"rendered":"https:\/\/eco-market24.com\/product\/titaanist-taaskasutusprugikast-4-x-60-l-roostevabast-terasest\/"},"modified":"2025-09-29T20:05:14","modified_gmt":"2025-09-29T18:05:14","slug":"titaanist-taaskasutusprugikast-4-x-60-l-roostevabast-terasest","status":"publish","type":"product","link":"https:\/\/eco-market24.com\/et\/toode\/titaanist-taaskasutusprugikast-4-x-60-l-roostevabast-terasest\/","title":{"rendered":"Titaanist taaskasutuspr\u00fcgikast 4 x 60 l roostevabast terasest"},"content":{"rendered":"<p>Valmistatud roostevabast terasest<br \/>\nKasutus: kontorid, ettev\u00f5tted, poed ja muud sisealad. Taaskasutuspr\u00fcgikast Titanium 4 \u00d7 60 L roostevabast terasest on suurep\u00e4rane lahendus ettev\u00f5tetele ja paikadele, kus v\u00e4\u00e4rtustatakse \u00f6koloogiat ja esteetikat. Ideaalne kontorihoonetele, koolidele, kaubanduskeskustele, hotellidele, lennujaamadele v\u00f5i rongijaamadele, aidates hoida korda ja soodustades \u00f5iget j\u00e4\u00e4tmete sorteerimist. Sobib ka parklaaladele, teenindusjaamadele v\u00f5i eramajade \u00fcmbrusele.<\/p>\n<p>Disain ja konstruktsioon<\/p>\n<p>  Materjal: 0,9 mm paksune roostevaba teras mattharjatud viimistlusega<br \/>\n  Mahutavus: 4 \u00d7 60 liitrit (neli eraldi kambriga)<br \/>\n  Konstruktsioon: vaba seisev<br \/>\n  Konteinerid: sisemised tsingitud terasest linersid t\u00f5stetavate kaantega lihtsaks t\u00fchjendamiseks<br \/>\n  Avaused: suured sisseviskeavad, mis v\u00f5imaldavad kiiret ja intuitiivset kasutamist ning v\u00e4hendavad erakordset osade segunemist<br \/>\n  Stabiilsus: kummist libisemisvastane serv p\u00f5hjas<br \/>\n  Hooldus: mattharjatud teras on lihtne puhtana hoida<\/p>\n<p>Sorteerimine ja m\u00e4rgistamine<br \/>\nKontorij\u00e4\u00e4tmete sorteerimiskastil on fraktsioonim\u00e4rgendused standardsetes taaskasutuse v\u00e4rvides ning iga kambri kleebitav nimem\u00e4rgis v\u00f5imaldab individuaalset t\u00e4histamist. Standardseparatsiooni v\u00e4rvid:<\/p>\n<p>  Sinine: paber<br \/>\n  Roheline: klaas<br \/>\n  Kollane: plast ja metall<br \/>\n  Must: seguj\u00e4\u00e4tmed<\/p>\n<p>Selgete universaalsete v\u00e4rvim\u00e4rgistega leiavad kasutajad kiiresti \u00f5ige koha iga j\u00e4\u00e4tmeliigi jaoks, suurendades selektiivse kogumise efektiivsust ja toetades keskkonnaharidust avalikes ruumides.<\/p>\n<p>Olulised andmed<\/p>\n<p>  Mahutavus: 4 \u00d7 60 liitrit<br \/>\n  Konstruktsioon: 0,9 mm roostevaba teras<br \/>\n  Viimistlus: mattharjatud teras<br \/>\n  Sisev\u00f5rud: tsingitud teras<br \/>\n  V\u00e4rvitud fraktsioonim\u00e4rgendused<br \/>\n  Suured sisseviskeavad ja t\u00f5stetavad kaaned<br \/>\n  Vaba seisev konstruktsioon<br \/>\n  P\u00f5hjas kummist libisemisvastane serv<\/p>\n","protected":false},"excerpt":{"rendered":"<p>Titanium 4 x 60 L roostevabast terasest taaskasutusj\u00e4\u00e4tmete konteiner \u2014 stiilne, vastupidav siseruumide j\u00e4\u00e4tmelahendus kontoritele, ettev\u00f5tetele, poodidele ja teistele ruumidele, mis eelistavad \u00f6koloogiat ja esteetikat<\/p>\n","protected":false},"featured_media":1834,"comment_status":"open","ping_status":"closed","template":"","meta":[],"product_brand":[],"product_cat":[154],"product_tag":[],"class_list":{"0":"post-1476","1":"product","2":"type-product","3":"status-publish","4":"has-post-thumbnail","6":"product_cat-jaatmete-liigiti-kogumise-prugikastid","8":"first","9":"instock","10":"taxable","11":"shipping-taxable","12":"purchasable","13":"product-type-simple"},"_links":{"self":[{"href":"https:\/\/eco-market24.com\/et\/wp-json\/wp\/v2\/product\/1476","targetHints":{"allow":["GET"]}}],"collection":[{"href":"https:\/\/eco-market24.com\/et\/wp-json\/wp\/v2\/product"}],"about":[{"href":"https:\/\/eco-market24.com\/et\/wp-json\/wp\/v2\/types\/product"}],"replies":[{"embeddable":true,"href":"https:\/\/eco-market24.com\/et\/wp-json\/wp\/v2\/comments?post=1476"}],"wp:featuredmedia":[{"embeddable":true,"href":"https:\/\/eco-market24.com\/et\/wp-json\/wp\/v2\/media\/1834"}],"wp:attachment":[{"href":"https:\/\/eco-market24.com\/et\/wp-json\/wp\/v2\/media?parent=1476"}],"wp:term":[{"taxonomy":"product_brand","embeddable":true,"href":"https:\/\/eco-market24.com\/et\/wp-json\/wp\/v2\/product_brand?post=1476"},{"taxonomy":"product_cat","embeddable":true,"href":"https:\/\/eco-market24.com\/et\/wp-json\/wp\/v2\/product_cat?post=1476"},{"taxonomy":"product_tag","embeddable":true,"href":"https:\/\/eco-market24.com\/et\/wp-json\/wp\/v2\/product_tag?post=1476"}],"curies":[{"name":"wp","href":"https:\/\/api.w.org\/{rel}","templated":true}]}}