{"id":1502,"date":"2025-09-29T16:20:53","date_gmt":"2025-09-29T14:20:53","guid":{"rendered":"https:\/\/eco-market24.com\/product\/sortimisprugikast-3-osaline-eco-smart-3-x-30-l\/"},"modified":"2025-09-29T20:05:33","modified_gmt":"2025-09-29T18:05:33","slug":"sortimisprugikast-3-osaline-eco-smart-3-x-30-l","status":"publish","type":"product","link":"https:\/\/eco-market24.com\/et\/toode\/sortimisprugikast-3-osaline-eco-smart-3-x-30-l\/","title":{"rendered":"Sortimispr\u00fcgikast, 3-osaline Eco Smart, 3 \u00d7 30 l"},"content":{"rendered":"<p>Kolmeosalise sorteerimispr\u00fcgikast linna-, pargi- ja ettev\u00f5ttealadele<\/p>\n<p>\u00dclevaade<br \/>\nKolmeosalise eco smart pr\u00fcgikasti 3 x 30 L on oluline lahendus kohtades, kus olulised on puhtus ja keskkonnakaitse. Sobib ideaalselt linnakeskustesse, elamurajoonidesse, parkidesse, m\u00e4nguv\u00e4ljakutele, ettev\u00f5tete territooriumitele, kaubanduskeskustesse ja \u00fclikoolilinnakutesse. Ilmastikukindel ja vastupidav kitsas v\u00e4list\u00f6\u00f6tlekja on m\u00f5eldud aastaringseks kasutamiseks avalike alade korrashoidmiseks.<\/p>\n<p>V\u00e4limus ja viimistlus<br \/>\nPr\u00fcgikast on viimistletud grafiidi toonis (RAL 7016). Sel on kolm 30-liitrist sektsiooni ning tsingitud sisemised konteinerid. Iga moodul on varustatud kleebisega, mis m\u00e4rgib j\u00e4\u00e4tmeliigi. Toodet kinnitavad kvaliteedisertifikaadid ISO, BV ja TUV.<\/p>\n<p>Terasest konstruktsioon \u2014 tugevus ja ajatu elegants<br \/>\nValmistatud 1,5 mm pulberv\u00e4rvitud tsingitud terasest, pr\u00fcgikast on v\u00e4ga vastupidav ja sitke, sobides v\u00e4litingimustesse erineva ilmaga. Tsingitud teras tagab suurep\u00e4rase korrosioonikindluse ning pulberv\u00e4rv parandab pinnakindlust, kaitstes kriimustuste, UV-kiirguse ja muude v\u00e4lism\u00f5jude eest.<br \/>\nPulberv\u00e4rvitud grafiidiviimistlus annab ajatu, neutraalse ja silmapaistmatu v\u00e4limuse, mis sobitub h\u00e4sti erinevate avalike ruumide lahendustega nii kaasaegses kui klassikalises keskkonnas.<\/p>\n<p>Praktilised omadused<br \/>\nPr\u00fcgikastil on suured sissekastmisavade mugavaks utiliseerimiseks ning tsingitud sisemised konteinerid, mis on ligip\u00e4\u00e4setavad lukustatavate k\u00fclguste kaudu (m\u00f5lemalt poolt). See on selgelt m\u00e4rgistatud; sorteerimisfraktsioonide standardv\u00e4rvilised kleebised on kaasas enesekleebitamiseks. Klient saab valida 3 neljast t\u00fc\u00fcbist: segapr\u00fcgikast, plast, paber, klaas.<\/p>\n<p>P\u00f5hiandmed<br \/>\nMahutavus: 3 \u00d7 30 liitrit<br \/>\nSertifikaadid: ISO, BV, TUV<br \/>\nKorpus: 1,5 mm pulberv\u00e4rvitud tsingitud teras<br \/>\nV\u00e4rv: Grafiit (RAL 7016)<br \/>\nSisemised konteinerid: tsingitud<br \/>\nSissekastmisavad: 3<br \/>\nUksed: 2 lukustatavat k\u00fclguksi<br \/>\nM\u00e4rgistused: kaasas kleebised sorteeritavate fraktsioonide m\u00e4rgistamiseks<br \/>\nKinnitus: maapinnale poltidega kinnitamine<\/p>\n","protected":false},"excerpt":{"rendered":"<p>Kolmeosalise j\u00e4\u00e4tmete sorteerimise pr\u00fcgikast linnakasutuseks, parkidesse ja ettev\u00f5tete territooriumile. Eco Smart 3 \u00d7 30 L on oluline lahendus kohtades, kus puhtus ja keskkonnakaitse loevad.<\/p>\n","protected":false},"featured_media":1846,"comment_status":"open","ping_status":"closed","template":"","meta":[],"product_brand":[],"product_cat":[70],"product_tag":[],"class_list":{"0":"post-1502","1":"product","2":"type-product","3":"status-publish","4":"has-post-thumbnail","6":"product_cat-waste-containers","8":"first","9":"instock","10":"taxable","11":"shipping-taxable","12":"purchasable","13":"product-type-simple"},"_links":{"self":[{"href":"https:\/\/eco-market24.com\/et\/wp-json\/wp\/v2\/product\/1502","targetHints":{"allow":["GET"]}}],"collection":[{"href":"https:\/\/eco-market24.com\/et\/wp-json\/wp\/v2\/product"}],"about":[{"href":"https:\/\/eco-market24.com\/et\/wp-json\/wp\/v2\/types\/product"}],"replies":[{"embeddable":true,"href":"https:\/\/eco-market24.com\/et\/wp-json\/wp\/v2\/comments?post=1502"}],"wp:featuredmedia":[{"embeddable":true,"href":"https:\/\/eco-market24.com\/et\/wp-json\/wp\/v2\/media\/1846"}],"wp:attachment":[{"href":"https:\/\/eco-market24.com\/et\/wp-json\/wp\/v2\/media?parent=1502"}],"wp:term":[{"taxonomy":"product_brand","embeddable":true,"href":"https:\/\/eco-market24.com\/et\/wp-json\/wp\/v2\/product_brand?post=1502"},{"taxonomy":"product_cat","embeddable":true,"href":"https:\/\/eco-market24.com\/et\/wp-json\/wp\/v2\/product_cat?post=1502"},{"taxonomy":"product_tag","embeddable":true,"href":"https:\/\/eco-market24.com\/et\/wp-json\/wp\/v2\/product_tag?post=1502"}],"curies":[{"name":"wp","href":"https:\/\/api.w.org\/{rel}","templated":true}]}}