{"id":1511,"date":"2025-09-29T16:20:58","date_gmt":"2025-09-29T14:20:58","guid":{"rendered":"https:\/\/eco-market24.com\/product\/eco-modular-modulaarne-ringlussevotu-prugikast-40-l-valge\/"},"modified":"2025-09-29T20:05:19","modified_gmt":"2025-09-29T18:05:19","slug":"eco-modular-modulaarne-ringlussevotu-prugikast-40-l-valge","status":"publish","type":"product","link":"https:\/\/eco-market24.com\/et\/toode\/eco-modular-modulaarne-ringlussevotu-prugikast-40-l-valge\/","title":{"rendered":"Eco Modular modulaarne ringlussev\u00f5tu pr\u00fcgikast, 40 l, valge"},"content":{"rendered":"<p>Recycling Bin Modular Eco Modular 40 L \u2014 Valge<\/p>\n<p>Kirjeldus: Mooduliline 40 l pr\u00fcgikast soodustab keskkonnas\u00f5bralikku k\u00e4itumist avalikes kohtades. Valmistatud kvaliteetsetest materjalidest, sobib nii siseruumidesse kui v\u00e4litingimustesse ning on ideaalne kaubanduskeskustesse, rongijaamadesse, lennujaamadesse, ametiasutustesse, haiglatesse, koolidesse, kontorikompleksidesse ja bensiinijaamadesse.<\/p>\n<p>Vastupidav konstruktsioon<\/p>\n<p>  Materjal: 0,8 mm tsingitud teras pulberv\u00e4rvkattega<br \/>\n  Viimistlus: Harjatud terase v\u00e4limus mati, \u00fchtlase v\u00e4rviga<br \/>\n  Vastupidavus: Vastupidav m\u00f5lgidele, deformeerumisele ja v\u00e4iksematele kriimustustele \u2014 sobib intensiivse liiklusega aladele<br \/>\n  Disain: Elegantne, modernne v\u00e4limus, mis sobitub kaasaegsete linna- ja kontorikeskkondadega<\/p>\n<p>Praktilised omadused<\/p>\n<p>  Mahutavus: 40 liitrit<br \/>\n  Konfiguratsioon: Vabalt seisva konstruktsiooniga<br \/>\n  Sisemine kott: Tsingitud terasest sisemine alus kottide hoidjatega, et kotid paigal p\u00fcsiksid<br \/>\n  Hooldus: Siledapinnaline sisuskorv lihtsaks puhastamiseks<br \/>\n  Ligip\u00e4\u00e4s: Eemaldatav \u00fclemine kaas lihtsaks t\u00fchjendamiseks<br \/>\n  V\u00e4rv: Valge<\/p>\n","protected":false},"excerpt":{"rendered":"<p>Modulaarne 40 L \u00f6ko-ringlussev\u00f5tu pr\u00fcgikast valges \u2014 ideaalne kaubanduskeskustele, rongijaamadele ja lennujaamadele; soodustab keskkonnas\u00f5bralikku k\u00e4itumist avalikes ruumides.<\/p>\n","protected":false},"featured_media":1848,"comment_status":"open","ping_status":"closed","template":"","meta":[],"product_brand":[],"product_cat":[154],"product_tag":[],"class_list":{"0":"post-1511","1":"product","2":"type-product","3":"status-publish","4":"has-post-thumbnail","6":"product_cat-jaatmete-liigiti-kogumise-prugikastid","8":"first","9":"instock","10":"taxable","11":"shipping-taxable","12":"purchasable","13":"product-type-simple"},"_links":{"self":[{"href":"https:\/\/eco-market24.com\/et\/wp-json\/wp\/v2\/product\/1511","targetHints":{"allow":["GET"]}}],"collection":[{"href":"https:\/\/eco-market24.com\/et\/wp-json\/wp\/v2\/product"}],"about":[{"href":"https:\/\/eco-market24.com\/et\/wp-json\/wp\/v2\/types\/product"}],"replies":[{"embeddable":true,"href":"https:\/\/eco-market24.com\/et\/wp-json\/wp\/v2\/comments?post=1511"}],"wp:featuredmedia":[{"embeddable":true,"href":"https:\/\/eco-market24.com\/et\/wp-json\/wp\/v2\/media\/1848"}],"wp:attachment":[{"href":"https:\/\/eco-market24.com\/et\/wp-json\/wp\/v2\/media?parent=1511"}],"wp:term":[{"taxonomy":"product_brand","embeddable":true,"href":"https:\/\/eco-market24.com\/et\/wp-json\/wp\/v2\/product_brand?post=1511"},{"taxonomy":"product_cat","embeddable":true,"href":"https:\/\/eco-market24.com\/et\/wp-json\/wp\/v2\/product_cat?post=1511"},{"taxonomy":"product_tag","embeddable":true,"href":"https:\/\/eco-market24.com\/et\/wp-json\/wp\/v2\/product_tag?post=1511"}],"curies":[{"name":"wp","href":"https:\/\/api.w.org\/{rel}","templated":true}]}}