{"id":1541,"date":"2025-09-29T16:20:54","date_gmt":"2025-09-29T14:20:54","guid":{"rendered":"https:\/\/eco-market24.com\/product\/tanavaprugikast-postil-monaco-40-l\/"},"modified":"2025-09-29T20:05:29","modified_gmt":"2025-09-29T18:05:29","slug":"tanavaprugikast-postil-monaco-40-l","status":"publish","type":"product","link":"https:\/\/eco-market24.com\/et\/toode\/tanavaprugikast-postil-monaco-40-l\/","title":{"rendered":"T\u00e4navapr\u00fcgikast postil Monaco 40 L"},"content":{"rendered":"<p>Bin Street posti k\u00fclge \u2014 Monaco 40 L<\/p>\n<p>Bin Street posti k\u00fclge Monaco 40 L on elegantsuse ja k\u00f5rge kvaliteedi kombinatsioon, sobides linnaruumi avalikesse kohtadesse ja v\u00e4ikeskaalalisse linnaplaneerimisse. Sobib h\u00e4sti kohtadesse, kus liigub palju jalak\u00e4ijaid, nagu peatused, transpordis\u00f5lmed, jaamad, pargid, v\u00e4ljakud, kontorihooned, avalikud asutused ja elamurajoonid.<\/p>\n<p>Peamised omadused<\/p>\n<p>  Maht: 40 liitrit<br \/>\n  Materjal: 1,5 mm pulberv\u00e4rvitud kuumtsingitud teras<br \/>\n  V\u00e4rv: grafiit (RAL 7016)<br \/>\n  Sertifikaadid: ISO, BV, T\u00dcV<br \/>\n  Kinnitus: postile kinnitatav konstruktsioon, maasse kruvitav<br \/>\n  Vastupidavus: v\u00e4ga vastupidav mehaanilistele kahjustustele ja ebasoodsatele ilmastikutingimustele (UV, vihm, lumi, \u00e4\u00e4rmuslikud temperatuurid)<\/p>\n<p>Disain ja praktilisus<\/p>\n<p>  Lai ava eemaldatava kaanega, mis kaitseb tuule ja sademete eest ning v\u00f5imaldab lihtsat t\u00fchjendamist<br \/>\n  Sisemine galvaniseeritud lehtsisend lihtsamaks t\u00fchjendamiseks ja puhastamiseks<br \/>\n  Lukustatav kaas (v\u00f5tmega) volitamata juurdep\u00e4\u00e4su v\u00e4ltimiseks<br \/>\n  Vastupidav, v\u00e4hese hooldusega viimistlus ning elegantne, ajatu v\u00e4limus, mis sobitub linnaarhitektuuriga<br \/>\n  Kuigi kaalult kerge, on stabiilne t\u00e4nu p\u00fcsivale maakinnitusele<\/p>\n","protected":false},"excerpt":{"rendered":"<p>Bin Street on a post Monaco 40 L \u00fchendab elegantse disaini ja k\u00f5rgekvaliteedilise vastupidavuse, muutes selle ideaalseks linnaliste avalike alade ja rohealade jaoks \u2014 sobitudes t\u00e4iuslikult v\u00e4ikemahulise arhitektuuriga.<\/p>\n","protected":false},"featured_media":1873,"comment_status":"open","ping_status":"closed","template":"","meta":[],"product_brand":[],"product_cat":[167],"product_tag":[],"class_list":{"0":"post-1541","1":"product","2":"type-product","3":"status-publish","4":"has-post-thumbnail","6":"product_cat-tanava-ja-pargiprugikastid","8":"first","9":"instock","10":"taxable","11":"shipping-taxable","12":"purchasable","13":"product-type-simple"},"_links":{"self":[{"href":"https:\/\/eco-market24.com\/et\/wp-json\/wp\/v2\/product\/1541","targetHints":{"allow":["GET"]}}],"collection":[{"href":"https:\/\/eco-market24.com\/et\/wp-json\/wp\/v2\/product"}],"about":[{"href":"https:\/\/eco-market24.com\/et\/wp-json\/wp\/v2\/types\/product"}],"replies":[{"embeddable":true,"href":"https:\/\/eco-market24.com\/et\/wp-json\/wp\/v2\/comments?post=1541"}],"wp:featuredmedia":[{"embeddable":true,"href":"https:\/\/eco-market24.com\/et\/wp-json\/wp\/v2\/media\/1873"}],"wp:attachment":[{"href":"https:\/\/eco-market24.com\/et\/wp-json\/wp\/v2\/media?parent=1541"}],"wp:term":[{"taxonomy":"product_brand","embeddable":true,"href":"https:\/\/eco-market24.com\/et\/wp-json\/wp\/v2\/product_brand?post=1541"},{"taxonomy":"product_cat","embeddable":true,"href":"https:\/\/eco-market24.com\/et\/wp-json\/wp\/v2\/product_cat?post=1541"},{"taxonomy":"product_tag","embeddable":true,"href":"https:\/\/eco-market24.com\/et\/wp-json\/wp\/v2\/product_tag?post=1541"}],"curies":[{"name":"wp","href":"https:\/\/api.w.org\/{rel}","templated":true}]}}