{"id":1551,"date":"2025-09-29T16:21:08","date_gmt":"2025-09-29T14:21:08","guid":{"rendered":"https:\/\/eco-market24.com\/product\/modulaarne-taaskasutusprugikast-eco-modular-3-x-40-l-valge\/"},"modified":"2025-09-29T20:02:36","modified_gmt":"2025-09-29T18:02:36","slug":"modulaarne-taaskasutusprugikast-eco-modular-3-x-40-l-valge","status":"publish","type":"product","link":"https:\/\/eco-market24.com\/et\/toode\/modulaarne-taaskasutusprugikast-eco-modular-3-x-40-l-valge\/","title":{"rendered":"Modulaarne taaskasutuspr\u00fcgikast Eco Modular 3 x 40 l valge"},"content":{"rendered":"<p>3-kambriline j\u00e4\u00e4tmekonteiner sorteerimiseks \u2014 Eco Modular taaskasutuspr\u00fcgikast 3 \u00d7 40 l (valge)<\/p>\n<p>Kasutusala: M\u00f5eldud kaubanduskeskustele, jaamadele, lennujaamadele ja teistele avalikele aladele. Sobib nii sise- kui v\u00e4listingimustesse \u2014 ideaalne valitsusasutustele, haiglatele, koolidele, kontorihoonetele ja bensiinijaamadele.<\/p>\n<p>Konstruktsioon ja materjalid<br \/>\n  Mahutavus: 3 \u00d7 40 liitrit<br \/>\n  Materjal: 0,8 mm tsingitud teras, pulberv\u00e4rvitud<br \/>\n  Viimistlus: harjatud teraspind mattpulberkattega \u00fchtlase v\u00e4rvuse ja suurenenud kriimustuskindluse tagamiseks<br \/>\n  Disain: Vabasendis seisev, tugev ning vastupidav l\u00f5tkudele, deformeerumisele ja intensiivsele kasutusele<\/p>\n<p>Funktsionaalsed omadused<br \/>\n  Sisemised sisud: Tsinkitud terassisud kotialustega, mis hoiavad kottide paigal ka t\u00e4ies mahus<br \/>\n  Puhastus ja hooldus: Siledad sisepealsed pindasid lihtsaks puhastamiseks<br \/>\n  T\u00fchjendamine: Eemaldatavad pealsed kaaned \u2014 t\u00f5stke kaan \u00fcles vastava kambri kohalt t\u00fchjendamiseks<\/p>\n<p>Sorteerimine ja m\u00e4rgistus<br \/>\nM\u00f5eldud selektiivseks j\u00e4\u00e4tmekogumiseks kolme kambriga. Pr\u00fcgikastiga kaasneb kleepsude komplekt ise paigaldamiseks. Saadaval kleepsude v\u00e4rvivalikud fraktsioonideks:<br \/>\n  Must: Segaj\u00e4\u00e4tmed<br \/>\n  Kollane: Plast ja metall<br \/>\n  Sinine: Paber<br \/>\n  Pruun: Bioj\u00e4\u00e4tmed<br \/>\n  Roheline: Klaas<\/p>\n<p>P\u00f5hiandmed<br \/>\n  Mahutavus: 3 \u00d7 40 l<br \/>\n  Materjal: 0,8 mm tsingitud teras, pulberv\u00e4rvitud<br \/>\n  V\u00e4rv: Valge<br \/>\n  Tsinkitud terassisud kotialustega<br \/>\n  Eemaldatavad pealsed kaaned<br \/>\n  Vabasendis seisev konstruktsioon<br \/>\n  Kleepsud fraktsiooninimedega ise paigaldamiseks<\/p>\n","protected":false},"excerpt":{"rendered":"<p>Valge \u00f6ko-moodulpr\u00fcgikast \u2014 3 sektsiooni \u00d7 40 l. Sobib ideaalselt kaubanduskeskustele, rongijaamadele ja lennujaamadele, et soodustada n\u00f5uetekohast j\u00e4\u00e4tmete sorteerimist avalikes kohtades.<\/p>\n","protected":false},"featured_media":1876,"comment_status":"open","ping_status":"closed","template":"","meta":[],"product_brand":[],"product_cat":[70],"product_tag":[],"class_list":{"0":"post-1551","1":"product","2":"type-product","3":"status-publish","4":"has-post-thumbnail","6":"product_cat-waste-containers","8":"first","9":"instock","10":"taxable","11":"shipping-taxable","12":"purchasable","13":"product-type-simple"},"_links":{"self":[{"href":"https:\/\/eco-market24.com\/et\/wp-json\/wp\/v2\/product\/1551","targetHints":{"allow":["GET"]}}],"collection":[{"href":"https:\/\/eco-market24.com\/et\/wp-json\/wp\/v2\/product"}],"about":[{"href":"https:\/\/eco-market24.com\/et\/wp-json\/wp\/v2\/types\/product"}],"replies":[{"embeddable":true,"href":"https:\/\/eco-market24.com\/et\/wp-json\/wp\/v2\/comments?post=1551"}],"wp:featuredmedia":[{"embeddable":true,"href":"https:\/\/eco-market24.com\/et\/wp-json\/wp\/v2\/media\/1876"}],"wp:attachment":[{"href":"https:\/\/eco-market24.com\/et\/wp-json\/wp\/v2\/media?parent=1551"}],"wp:term":[{"taxonomy":"product_brand","embeddable":true,"href":"https:\/\/eco-market24.com\/et\/wp-json\/wp\/v2\/product_brand?post=1551"},{"taxonomy":"product_cat","embeddable":true,"href":"https:\/\/eco-market24.com\/et\/wp-json\/wp\/v2\/product_cat?post=1551"},{"taxonomy":"product_tag","embeddable":true,"href":"https:\/\/eco-market24.com\/et\/wp-json\/wp\/v2\/product_tag?post=1551"}],"curies":[{"name":"wp","href":"https:\/\/api.w.org\/{rel}","templated":true}]}}