{"id":1574,"date":"2025-09-29T16:20:59","date_gmt":"2025-09-29T14:20:59","guid":{"rendered":"https:\/\/eco-market24.com\/product\/eco-modular-modulaarne-taaskasutusprugikast-50-l-must\/"},"modified":"2025-09-29T20:05:16","modified_gmt":"2025-09-29T18:05:16","slug":"eco-modular-modulaarne-taaskasutusprugikast-50-l-must","status":"publish","type":"product","link":"https:\/\/eco-market24.com\/et\/toode\/eco-modular-modulaarne-taaskasutusprugikast-50-l-must\/","title":{"rendered":"Eco Modular modulaarne taaskasutuspr\u00fcgikast 50 l must"},"content":{"rendered":"<p>Modulpr\u00fcgikast \u2013 ideaalne linnadele, parkimisaladele ja rohealadele<\/p>\n<p>Eco modular 50 L must modulaarne sorteerimisj\u00e4\u00e4tmejaam on lihtne lahendus v\u00e4lisruumide algtaseme j\u00e4\u00e4tmete sorteerimiseks. K\u00f5rge kvaliteediga viimistluse ja minimalistliku disainiga sobib see modulaarne j\u00e4\u00e4tmejaam avalikku ruumi nagu kontorihooned, avalik haldus, koolid, haiglad, pargid, v\u00e4ljakud, m\u00e4nguv\u00e4ljakud, spordiv\u00e4ljakud, vaba aja veetmise alad ja parkimisalad.<\/p>\n<p>Tooteandmed<\/p>\n<p>  Mahutavus: 50 liitrit<br \/>\n  Materjal: 0,8 mm tsingitud teras<br \/>\n  Viimistlus: pulberv\u00e4rv must (RAL 9005)<br \/>\n  Sisemine kott\/\u00fcmbris: tsingitud teras, eemaldatav<br \/>\n  Kaas: eemaldatav, h\u00f5lbustab t\u00fchjendamist<br \/>\n  Konstruktsioon: vabaltseisev<\/p>\n<p>Ilma- ja kahjustuskindel<br \/>\nToodetud tsingitud terasest pulberv\u00e4rvkattega, pakub pr\u00fcgikast tugevat vastupidavust vihmale, pakasele, UV-kiirgusele ja k\u00f5rgetele temperatuuridele. See on m\u00f5eldud pikaajaliseks v\u00e4likasutuseks ilma eraldi katte vajaduseta ning tagab k\u00f5rge vastupidavuse ja kahjustuskindluse.<\/p>\n<p>Disain ja kasutusmugavus<br \/>\nPr\u00fcgikastil on minimalistlik must (RAL 9005) stiil, mis sobitub nii linnakeskkonda kui ka rohealadele. See on vabaltseisev, optimaalse kaaluga, et seda oleks lihtne liigutada ja t\u00fchjendada, s\u00e4ilitades samal ajal stabiilsuse. Suur sisenemisava v\u00f5imaldab mahutada suuremaid esemeid ning tsingitud sisemine \u00fcmbris kiirendab t\u00fchjendamist ja puhastamist.<\/p>\n<p>Sorteerimisv\u00e4rvid<br \/>\nSee modulaarne lahendus v\u00f5imaldab kohandamist kaasasolevate kleebiste abil, mis tuleb ise peale kleepida. Saadaval kleebiste v\u00e4rvid vastavalt fraktsioonile:<\/p>\n<p>  Must \u2013 seguj\u00e4\u00e4tmed<br \/>\n  Pruun \u2013 bioj\u00e4\u00e4tmed<br \/>\n  Sinine \u2013 paber<br \/>\n  Kollane \u2013 plast ja metall<br \/>\n  Roheline \u2013 klaas<\/p>\n","protected":false},"excerpt":{"rendered":"<p>Modulne pr\u00fcgikast \u2014 ideaalne linnadele, parkimisaladele ja rohealadele. 50 L must Eco Modular taaskasutusj\u00e4\u00e4tmete konteiner \u00fchendab kvaliteetse ehituse ja minimalistliku disaini, v\u00f5imaldades lihtsat ja t\u00f5husat valikulist j\u00e4\u00e4tmekogumist v\u00e4litingimustes.<\/p>\n","protected":false},"featured_media":1886,"comment_status":"open","ping_status":"closed","template":"","meta":[],"product_brand":[],"product_cat":[154],"product_tag":[],"class_list":{"0":"post-1574","1":"product","2":"type-product","3":"status-publish","4":"has-post-thumbnail","6":"product_cat-jaatmete-liigiti-kogumise-prugikastid","8":"first","9":"instock","10":"taxable","11":"shipping-taxable","12":"purchasable","13":"product-type-simple"},"_links":{"self":[{"href":"https:\/\/eco-market24.com\/et\/wp-json\/wp\/v2\/product\/1574","targetHints":{"allow":["GET"]}}],"collection":[{"href":"https:\/\/eco-market24.com\/et\/wp-json\/wp\/v2\/product"}],"about":[{"href":"https:\/\/eco-market24.com\/et\/wp-json\/wp\/v2\/types\/product"}],"replies":[{"embeddable":true,"href":"https:\/\/eco-market24.com\/et\/wp-json\/wp\/v2\/comments?post=1574"}],"wp:featuredmedia":[{"embeddable":true,"href":"https:\/\/eco-market24.com\/et\/wp-json\/wp\/v2\/media\/1886"}],"wp:attachment":[{"href":"https:\/\/eco-market24.com\/et\/wp-json\/wp\/v2\/media?parent=1574"}],"wp:term":[{"taxonomy":"product_brand","embeddable":true,"href":"https:\/\/eco-market24.com\/et\/wp-json\/wp\/v2\/product_brand?post=1574"},{"taxonomy":"product_cat","embeddable":true,"href":"https:\/\/eco-market24.com\/et\/wp-json\/wp\/v2\/product_cat?post=1574"},{"taxonomy":"product_tag","embeddable":true,"href":"https:\/\/eco-market24.com\/et\/wp-json\/wp\/v2\/product_tag?post=1574"}],"curies":[{"name":"wp","href":"https:\/\/api.w.org\/{rel}","templated":true}]}}