{"id":1595,"date":"2025-09-29T16:20:50","date_gmt":"2025-09-29T14:20:50","guid":{"rendered":"https:\/\/eco-market24.com\/product\/sortimiskonteiner-4-kambriline-bonsai-4-x-60-l\/"},"modified":"2025-09-29T20:05:36","modified_gmt":"2025-09-29T18:05:36","slug":"sortimiskonteiner-4-kambriline-bonsai-4-x-60-l","status":"publish","type":"product","link":"https:\/\/eco-market24.com\/et\/toode\/sortimiskonteiner-4-kambriline-bonsai-4-x-60-l\/","title":{"rendered":"Sortimiskonteiner, 4-kambriline Bonsai, 4 \u00d7 60 l"},"content":{"rendered":"<p>J\u00e4\u00e4tmejaam, 4-osaline, parkidele ja linnadele<\/p>\n<p>4-kambriline bonsai j\u00e4\u00e4tmejaam 4 x 60 L on mitmek\u00fclgne lahendus, sobilik parkidesse, linnaruumi, poodide parklatesse ja muudesse suure liiklusega kohtadesse. Neljaks eraldi kambriks jaotatuna v\u00f5imaldab see mugavat j\u00e4\u00e4tmete sorteerimist, h\u00f5lbustades taaskasutust ja v\u00e4hendades pr\u00fcgilasse j\u00f5udvat j\u00e4\u00e4tmeteket. V\u00e4lisruumide sorteerimiskonteinerid on praktilised ja esteetilised, sulandudes linnakeskkonda ja aidates hoida avalikke alasid puhtana. Konteiner sobib elamurajoonidesse, b\u00fcroohoonetesse, tanklatele ja teistesse p\u00e4evase suurenenud jalak\u00e4ijatevooga kohtadesse.<\/p>\n<p>Konstruktsioon ja materjalid<br \/>\nPuidusele imiteeritud v\u00e4limusega j\u00e4\u00e4tmejaamil on neli 60 L kambrile. Teraselemendid on viimistletud musta v\u00e4rviga (RAL 9005), dekoratiivsed WPC-pidemed tumedpruunid. Kasutaja saab valida 4 viiest sorteerimiv\u00e4rvist (toodetakse kleebistena enda paigaldamiseks metallpindadele). Toodet kinnitab ISO 9001 sertifikaat.<\/p>\n<p>Vastupidavus ja v\u00e4limus<br \/>\nV\u00e4litingimustesse ehitatud konteiner on valmistatud kvaliteetsest kuumtsingitud terasest, matt pulberv\u00e4rviga ja 3 mm plaadi paksusega, tagades vastupidavuse mehaanilistele kahjustustele ja karmidele ilmastikutingimustele. WPC-laudis annab elegantse, naturaalse v\u00e4limuse, mis sobitub nii modernsete kui traditsiooniliste keskkondadega, muutes konteineri avalikus ruumis funktsionaalseks ja atraktiivseks elemendiks.<\/p>\n<p>Praktilised omadused<\/p>\n<p>  4 kuumtsingitud terasest sisemist kotti mugavate k\u00e4epidemetega lihtsaks t\u00fchjendamiseks<br \/>\n  T\u00f5stetav kaas, kaitseks vihma ja tuule eest ning j\u00e4\u00e4tmete laiali kandumise v\u00e4ltimiseks<br \/>\n  V\u00e4rvilised kleebised fraktsioonide m\u00e4rgistamiseks (enese paigaldamiseks vertikaalsetele metallplaatidele): paber \u2014 sinine; plast &#038; metallid \u2014 kollane; klaas \u2014 roheline; segaj\u00e4\u00e4tmed \u2014 must<br \/>\n  V\u00f5imalus ankruks aluspinnale<\/p>\n<p>Peamised tehnilised andmed<\/p>\n<p>  Mahutavus: 4 x 60 liitrit<br \/>\n  Sertifikaat: ISO 9001<br \/>\n  Materjal: kuumtsingitud teras, pulberv\u00e4rvitud must (RAL 9005)<br \/>\n  Plaadi paksus: 3 mm<br \/>\n  Viimistlus: WPC-puidulaudis, tumedpruun<br \/>\n  Sorteerimisv\u00e4rvid: 4 (kleebised kaasas)<br \/>\n  Sisemised kotid: 4 kuumtsingitud terasest k\u00e4epidemetega<br \/>\n  Kaas: t\u00f5stetav<br \/>\n  Ankurdamine: v\u00f5imalik<\/p>\n","protected":false},"excerpt":{"rendered":"<p>Bonsai neljakambriline taaskasutuspr\u00fcgikast (4\u00d760 l) \u2014 mitmek\u00fclgne lahendus, ideaalne parkide, linnaruumi, ostukeskuste, poodide parklate ja teiste suure l\u00e4bik\u00e4iguga alade jaoks.<\/p>\n","protected":false},"featured_media":1894,"comment_status":"open","ping_status":"closed","template":"","meta":[],"product_brand":[],"product_cat":[154,167],"product_tag":[],"class_list":{"0":"post-1595","1":"product","2":"type-product","3":"status-publish","4":"has-post-thumbnail","6":"product_cat-jaatmete-liigiti-kogumise-prugikastid","7":"product_cat-tanava-ja-pargiprugikastid","9":"first","10":"instock","11":"taxable","12":"shipping-taxable","13":"purchasable","14":"product-type-simple"},"_links":{"self":[{"href":"https:\/\/eco-market24.com\/et\/wp-json\/wp\/v2\/product\/1595","targetHints":{"allow":["GET"]}}],"collection":[{"href":"https:\/\/eco-market24.com\/et\/wp-json\/wp\/v2\/product"}],"about":[{"href":"https:\/\/eco-market24.com\/et\/wp-json\/wp\/v2\/types\/product"}],"replies":[{"embeddable":true,"href":"https:\/\/eco-market24.com\/et\/wp-json\/wp\/v2\/comments?post=1595"}],"wp:featuredmedia":[{"embeddable":true,"href":"https:\/\/eco-market24.com\/et\/wp-json\/wp\/v2\/media\/1894"}],"wp:attachment":[{"href":"https:\/\/eco-market24.com\/et\/wp-json\/wp\/v2\/media?parent=1595"}],"wp:term":[{"taxonomy":"product_brand","embeddable":true,"href":"https:\/\/eco-market24.com\/et\/wp-json\/wp\/v2\/product_brand?post=1595"},{"taxonomy":"product_cat","embeddable":true,"href":"https:\/\/eco-market24.com\/et\/wp-json\/wp\/v2\/product_cat?post=1595"},{"taxonomy":"product_tag","embeddable":true,"href":"https:\/\/eco-market24.com\/et\/wp-json\/wp\/v2\/product_tag?post=1595"}],"curies":[{"name":"wp","href":"https:\/\/api.w.org\/{rel}","templated":true}]}}